{"id":1253,"date":"2024-09-24T09:10:04","date_gmt":"2024-09-24T09:10:04","guid":{"rendered":"https:\/\/modinatheme.com\/visaland\/?page_id=1253"},"modified":"2025-09-12T23:11:57","modified_gmt":"2025-09-12T23:11:57","slug":"faqs","status":"publish","type":"page","link":"http:\/\/elcaminocanada.com\/es\/faqs\/","title":{"rendered":"FAQ&#8217;s"},"content":{"rendered":"<div data-elementor-type=\"wp-page\" data-elementor-id=\"1253\" class=\"elementor elementor-1253\">\n\t\t\t\t<div class=\"elementor-element elementor-element-4c67404 e-flex e-con-boxed e-con e-parent\" data-id=\"4c67404\" data-element_type=\"container\">\n\t\t\t\t\t<div class=\"e-con-inner\">\n\t\t<div class=\"elementor-element elementor-element-5fc7f40 e-con-full e-flex e-con e-child\" data-id=\"5fc7f40\" data-element_type=\"container\">\n\t\t\t\t<div class=\"elementor-element elementor-element-0a69443 elementor-widget elementor-widget-visaland-heading-title-widget\" data-id=\"0a69443\" data-element_type=\"widget\" data-widget_type=\"visaland-heading-title-widget.default\">\n\t\t\t\t<div class=\"elementor-widget-container\">\n\t\t\t\t\t\r\n\t\r\n\r\n\t<div class=\"section-title\">\r\n\t\t<span class=\"wow fadeInUp\">FAQ's<\/span>\r\n\t\t<h2 class=\"title-anim\">\r\n\t\t\tFrequently Asked Questions\t\t<\/h2>\r\n\t<\/div>\r\n\r\n\t\r\n             \r\n\t\t\t\t\t\t<\/div>\n\t\t\t\t<\/div>\n\t\t\t\t<div class=\"elementor-element elementor-element-427ba42 elementor-widget elementor-widget-text-editor\" data-id=\"427ba42\" data-element_type=\"widget\" data-widget_type=\"text-editor.default\">\n\t\t\t\t<div class=\"elementor-widget-container\">\n\t\t\t\t\t\t\t\t\tFind answers to common questions about Canadian immigration, LMIA, temporary permits, visas, and PR processes. <br>Clear, concise guidance to help you navigate your journey with confidence.\t\t\t\t\t\t\t\t<\/div>\n\t\t\t\t<\/div>\n\t\t\t\t<div class=\"elementor-element elementor-element-1b310c1 elementor-widget elementor-widget-visaland-theme-button-widget\" data-id=\"1b310c1\" data-element_type=\"widget\" data-widget_type=\"visaland-theme-button-widget.default\">\n\t\t\t\t<div class=\"elementor-widget-container\">\n\t\t\t\t\t\r\n\t\r\n\r\n\t<div class=\"about-button wow fadeInUp\" data-wow-delay=\".8s\">\r\n\t\t<a href=\"http:\/\/elcaminocanada.com\/es\/about\/\" class=\"theme-btn\">\r\n\t\t\t<span>\r\n\t\t\tLea M\u00e1s\t\t\t\t<i class=\"fas fa-chevron-right\"><\/i>\r\n\t\t\t<\/span>\r\n\t\t<\/a>\r\n\t<\/div>\r\n\r\n\t\r\n\r\n             \r\n\t\t\t\t\t\t<\/div>\n\t\t\t\t<\/div>\n\t\t\t\t<\/div>\n\t\t<div class=\"elementor-element elementor-element-c4f21d9 e-con-full e-flex e-con e-child\" data-id=\"c4f21d9\" data-element_type=\"container\">\n\t\t\t\t<div class=\"elementor-element elementor-element-e161743 elementor-widget elementor-widget-visaland-theme-accordion-widget\" data-id=\"e161743\" data-element_type=\"widget\" data-widget_type=\"visaland-theme-accordion-widget.default\">\n\t\t\t\t<div class=\"elementor-widget-container\">\n\t\t\t\t\t\r\n\t\r\n<div class=\"faq-content\">\r\n\t<div class=\"faq-accordion\">\r\n\t\t<div class=\"accordion\" id=\"accordion\">\r\n\t\t\t\t\t\t<div class=\"accordion-item wow fadeInUp\" data-wow-delay=\".5s\">\r\n\t\t\t\t<h4 class=\"accordion-header\">\r\n\t\t\t\t\t<button class=\"accordion-button\" type=\"button\" data-bs-toggle=\"collapse\" data-bs-target=\"#faq20\" aria-expanded=\"true\" aria-controls=\"faq20\">\r\n\t\t\t\t\t\t\u00bfQu\u00e9 es una LMIA y por qu\u00e9 es necesaria?\t\t\t\t\t<\/button>\r\n\t\t\t\t<\/h4>\r\n\t\t\t\t<div id=\"faq20\" class=\"accordion-collapse collapse\" data-bs-parent=\"#accordion\">\r\n\t\t\t\t\t<div class=\"accordion-body\">\r\n\t\t\t\t\t\tUna LMIA (Evaluaci\u00f3n de Impacto en el Mercado Laboral) es un documento emitido por Empleo y Desarrollo Social Canad\u00e1 (ESDC) que confirma que existe la necesidad de un trabajador extranjero para ocupar un puesto de trabajo y que ning\u00fan ciudadano canadiense ni residente permanente est\u00e1 disponible para hacerlo. En la mayor\u00eda de los casos, se requiere una LMIA positiva antes de que un extranjero pueda solicitar un permiso de trabajo. \t\t\t\t\t<\/div>\r\n\t\t\t\t<\/div>\r\n\t\t\t<\/div>\r\n\t\t\t\t\t\t<div class=\"accordion-item wow fadeInUp\" data-wow-delay=\".5s\">\r\n\t\t\t\t<h4 class=\"accordion-header\">\r\n\t\t\t\t\t<button class=\"accordion-button\" type=\"button\" data-bs-toggle=\"collapse\" data-bs-target=\"#faq21\" aria-expanded=\"true\" aria-controls=\"faq21\">\r\n\t\t\t\t\t\t\u00bfQu\u00e9 son los permisos de trabajo exentos de LMIA y qui\u00e9n califica?\t\t\t\t\t<\/button>\r\n\t\t\t\t<\/h4>\r\n\t\t\t\t<div id=\"faq21\" class=\"accordion-collapse collapse show\" data-bs-parent=\"#accordion\">\r\n\t\t\t\t\t<div class=\"accordion-body\">\r\n\t\t\t\t\t\tLos permisos de trabajo exentos de la LMIA se enmarcan en el Programa de Movilidad Internacional (IMP) y est\u00e1n disponibles para trabajadores extranjeros en categor\u00edas espec\u00edficas, como personas transferidas dentro de una misma empresa, participantes en programas rec\u00edprocos (por ejemplo, programas de vacaciones y trabajo), profesionales bajo tratados de libre comercio, entre otros. Estos permisos tienen como objetivo promover los intereses econ\u00f3micos, sociales y culturales de Canad\u00e1. \t\t\t\t\t<\/div>\r\n\t\t\t\t<\/div>\r\n\t\t\t<\/div>\r\n\t\t\t\t\t\t<div class=\"accordion-item wow fadeInUp\" data-wow-delay=\".5s\">\r\n\t\t\t\t<h4 class=\"accordion-header\">\r\n\t\t\t\t\t<button class=\"accordion-button\" type=\"button\" data-bs-toggle=\"collapse\" data-bs-target=\"#faq22\" aria-expanded=\"true\" aria-controls=\"faq22\">\r\n\t\t\t\t\t\t\u00bfCu\u00e1l es el tiempo de procesamiento t\u00edpico para las solicitudes de LMIA y permisos de trabajo?\t\t\t\t\t<\/button>\r\n\t\t\t\t<\/h4>\r\n\t\t\t\t<div id=\"faq22\" class=\"accordion-collapse collapse\" data-bs-parent=\"#accordion\">\r\n\t\t\t\t\t<div class=\"accordion-body\">\r\n\t\t\t\t\t\t1. LMIA processing: 12 to 25 weeks (may vary depending on stream and region)<br>\n2. Work permit processing: 2 to 3 months (depending on the visa office and completeness of the application)\t\t\t\t\t<\/div>\r\n\t\t\t\t<\/div>\r\n\t\t\t<\/div>\r\n\t\t\t\t\t\t<div class=\"accordion-item wow fadeInUp\" data-wow-delay=\".5s\">\r\n\t\t\t\t<h4 class=\"accordion-header\">\r\n\t\t\t\t\t<button class=\"accordion-button\" type=\"button\" data-bs-toggle=\"collapse\" data-bs-target=\"#faq23\" aria-expanded=\"true\" aria-controls=\"faq23\">\r\n\t\t\t\t\t\tWho can I sponsor under the family class?\t\t\t\t\t<\/button>\r\n\t\t\t\t<\/h4>\r\n\t\t\t\t<div id=\"faq23\" class=\"accordion-collapse collapse\" data-bs-parent=\"#accordion\">\r\n\t\t\t\t\t<div class=\"accordion-body\">\r\n\t\t\t\t\t\tYou can sponsor your: Spouse (legally married partner) Common-law partner (lived together for at least 12 consecutive months) Conjugal partner (if you are unable to live together due to circumstances beyond your control) Dependent children (under 22 years of age and not married or in a common-law relationship)\t\t\t\t\t<\/div>\r\n\t\t\t\t<\/div>\r\n\t\t\t<\/div>\r\n\t\t\t\t\t\t<div class=\"accordion-item wow fadeInUp\" data-wow-delay=\".5s\">\r\n\t\t\t\t<h4 class=\"accordion-header\">\r\n\t\t\t\t\t<button class=\"accordion-button\" type=\"button\" data-bs-toggle=\"collapse\" data-bs-target=\"#faq24\" aria-expanded=\"true\" aria-controls=\"faq24\">\r\n\t\t\t\t\t\tCan I sponsor my boyfriend or girlfriend?\t\t\t\t\t<\/button>\r\n\t\t\t\t<\/h4>\r\n\t\t\t\t<div id=\"faq24\" class=\"accordion-collapse collapse\" data-bs-parent=\"#accordion\">\r\n\t\t\t\t\t<div class=\"accordion-body\">\r\n\t\t\t\t\t\t\nSolo si cumplen los requisitos para ser pareja de hecho o pareja conyugal. Canad\u00e1 no permite el apadrinamiento basado \u00fanicamente en relaciones de pareja.\t\t\t\t\t<\/div>\r\n\t\t\t\t<\/div>\r\n\t\t\t<\/div>\r\n\t\t\t\t\t\t<div class=\"accordion-item wow fadeInUp\" data-wow-delay=\".5s\">\r\n\t\t\t\t<h4 class=\"accordion-header\">\r\n\t\t\t\t\t<button class=\"accordion-button\" type=\"button\" data-bs-toggle=\"collapse\" data-bs-target=\"#faq25\" aria-expanded=\"true\" aria-controls=\"faq25\">\r\n\t\t\t\t\t\tDo I need to meet a minimum income to sponsor?\t\t\t\t\t<\/button>\r\n\t\t\t\t<\/h4>\r\n\t\t\t\t<div id=\"faq25\" class=\"accordion-collapse collapse\" data-bs-parent=\"#accordion\">\r\n\t\t\t\t\t<div class=\"accordion-body\">\r\n\t\t\t\t\t\t\nNo existe un requisito de ingresos m\u00ednimos para apadrinar a un c\u00f3nyuge, pareja o hijo a cargo (salvo en los casos en que el hijo tenga un hijo propio). Sin embargo, debes demostrar la capacidad de mantener a la persona o personas apadrinadas sin ayuda social.\t\t\t\t\t<\/div>\r\n\t\t\t\t<\/div>\r\n\t\t\t<\/div>\r\n\t\t\t\t\t\t<div class=\"accordion-item wow fadeInUp\" data-wow-delay=\".5s\">\r\n\t\t\t\t<h4 class=\"accordion-header\">\r\n\t\t\t\t\t<button class=\"accordion-button\" type=\"button\" data-bs-toggle=\"collapse\" data-bs-target=\"#faq26\" aria-expanded=\"true\" aria-controls=\"faq26\">\r\n\t\t\t\t\t\tCan I apply for citizenship if I have been a permanent resident for less than five years?\t\t\t\t\t<\/button>\r\n\t\t\t\t<\/h4>\r\n\t\t\t\t<div id=\"faq26\" class=\"accordion-collapse collapse\" data-bs-parent=\"#accordion\">\r\n\t\t\t\t\t<div class=\"accordion-body\">\r\n\t\t\t\t\t\t\n\nS\u00ed, siempre que haya estado f\u00edsicamente presente en Canad\u00e1 durante al menos 1.095 d\u00edas en los \u00faltimos 5 a\u00f1os, puede optar a solicitarlo.\t\t\t\t\t<\/div>\r\n\t\t\t\t<\/div>\r\n\t\t\t<\/div>\r\n\t\t\t\t\t\t<div class=\"accordion-item wow fadeInUp\" data-wow-delay=\".5s\">\r\n\t\t\t\t<h4 class=\"accordion-header\">\r\n\t\t\t\t\t<button class=\"accordion-button\" type=\"button\" data-bs-toggle=\"collapse\" data-bs-target=\"#faq27\" aria-expanded=\"true\" aria-controls=\"faq27\">\r\n\t\t\t\t\t\tDo I need to speak English or French to apply?\t\t\t\t\t<\/button>\r\n\t\t\t\t<\/h4>\r\n\t\t\t\t<div id=\"faq27\" class=\"accordion-collapse collapse\" data-bs-parent=\"#accordion\">\r\n\t\t\t\t\t<div class=\"accordion-body\">\r\n\t\t\t\t\t\t\n\n\nSi tiene entre 18 y 54 a\u00f1os, debe acreditar su competencia ling\u00fc\u00edstica en ingl\u00e9s o franc\u00e9s. Entre los documentos aceptables se incluyen los resultados de pruebas de idiomas o pruebas de haber completado estudios en Canad\u00e1 en ingl\u00e9s o franc\u00e9s.\t\t\t\t\t<\/div>\r\n\t\t\t\t<\/div>\r\n\t\t\t<\/div>\r\n\t\t\t\t\t<\/div>\r\n\t<\/div>\r\n<\/div>\r\n\r\n\t\r\n\r\n\r\n             \r\n\t\t\t\t\t\t<\/div>\n\t\t\t\t<\/div>\n\t\t\t\t<\/div>\n\t\t\t\t\t<\/div>\n\t\t\t\t<\/div>\n\t\t<div class=\"elementor-element elementor-element-cc3659f e-con-full e-flex e-con e-parent\" data-id=\"cc3659f\" data-element_type=\"container\" data-settings=\"{&quot;background_background&quot;:&quot;classic&quot;}\">\n\t\t<div class=\"elementor-element elementor-element-484e05f e-con-full e-flex e-con e-child\" data-id=\"484e05f\" data-element_type=\"container\">\n\t\t\t\t<div class=\"elementor-element elementor-element-addcb85 elementor-widget elementor-widget-heading\" data-id=\"addcb85\" data-element_type=\"widget\" data-widget_type=\"heading.default\">\n\t\t\t\t<div class=\"elementor-widget-container\">\n\t\t\t\t\t<h2 class=\"elementor-heading-title elementor-size-default\">We counsel Employers to hire <br> their foreign workers<\/h2>\t\t\t\t<\/div>\n\t\t\t\t<\/div>\n\t\t\t\t<\/div>\n\t\t<div class=\"elementor-element elementor-element-35afe50 e-con-full e-flex e-con e-child\" data-id=\"35afe50\" data-element_type=\"container\">\n\t\t\t\t<div class=\"elementor-element elementor-element-c23c51a elementor-widget elementor-widget-visaland-theme-button-widget\" data-id=\"c23c51a\" data-element_type=\"widget\" data-widget_type=\"visaland-theme-button-widget.default\">\n\t\t\t\t<div class=\"elementor-widget-container\">\n\t\t\t\t\t\r\n\t\r\n\r\n\t<div class=\"about-button wow fadeInUp\" data-wow-delay=\".8s\">\r\n\t\t<a href=\"http:\/\/elcaminocanada.com\/es\/evaluation\/\" class=\"theme-btn\">\r\n\t\t\t<span>\r\n\t\t\tFormulario del Empleador\t\t\t\t<i class=\"fas fa-chevron-right\"><\/i>\r\n\t\t\t<\/span>\r\n\t\t<\/a>\r\n\t<\/div>\r\n\r\n\t\r\n\r\n             \r\n\t\t\t\t\t\t<\/div>\n\t\t\t\t<\/div>\n\t\t\t\t<\/div>\n\t\t\t\t<\/div>\n\t\t\t\t<\/div>","protected":false},"excerpt":{"rendered":"<p>FAQ&#8217;s Frequently Asked Questions Find answers to common questions about Canadian immigration, LMIA, temporary permits, visas, and PR processes. Clear, concise guidance to help you navigate your journey with confidence. Read More What is an LMIA, and why is it necessary? An LMIA (Labour Market Impact Assessment) is a document issued by Employment and Social<\/p>","protected":false},"author":1,"featured_media":0,"parent":0,"menu_order":0,"comment_status":"closed","ping_status":"closed","template":"elementor_header_footer","meta":{"inline_featured_image":false,"footnotes":""},"class_list":["post-1253","page","type-page","status-publish","hentry"],"aioseo_notices":[],"_links":{"self":[{"href":"http:\/\/elcaminocanada.com\/es\/wp-json\/wp\/v2\/pages\/1253","targetHints":{"allow":["GET"]}}],"collection":[{"href":"http:\/\/elcaminocanada.com\/es\/wp-json\/wp\/v2\/pages"}],"about":[{"href":"http:\/\/elcaminocanada.com\/es\/wp-json\/wp\/v2\/types\/page"}],"author":[{"embeddable":true,"href":"http:\/\/elcaminocanada.com\/es\/wp-json\/wp\/v2\/users\/1"}],"replies":[{"embeddable":true,"href":"http:\/\/elcaminocanada.com\/es\/wp-json\/wp\/v2\/comments?post=1253"}],"version-history":[{"count":39,"href":"http:\/\/elcaminocanada.com\/es\/wp-json\/wp\/v2\/pages\/1253\/revisions"}],"predecessor-version":[{"id":4012,"href":"http:\/\/elcaminocanada.com\/es\/wp-json\/wp\/v2\/pages\/1253\/revisions\/4012"}],"wp:attachment":[{"href":"http:\/\/elcaminocanada.com\/es\/wp-json\/wp\/v2\/media?parent=1253"}],"curies":[{"name":"wp","href":"https:\/\/api.w.org\/{rel}","templated":true}]}}