{"id":2881,"date":"2025-03-25T19:10:43","date_gmt":"2025-03-25T19:10:43","guid":{"rendered":"http:\/\/temp.elcaminocanada.com\/?page_id=2881"},"modified":"2025-11-25T14:01:30","modified_gmt":"2025-11-25T22:01:30","slug":"consultation","status":"publish","type":"page","link":"http:\/\/elcaminocanada.com\/es\/consultation\/","title":{"rendered":"Consulta"},"content":{"rendered":"<div data-elementor-type=\"wp-page\" data-elementor-id=\"2881\" class=\"elementor elementor-2881\">\n\t\t\t\t<div class=\"elementor-element elementor-element-b7c013d e-flex e-con-boxed e-con e-parent\" data-id=\"b7c013d\" data-element_type=\"container\" id=\"select\">\n\t\t\t\t\t<div class=\"e-con-inner\">\n\t\t\t\t<div class=\"elementor-element elementor-element-673d7d9 elementor-widget elementor-widget-heading\" data-id=\"673d7d9\" data-element_type=\"widget\" data-widget_type=\"heading.default\">\n\t\t\t\t<div class=\"elementor-widget-container\">\n\t\t\t\t\t<h2 class=\"elementor-heading-title elementor-size-default\">Programe su consulta hoy<\/h2>\t\t\t\t<\/div>\n\t\t\t\t<\/div>\n\t\t\t\t<div class=\"elementor-element elementor-element-fffa379 elementor-widget elementor-widget-heading\" data-id=\"fffa379\" data-element_type=\"widget\" data-widget_type=\"heading.default\">\n\t\t\t\t<div class=\"elementor-widget-container\">\n\t\t\t\t\t<h3 class=\"elementor-heading-title elementor-size-default\">Seleccionar cita<\/h3>\t\t\t\t<\/div>\n\t\t\t\t<\/div>\n\t\t\t\t<div class=\"elementor-element elementor-element-54e8a3c elementor-widget elementor-widget-n-accordion\" data-id=\"54e8a3c\" data-element_type=\"widget\" id=\"elemento-acordeon\" data-settings=\"{&quot;default_state&quot;:&quot;all_collapsed&quot;,&quot;max_items_expended&quot;:&quot;one&quot;,&quot;n_accordion_animation_duration&quot;:{&quot;unit&quot;:&quot;ms&quot;,&quot;size&quot;:400,&quot;sizes&quot;:[]}}\" data-widget_type=\"nested-accordion.default\">\n\t\t\t\t<div class=\"elementor-widget-container\">\n\t\t\t\t\t\t\t<div class=\"e-n-accordion\" aria-label=\"Accordion. Open links with Enter or Space, close with Escape, and navigate with Arrow Keys\">\n\t\t\t\t\t\t<details id=\"e-n-accordion-item-8900\" class=\"e-n-accordion-item\" >\n\t\t\t\t<summary class=\"e-n-accordion-item-title\" data-accordion-index=\"1\" tabindex=\"0\" aria-expanded=\"false\" aria-controls=\"e-n-accordion-item-8900\" >\n\t\t\t\t\t<span class='e-n-accordion-item-title-header'><div class=\"e-n-accordion-item-title-text\"> Consulta en persona <\/div><\/span>\n\t\t\t\t\t\t\t<span class='e-n-accordion-item-title-icon'>\n\t\t\t<span class='e-opened' ><svg aria-hidden=\"true\" class=\"e-font-icon-svg e-fas-minus\" viewbox=\"0 0 448 512\" xmlns=\"http:\/\/www.w3.org\/2000\/svg\"><path d=\"M416 208H32c-17.67 0-32 14.33-32 32v32c0 17.67 14.33 32 32 32h384c17.67 0 32-14.33 32-32v-32c0-17.67-14.33-32-32-32z\"><\/path><\/svg><\/span>\n\t\t\t<span class='e-closed'><svg aria-hidden=\"true\" class=\"e-font-icon-svg e-fas-plus\" viewbox=\"0 0 448 512\" xmlns=\"http:\/\/www.w3.org\/2000\/svg\"><path d=\"M416 208H272V64c0-17.67-14.33-32-32-32h-32c-17.67 0-32 14.33-32 32v144H32c-17.67 0-32 14.33-32 32v32c0 17.67 14.33 32 32 32h144v144c0 17.67 14.33 32 32 32h32c17.67 0 32-14.33 32-32V304h144c17.67 0 32-14.33 32-32v-32c0-17.67-14.33-32-32-32z\"><\/path><\/svg><\/span>\n\t\t<\/span>\n\n\t\t\t\t\t\t<\/summary>\n\t\t\t\t<div role=\"region\" aria-labelledby=\"e-n-accordion-item-8900\" class=\"elementor-element elementor-element-a19d3dd e-con-full e-flex e-con e-child\" data-id=\"a19d3dd\" data-element_type=\"container\">\n\t\t\t\t<div class=\"elementor-element elementor-element-4dcd72a elementor-widget elementor-widget-html\" data-id=\"4dcd72a\" data-element_type=\"widget\" data-widget_type=\"html.default\">\n\t\t\t\t<div class=\"elementor-widget-container\">\n\t\t\t\t\t<iframe src=\"https:\/\/app.acuityscheduling.com\/schedule.php?owner=35599305&owner=35599305&appointmentType=category:In%20Person%20Consultation\" width=\"100%\" height=\"800\" frameborder=\"0\" allow=\"payment\"><\/iframe>\t\t\t\t\t\t\t\t\t\t\t\t\t\t\t\t\t\t\t\t\t\t\t\t\t\t\t\t\t\t\t\t\t<script src=\"https:\/\/embed.acuityscheduling.com\/js\/embed.js\" type=\"text\/javascript\"><\/script>\n\t\t\t\t\t\t\t<\/div>\n\t\t\t\t<\/div>\n\t\t\t\t<\/div>\n\t\t\t\t\t<\/details>\n\t\t\t\t\t\t<details id=\"e-n-accordion-item-8901\" class=\"e-n-accordion-item\" >\n\t\t\t\t<summary class=\"e-n-accordion-item-title\" data-accordion-index=\"2\" tabindex=\"-1\" aria-expanded=\"false\" aria-controls=\"e-n-accordion-item-8901\" >\n\t\t\t\t\t<span class='e-n-accordion-item-title-header'><div class=\"e-n-accordion-item-title-text\"> Consulta por videollamada <\/div><\/span>\n\t\t\t\t\t\t\t<span class='e-n-accordion-item-title-icon'>\n\t\t\t<span class='e-opened' ><svg aria-hidden=\"true\" class=\"e-font-icon-svg e-fas-minus\" viewbox=\"0 0 448 512\" xmlns=\"http:\/\/www.w3.org\/2000\/svg\"><path d=\"M416 208H32c-17.67 0-32 14.33-32 32v32c0 17.67 14.33 32 32 32h384c17.67 0 32-14.33 32-32v-32c0-17.67-14.33-32-32-32z\"><\/path><\/svg><\/span>\n\t\t\t<span class='e-closed'><svg aria-hidden=\"true\" class=\"e-font-icon-svg e-fas-plus\" viewbox=\"0 0 448 512\" xmlns=\"http:\/\/www.w3.org\/2000\/svg\"><path d=\"M416 208H272V64c0-17.67-14.33-32-32-32h-32c-17.67 0-32 14.33-32 32v144H32c-17.67 0-32 14.33-32 32v32c0 17.67 14.33 32 32 32h144v144c0 17.67 14.33 32 32 32h32c17.67 0 32-14.33 32-32V304h144c17.67 0 32-14.33 32-32v-32c0-17.67-14.33-32-32-32z\"><\/path><\/svg><\/span>\n\t\t<\/span>\n\n\t\t\t\t\t\t<\/summary>\n\t\t\t\t<div role=\"region\" aria-labelledby=\"e-n-accordion-item-8901\" class=\"elementor-element elementor-element-346b97a e-con-full e-flex e-con e-child\" data-id=\"346b97a\" data-element_type=\"container\">\n\t\t\t\t<div class=\"elementor-element elementor-element-bd2de44 elementor-widget elementor-widget-html\" data-id=\"bd2de44\" data-element_type=\"widget\" data-widget_type=\"html.default\">\n\t\t\t\t<div class=\"elementor-widget-container\">\n\t\t\t\t\t<iframe src=\"https:\/\/app.acuityscheduling.com\/schedule.php?owner=35599305&owner=35599305&appointmentType=category:Video%20Call%20Consultation\" width=\"100%\" height=\"800\" frameborder=\"0\" allow=\"payment\"><\/iframe>\t\t\t\t\t\t\t\t\t\t\t\t\t\t\t\t\t\t\t\t\t\t\t\t\t\t\t\t\t\t\t\t\t<script src=\"https:\/\/embed.acuityscheduling.com\/js\/embed.js\" type=\"text\/javascript\"><\/script>\n\t\t\t\t\t\t\t<\/div>\n\t\t\t\t<\/div>\n\t\t\t\t<\/div>\n\t\t\t\t\t<\/details>\n\t\t\t\t\t<\/div>\n\t\t\t\t\t\t<\/div>\n\t\t\t\t<\/div>\n\t\t\t\t\t<\/div>\n\t\t\t\t<\/div>\n\t\t<div class=\"elementor-element elementor-element-98908b4 e-flex e-con-boxed e-con e-parent\" data-id=\"98908b4\" data-element_type=\"container\">\n\t\t\t\t\t<div class=\"e-con-inner\">\n\t\t\t\t<div class=\"elementor-element elementor-element-8517dce elementor-widget elementor-widget-text-editor\" data-id=\"8517dce\" data-element_type=\"widget\" data-widget_type=\"text-editor.default\">\n\t\t\t\t<div class=\"elementor-widget-container\">\n\t\t\t\t\t\t\t\t\t<p data-spm-anchor-id=\"a2ty_o01.29997173.0.i30.551ec921DDc3lK\">\u00a1Nos entusiasma trabajar con usted y ayudarle a alcanzar sus metas! Para empezar, siga estos sencillos pasos:<\/p>\t\t\t\t\t\t\t\t<\/div>\n\t\t\t\t<\/div>\n\t\t\t\t<div class=\"elementor-element elementor-element-322fc4b elementor-widget-divider--view-line elementor-widget elementor-widget-divider\" data-id=\"322fc4b\" data-element_type=\"widget\" data-widget_type=\"divider.default\">\n\t\t\t\t<div class=\"elementor-widget-container\">\n\t\t\t\t\t\t\t<div class=\"elementor-divider\">\n\t\t\t<span class=\"elementor-divider-separator\">\n\t\t\t\t\t\t<\/span>\n\t\t<\/div>\n\t\t\t\t\t\t<\/div>\n\t\t\t\t<\/div>\n\t\t\t\t<div class=\"elementor-element elementor-element-177ae66 elementor-widget elementor-widget-heading\" data-id=\"177ae66\" data-element_type=\"widget\" data-widget_type=\"heading.default\">\n\t\t\t\t<div class=\"elementor-widget-container\">\n\t\t\t\t\t<h3 class=\"elementor-heading-title elementor-size-default\">1. Reserve su consulta<\/h3>\t\t\t\t<\/div>\n\t\t\t\t<\/div>\n\t\t\t\t<div class=\"elementor-element elementor-element-05ed769 elementor-widget elementor-widget-text-editor\" data-id=\"05ed769\" data-element_type=\"widget\" data-widget_type=\"text-editor.default\">\n\t\t\t\t<div class=\"elementor-widget-container\">\n\t\t\t\t\t\t\t\t\t<p data-spm-anchor-id=\"a2ty_o01.29997173.0.i31.551ec921DDc3lK\">Seleccione una de las opciones de la secci\u00f3n anterior<\/p>\t\t\t\t\t\t\t\t<\/div>\n\t\t\t\t<\/div>\n\t\t\t\t<div class=\"elementor-element elementor-element-5c2bef8 elementor-widget elementor-widget-heading\" data-id=\"5c2bef8\" data-element_type=\"widget\" data-widget_type=\"heading.default\">\n\t\t\t\t<div class=\"elementor-widget-container\">\n\t\t\t\t\t<h3 class=\"elementor-heading-title elementor-size-default\">2. Elija su opci\u00f3n de pago<\/h3>\t\t\t\t<\/div>\n\t\t\t\t<\/div>\n\t\t\t\t\t<\/div>\n\t\t\t\t<\/div>\n\t\t<div class=\"elementor-element elementor-element-2d6e5fc e-flex e-con-boxed e-con e-parent\" data-id=\"2d6e5fc\" data-element_type=\"container\">\n\t\t\t\t\t<div class=\"e-con-inner\">\n\t\t\t\t<div class=\"elementor-element elementor-element-8d0b670 elementor-widget elementor-widget-text-editor\" data-id=\"8d0b670\" data-element_type=\"widget\" data-widget_type=\"text-editor.default\">\n\t\t\t\t<div class=\"elementor-widget-container\">\n\t\t\t\t\t\t\t\t\t<p>Todos los precios mostrados durante el proceso de registro est\u00e1n en d\u00f3lares canadienses. Se aceptan todas las principales tarjetas de cr\u00e9dito a trav\u00e9s de nuestro sistema de pago seguro.<\/p>\t\t\t\t\t\t\t\t<\/div>\n\t\t\t\t<\/div>\n\t\t\t\t<div class=\"elementor-element elementor-element-f083396 elementor-widget elementor-widget-heading\" data-id=\"f083396\" data-element_type=\"widget\" data-widget_type=\"heading.default\">\n\t\t\t\t<div class=\"elementor-widget-container\">\n\t\t\t\t\t<h3 class=\"elementor-heading-title elementor-size-default\">3. Confirme su cita  <\/h3>\t\t\t\t<\/div>\n\t\t\t\t<\/div>\n\t\t\t\t<div class=\"elementor-element elementor-element-e0dac75 elementor-widget elementor-widget-text-editor\" data-id=\"e0dac75\" data-element_type=\"widget\" data-widget_type=\"text-editor.default\">\n\t\t\t\t<div class=\"elementor-widget-container\">\n\t\t\t\t\t\t\t\t\t<p data-spm-anchor-id=\"a2ty_o01.29997173.0.i35.551ec921DDc3lK\">Una vez confirmada su cita, recibir\u00e1 un correo electr\u00f3nico con un recordatorio amable y todos los enlaces necesarios:<\/p><div class=\"my-2\">\u00a0<\/div><p><em>\u201cPara aprovechar al m\u00e1ximo su tiempo de consulta y poder conocerle mejor con antelaci\u00f3n, le rogamos que nos facilite la siguiente informaci\u00f3n\u201d. <\/em><\/p>\t\t\t\t\t\t\t\t<\/div>\n\t\t\t\t<\/div>\n\t\t\t\t<div class=\"elementor-element elementor-element-e8e7884 elementor-widget elementor-widget-text-editor\" data-id=\"e8e7884\" data-element_type=\"widget\" data-widget_type=\"text-editor.default\">\n\t\t\t\t<div class=\"elementor-widget-container\">\n\t\t\t\t\t\t\t\t\t<ul><li><strong>Ay\u00fadenos a preparar su consulta (seg\u00fan corresponda) <\/strong>:<ul><li>Complete el <strong>Formulario de evaluaci\u00f3n del empleador <\/strong>.<\/li><li>Complete el <strong>Formulario de evaluaci\u00f3n del solicitante <\/strong>.<\/li><li>Complete el <strong>Formulario de evaluaci\u00f3n del patrocinador <\/strong>.<\/li><\/ul><\/li><\/ul><div class=\"my-2\">\u00a0<\/div><p>Estos formularios nos ayudan a adaptar nuestro apoyo a sus necesidades espec\u00edficas, garantizando una sesi\u00f3n productiva y personalizada.<\/p>\t\t\t\t\t\t\t\t<\/div>\n\t\t\t\t<\/div>\n\t\t\t\t<div class=\"elementor-element elementor-element-d2bf843 elementor-widget elementor-widget-heading\" data-id=\"d2bf843\" data-element_type=\"widget\" data-widget_type=\"heading.default\">\n\t\t\t\t<div class=\"elementor-widget-container\">\n\t\t\t\t\t<h3 class=\"elementor-heading-title elementor-size-default\">4. \u00bfListo para su consulta?  <\/h3>\t\t\t\t<\/div>\n\t\t\t\t<\/div>\n\t\t\t\t<div class=\"elementor-element elementor-element-be6619e elementor-widget elementor-widget-text-editor\" data-id=\"be6619e\" data-element_type=\"widget\" data-widget_type=\"text-editor.default\">\n\t\t\t\t<div class=\"elementor-widget-container\">\n\t\t\t\t\t\t\t\t\t<p data-spm-anchor-id=\"a2ty_o01.29997173.0.i37.551ec921DDc3lK\">Solo un aviso: al reservar una consulta, usted confirma que ha le\u00eddo y aceptado nuestros t\u00e9rminos y condiciones.<\/p>\t\t\t\t\t\t\t\t<\/div>\n\t\t\t\t<\/div>\n\t\t\t\t\t<\/div>\n\t\t\t\t<\/div>\n\t\t<div class=\"elementor-element elementor-element-2648a19 e-flex e-con-boxed e-con e-parent\" data-id=\"2648a19\" data-element_type=\"container\">\n\t\t\t\t\t<div class=\"e-con-inner\">\n\t\t\t\t<div class=\"elementor-element elementor-element-2b5716f elementor-widget elementor-widget-heading\" data-id=\"2b5716f\" data-element_type=\"widget\" data-widget_type=\"heading.default\">\n\t\t\t\t<div class=\"elementor-widget-container\">\n\t\t\t\t\t<h3 class=\"elementor-heading-title elementor-size-default\">Elija la opci\u00f3n de consulta que mejor se adapte a usted  <\/h3>\t\t\t\t<\/div>\n\t\t\t\t<\/div>\n\t\t\t\t<div class=\"elementor-element elementor-element-0de93a9 elementor-widget elementor-widget-text-editor\" data-id=\"0de93a9\" data-element_type=\"widget\" data-widget_type=\"text-editor.default\">\n\t\t\t\t<div class=\"elementor-widget-container\">\n\t\t\t\t\t\t\t\t\t<p data-spm-anchor-id=\"a2ty_o01.29997173.0.i59.551e1a6eiorPbK\">Ofrecemos opciones de consulta flexibles para satisfacer sus necesidades, ya sea que se encuentre dentro o fuera de Canad\u00e1, prefiera reuniones en l\u00ednea o en persona y hable ingl\u00e9s, espa\u00f1ol u otros idiomas. Contamos con int\u00e9rpretes disponibles para <strong>Franc\u00e9s, Alem\u00e1n y Ruso <\/strong>(sujeto a disponibilidad).<\/p><p data-spm-anchor-id=\"a2ty_o01.29997173.0.i58.551e1a6eiorPbK\">Cada sesi\u00f3n dura <strong>30 o <\/strong><strong>45 minutos.<\/strong><\/p><p>Eche un vistazo a las opciones que se enumeran aqu\u00ed para encontrar la que mejor se adapte a usted.<\/p>\t\t\t\t\t\t\t\t<\/div>\n\t\t\t\t<\/div>\n\t\t\t\t\t<\/div>\n\t\t\t\t<\/div>\n\t\t<div class=\"elementor-element elementor-element-e1eaec4 e-flex e-con-boxed e-con e-parent\" data-id=\"e1eaec4\" data-element_type=\"container\">\n\t\t\t\t\t<div class=\"e-con-inner\">\n\t\t\t\t<div class=\"elementor-element elementor-element-e0dcfba elementor-widget elementor-widget-heading\" data-id=\"e0dcfba\" data-element_type=\"widget\" data-widget_type=\"heading.default\">\n\t\t\t\t<div class=\"elementor-widget-container\">\n\t\t\t\t\t<h3 class=\"elementor-heading-title elementor-size-default\">Algunos recordatorios amistosos<\/h3>\t\t\t\t<\/div>\n\t\t\t\t<\/div>\n\t\t\t\t<div class=\"elementor-element elementor-element-2cc10ef elementor-widget elementor-widget-text-editor\" data-id=\"2cc10ef\" data-element_type=\"widget\" data-widget_type=\"text-editor.default\">\n\t\t\t\t<div class=\"elementor-widget-container\">\n\t\t\t\t\t\t\t\t\t<ul><li data-spm-anchor-id=\"a2ty_o01.29997173.0.i45.551e20eaLJYHSf\">Completar el cuestionario con anticipaci\u00f3n nos ayuda a aprovechar al m\u00e1ximo su consulta.<\/li><li>Si tiene alguna pregunta o necesita ayuda, no dude en comunicarse con nosotros: \u00a1estamos aqu\u00ed para ayudar!<\/li><\/ul>\t\t\t\t\t\t\t\t<\/div>\n\t\t\t\t<\/div>\n\t\t\t\t<div class=\"elementor-element elementor-element-34d70b9 elementor-widget elementor-widget-heading\" data-id=\"34d70b9\" data-element_type=\"widget\" data-widget_type=\"heading.default\">\n\t\t\t\t<div class=\"elementor-widget-container\">\n\t\t\t\t\t<h3 class=\"elementor-heading-title elementor-size-default\">Reserve su consulta ahora<\/h3>\t\t\t\t<\/div>\n\t\t\t\t<\/div>\n\t\t\t\t<div class=\"elementor-element elementor-element-8924a60 elementor-widget elementor-widget-text-editor\" data-id=\"8924a60\" data-element_type=\"widget\" data-widget_type=\"text-editor.default\">\n\t\t\t\t<div class=\"elementor-widget-container\">\n\t\t\t\t\t\t\t\t\t<p data-spm-anchor-id=\"a2ty_o01.29997173.0.i47.551e20eaLJYHSf\">\u00a1Estamos ansiosos por conocerle y comenzar este viaje juntos!<\/p>\t\t\t\t\t\t\t\t<\/div>\n\t\t\t\t<\/div>\n\t\t\t\t<div class=\"elementor-element elementor-element-5810313 elementor-widget elementor-widget-heading\" data-id=\"5810313\" data-element_type=\"widget\" data-widget_type=\"heading.default\">\n\t\t\t\t<div class=\"elementor-widget-container\">\n\t\t\t\t\t<h2 class=\"elementor-heading-title elementor-size-default\"><a href=\"#select\">Programe su consulta hoy<\/a><\/h2>\t\t\t\t<\/div>\n\t\t\t\t<\/div>\n\t\t\t\t\t<\/div>\n\t\t\t\t<\/div>\n\t\t\t\t<\/div>","protected":false},"excerpt":{"rendered":"<p>Schedule Your Consultation Today Select Appointment In Person Consultation Video Call Consultation We\u2019re excited to work with you and help you achieve your goals! To get started, please follow these simple steps: 1. Book your Consultation Select one of the options from the previous section 2. Choose Your Payment Option All prices shown during the<\/p>","protected":false},"author":1,"featured_media":0,"parent":0,"menu_order":0,"comment_status":"closed","ping_status":"closed","template":"","meta":{"inline_featured_image":false,"footnotes":""},"class_list":["post-2881","page","type-page","status-publish","hentry"],"aioseo_notices":[],"_links":{"self":[{"href":"http:\/\/elcaminocanada.com\/es\/wp-json\/wp\/v2\/pages\/2881","targetHints":{"allow":["GET"]}}],"collection":[{"href":"http:\/\/elcaminocanada.com\/es\/wp-json\/wp\/v2\/pages"}],"about":[{"href":"http:\/\/elcaminocanada.com\/es\/wp-json\/wp\/v2\/types\/page"}],"author":[{"embeddable":true,"href":"http:\/\/elcaminocanada.com\/es\/wp-json\/wp\/v2\/users\/1"}],"replies":[{"embeddable":true,"href":"http:\/\/elcaminocanada.com\/es\/wp-json\/wp\/v2\/comments?post=2881"}],"version-history":[{"count":124,"href":"http:\/\/elcaminocanada.com\/es\/wp-json\/wp\/v2\/pages\/2881\/revisions"}],"predecessor-version":[{"id":4336,"href":"http:\/\/elcaminocanada.com\/es\/wp-json\/wp\/v2\/pages\/2881\/revisions\/4336"}],"wp:attachment":[{"href":"http:\/\/elcaminocanada.com\/es\/wp-json\/wp\/v2\/media?parent=2881"}],"curies":[{"name":"wp","href":"https:\/\/api.w.org\/{rel}","templated":true}]}}