{"id":3030,"date":"2025-04-22T00:26:33","date_gmt":"2025-04-22T00:26:33","guid":{"rendered":"http:\/\/temp.elcaminocanada.com\/?page_id=3030"},"modified":"2025-04-22T00:31:55","modified_gmt":"2025-04-22T00:31:55","slug":"citizenship","status":"publish","type":"page","link":"http:\/\/elcaminocanada.com\/es\/citizenship\/","title":{"rendered":"Ciudadan\u00eda"},"content":{"rendered":"<div data-elementor-type=\"wp-page\" data-elementor-id=\"3030\" class=\"elementor elementor-3030\">\n\t\t\t\t<div class=\"elementor-element elementor-element-78e5227 e-flex e-con-boxed e-con e-parent\" data-id=\"78e5227\" data-element_type=\"container\">\n\t\t\t\t\t<div class=\"e-con-inner\">\n\t\t\t\t<div class=\"elementor-element elementor-element-f85c2e3 elementor-widget elementor-widget-heading\" data-id=\"f85c2e3\" data-element_type=\"widget\" data-widget_type=\"heading.default\">\n\t\t\t\t<div class=\"elementor-widget-container\">\n\t\t\t\t\t<h2 class=\"elementor-heading-title elementor-size-default\">Solicitar la nacionalidad canadiense<\/h2>\t\t\t\t<\/div>\n\t\t\t\t<\/div>\n\t\t\t\t<div class=\"elementor-element elementor-element-bd77b67 elementor-widget elementor-widget-text-editor\" data-id=\"bd77b67\" data-element_type=\"widget\" data-widget_type=\"text-editor.default\">\n\t\t\t\t<div class=\"elementor-widget-container\">\n\t\t\t\t\t\t\t\t\t<p>Convertirse en ciudadano canadiense es un hito importante y el paso final en su viaje de inmigraci\u00f3n. Si es usted <b>Residente permanente<\/b> de Canad\u00e1 y cumple los requisitos de elegibilidad, es posible que pueda solicitar <b>Ciudadan\u00eda canadiense<\/b>. En <b>Servicios de inmigraci\u00f3n El Camino<\/b>nos aseguramos de que su solicitud est\u00e9 completa, sea precisa y se presente de acuerdo con <b>IRCC<\/b> requisitos, minimizando los retrasos y reduciendo el riesgo de rechazo.<\/p>\t\t\t\t\t\t\t\t<\/div>\n\t\t\t\t<\/div>\n\t\t\t\t<div class=\"elementor-element elementor-element-c911106 elementor-widget elementor-widget-heading\" data-id=\"c911106\" data-element_type=\"widget\" data-widget_type=\"heading.default\">\n\t\t\t\t<div class=\"elementor-widget-container\">\n\t\t\t\t\t<h3 class=\"elementor-heading-title elementor-size-default\">Requisitos<\/h3>\t\t\t\t<\/div>\n\t\t\t\t<\/div>\n\t\t\t\t<div class=\"elementor-element elementor-element-380207a elementor-widget elementor-widget-text-editor\" data-id=\"380207a\" data-element_type=\"widget\" data-widget_type=\"text-editor.default\">\n\t\t\t\t<div class=\"elementor-widget-container\">\n\t\t\t\t\t\t\t\t\t<p>Para solicitar la nacionalidad canadiense, debe:<\/p><ul><li>Ser un <b>residente permanente<\/b> de Canad\u00e1<\/li><li>Han sido <b>f\u00edsicamente presente<\/b> en Canad\u00e1 durante al menos <b>1.095 d\u00edas (3 a\u00f1os)<\/b> en los \u00faltimos <b>5 a\u00f1os<\/b><b><\/b><\/li><li>Ha presentado su <b>Impuestos canadienses sobre la renta<\/b> durante al menos <b>3 a\u00f1os<\/b>si as\u00ed lo exige la Ley del Impuesto sobre la Renta<\/li><li>Demostrar <b>conocimiento adecuado de ingl\u00e9s o franc\u00e9s<\/b> (si tiene entre 18 y 54 a\u00f1os)<\/li><li>Pase a <b>prueba de ciudadan\u00eda<\/b> sobre la historia, los valores, las instituciones y los s\u00edmbolos canadienses (si tiene entre 18 y 54 a\u00f1os)<\/li><li>No estar sujeto a una orden de expulsi\u00f3n, ser inadmisible o enfrentarse a determinados procedimientos penales<\/li><\/ul>\t\t\t\t\t\t\t\t<\/div>\n\t\t\t\t<\/div>\n\t\t\t\t<div class=\"elementor-element elementor-element-5162272 elementor-widget elementor-widget-heading\" data-id=\"5162272\" data-element_type=\"widget\" data-widget_type=\"heading.default\">\n\t\t\t\t<div class=\"elementor-widget-container\">\n\t\t\t\t\t<h3 class=\"elementor-heading-title elementor-size-default\">Nuestros servicios incluyen:<\/h3>\t\t\t\t<\/div>\n\t\t\t\t<\/div>\n\t\t\t\t<div class=\"elementor-element elementor-element-68b2629 elementor-widget elementor-widget-text-editor\" data-id=\"68b2629\" data-element_type=\"widget\" data-widget_type=\"text-editor.default\">\n\t\t\t\t<div class=\"elementor-widget-container\">\n\t\t\t\t\t\t\t\t\t<ul><li>Evaluaci\u00f3n de la admisibilidad<\/li><li>Preparaci\u00f3n y revisi\u00f3n de su <b>dossier de candidatura<\/b><b><\/b><\/li><li>Orientaciones sobre <b>c\u00e1lculo de la presencia f\u00edsica<\/b><b><\/b><\/li><li>Asistencia en la recogida <b>documentos justificativos<\/b><b><\/b><\/li><li>Env\u00ede su solicitud a <b>IRCC<\/b><b><\/b><\/li><li>Apoyo continuo, incluida la preparaci\u00f3n para la <b>prueba de ciudadan\u00eda<\/b> y <b>entrevista<\/b>en caso necesario<\/li><\/ul>\t\t\t\t\t\t\t\t<\/div>\n\t\t\t\t<\/div>\n\t\t\t\t<div class=\"elementor-element elementor-element-0a5ceec elementor-widget elementor-widget-heading\" data-id=\"0a5ceec\" data-element_type=\"widget\" data-widget_type=\"heading.default\">\n\t\t\t\t<div class=\"elementor-widget-container\">\n\t\t\t\t\t<h3 class=\"elementor-heading-title elementor-size-default\">Tiempo de procesamiento<\/h3>\t\t\t\t<\/div>\n\t\t\t\t<\/div>\n\t\t\t\t<div class=\"elementor-element elementor-element-e96325d elementor-widget elementor-widget-text-editor\" data-id=\"e96325d\" data-element_type=\"widget\" data-widget_type=\"text-editor.default\">\n\t\t\t\t<div class=\"elementor-widget-container\">\n\t\t\t\t\t\t\t\t\t<p>El tiempo estimado de tramitaci\u00f3n actual de las solicitudes de ciudadan\u00eda canadiense es de:<\/p><p>\ud83d\udd52 <b>De 13 a 15 meses<\/b> (a partir de la fecha en que el IRCC reciba la solicitud completa)<\/p>\t\t\t\t\t\t\t\t<\/div>\n\t\t\t\t<\/div>\n\t\t\t\t<div class=\"elementor-element elementor-element-4802a92 elementor-widget elementor-widget-visaland-theme-accordion-widget\" data-id=\"4802a92\" data-element_type=\"widget\" data-widget_type=\"visaland-theme-accordion-widget.default\">\n\t\t\t\t<div class=\"elementor-widget-container\">\n\t\t\t\t\t\r\n\t\r\n<div class=\"faq-content\">\r\n\t<div class=\"faq-accordion\">\r\n\t\t<div class=\"accordion\" id=\"accordion\">\r\n\t\t\t\t\t\t<div class=\"accordion-item wow fadeInUp\" data-wow-delay=\".5s\">\r\n\t\t\t\t<h4 class=\"accordion-header\">\r\n\t\t\t\t\t<button class=\"accordion-button\" type=\"button\" data-bs-toggle=\"collapse\" data-bs-target=\"#faq20\" aria-expanded=\"true\" aria-controls=\"faq20\">\r\n\t\t\t\t\t\t1. \u00bfPuedo solicitar la nacionalidad si soy residente permanente desde hace menos de cinco a\u00f1os?\t\t\t\t\t<\/button>\r\n\t\t\t\t<\/h4>\r\n\t\t\t\t<div id=\"faq20\" class=\"accordion-collapse collapse\" data-bs-parent=\"#accordion\">\r\n\t\t\t\t\t<div class=\"accordion-body\">\r\n\t\t\t\t\t\tS\u00ed, siempre que haya estado f\u00edsicamente presente en Canad\u00e1 durante al menos 1.095 d\u00edas en los \u00faltimos 5 a\u00f1os, puede optar a solicitarlo.\t\t\t\t\t<\/div>\r\n\t\t\t\t<\/div>\r\n\t\t\t<\/div>\r\n\t\t\t\t\t\t<div class=\"accordion-item wow fadeInUp\" data-wow-delay=\".5s\">\r\n\t\t\t\t<h4 class=\"accordion-header\">\r\n\t\t\t\t\t<button class=\"accordion-button\" type=\"button\" data-bs-toggle=\"collapse\" data-bs-target=\"#faq21\" aria-expanded=\"true\" aria-controls=\"faq21\">\r\n\t\t\t\t\t\t2. \u00bfNecesito hablar ingl\u00e9s o franc\u00e9s para presentar mi candidatura?\t\t\t\t\t<\/button>\r\n\t\t\t\t<\/h4>\r\n\t\t\t\t<div id=\"faq21\" class=\"accordion-collapse collapse show\" data-bs-parent=\"#accordion\">\r\n\t\t\t\t\t<div class=\"accordion-body\">\r\n\t\t\t\t\t\tSi tiene entre 18 y 54 a\u00f1os, debe acreditar su competencia ling\u00fc\u00edstica en ingl\u00e9s o franc\u00e9s. Entre los documentos aceptables se incluyen los resultados de pruebas de idiomas o pruebas de haber completado estudios en Canad\u00e1 en ingl\u00e9s o franc\u00e9s.\t\t\t\t\t<\/div>\r\n\t\t\t\t<\/div>\r\n\t\t\t<\/div>\r\n\t\t\t\t\t\t<div class=\"accordion-item wow fadeInUp\" data-wow-delay=\".5s\">\r\n\t\t\t\t<h4 class=\"accordion-header\">\r\n\t\t\t\t\t<button class=\"accordion-button\" type=\"button\" data-bs-toggle=\"collapse\" data-bs-target=\"#faq22\" aria-expanded=\"true\" aria-controls=\"faq22\">\r\n\t\t\t\t\t\t3. \u00bfTengo que hacer el examen de ciudadan\u00eda?\t\t\t\t\t<\/button>\r\n\t\t\t\t<\/h4>\r\n\t\t\t\t<div id=\"faq22\" class=\"accordion-collapse collapse\" data-bs-parent=\"#accordion\">\r\n\t\t\t\t\t<div class=\"accordion-body\">\r\n\t\t\t\t\t\tS\u00ed, si tienes entre 18 y 54 a\u00f1os, deber\u00e1s realizar un examen de ciudadan\u00eda que abarca la historia, la geograf\u00eda, el gobierno, las leyes y los s\u00edmbolos canadienses.\t\t\t\t\t<\/div>\r\n\t\t\t\t<\/div>\r\n\t\t\t<\/div>\r\n\t\t\t\t\t\t<div class=\"accordion-item wow fadeInUp\" data-wow-delay=\".5s\">\r\n\t\t\t\t<h4 class=\"accordion-header\">\r\n\t\t\t\t\t<button class=\"accordion-button\" type=\"button\" data-bs-toggle=\"collapse\" data-bs-target=\"#faq23\" aria-expanded=\"true\" aria-controls=\"faq23\">\r\n\t\t\t\t\t\t4. \u00bfCu\u00e1nto dura el proceso?\t\t\t\t\t<\/button>\r\n\t\t\t\t<\/h4>\r\n\t\t\t\t<div id=\"faq23\" class=\"accordion-collapse collapse\" data-bs-parent=\"#accordion\">\r\n\t\t\t\t\t<div class=\"accordion-body\">\r\n\t\t\t\t\t\tPor t\u00e9rmino medio, el plazo de tramitaci\u00f3n es de 13 a 15 meses a partir de la fecha en que el IRCC recibe una solicitud completa. Los plazos pueden variar en funci\u00f3n del volumen de solicitudes y de la complejidad de cada caso.\t\t\t\t\t<\/div>\r\n\t\t\t\t<\/div>\r\n\t\t\t<\/div>\r\n\t\t\t\t\t\t<div class=\"accordion-item wow fadeInUp\" data-wow-delay=\".5s\">\r\n\t\t\t\t<h4 class=\"accordion-header\">\r\n\t\t\t\t\t<button class=\"accordion-button\" type=\"button\" data-bs-toggle=\"collapse\" data-bs-target=\"#faq24\" aria-expanded=\"true\" aria-controls=\"faq24\">\r\n\t\t\t\t\t\t5. \u00bfPuede El Camino ayudarme a calcular mis d\u00edas de presencia f\u00edsica?\t\t\t\t\t<\/button>\r\n\t\t\t\t<\/h4>\r\n\t\t\t\t<div id=\"faq24\" class=\"accordion-collapse collapse\" data-bs-parent=\"#accordion\">\r\n\t\t\t\t\t<div class=\"accordion-body\">\r\n\t\t\t\t\t\tS\u00ed. Le ayudaremos a rellenar con precisi\u00f3n la calculadora de presencia f\u00edsica y nos aseguraremos de que sus d\u00edas en Canad\u00e1 cumplen los requisitos del IRCC.\t\t\t\t\t<\/div>\r\n\t\t\t\t<\/div>\r\n\t\t\t<\/div>\r\n\t\t\t\t\t\t<div class=\"accordion-item wow fadeInUp\" data-wow-delay=\".5s\">\r\n\t\t\t\t<h4 class=\"accordion-header\">\r\n\t\t\t\t\t<button class=\"accordion-button\" type=\"button\" data-bs-toggle=\"collapse\" data-bs-target=\"#faq25\" aria-expanded=\"true\" aria-controls=\"faq25\">\r\n\t\t\t\t\t\t6. \u00bfQu\u00e9 ocurre despu\u00e9s de presentar la solicitud?\t\t\t\t\t<\/button>\r\n\t\t\t\t<\/h4>\r\n\t\t\t\t<div id=\"faq25\" class=\"accordion-collapse collapse\" data-bs-parent=\"#accordion\">\r\n\t\t\t\t\t<div class=\"accordion-body\">\r\n\t\t\t\t\t\tDespu\u00e9s de presentar su solicitud\nEl IRCC enviar\u00e1 un acuse de recibo\nEs posible que se le pida que asista a una prueba de ciudadan\u00eda y a una entrevista\nRecibir\u00e1 una notificaci\u00f3n para la ceremonia de concesi\u00f3n de la nacionalidad una vez aprobada.\t\t\t\t\t<\/div>\r\n\t\t\t\t<\/div>\r\n\t\t\t<\/div>\r\n\t\t\t\t\t\t<div class=\"accordion-item wow fadeInUp\" data-wow-delay=\".5s\">\r\n\t\t\t\t<h4 class=\"accordion-header\">\r\n\t\t\t\t\t<button class=\"accordion-button\" type=\"button\" data-bs-toggle=\"collapse\" data-bs-target=\"#faq26\" aria-expanded=\"true\" aria-controls=\"faq26\">\r\n\t\t\t\t\t\t7. \u00bfPuedo viajar mientras se tramita mi solicitud de nacionalidad?\t\t\t\t\t<\/button>\r\n\t\t\t\t<\/h4>\r\n\t\t\t\t<div id=\"faq26\" class=\"accordion-collapse collapse\" data-bs-parent=\"#accordion\">\r\n\t\t\t\t\t<div class=\"accordion-body\">\r\n\t\t\t\t\t\tS\u00ed, pero debe seguir siendo residente permanente y mantener v\u00ednculos con Canad\u00e1. Es importante notificar al IRCC cualquier cambio de domicilio o de viaje.\t\t\t\t\t<\/div>\r\n\t\t\t\t<\/div>\r\n\t\t\t<\/div>\r\n\t\t\t\t\t<\/div>\r\n\t<\/div>\r\n<\/div>\r\n\r\n\t\r\n\r\n\r\n             \r\n\t\t\t\t\t\t<\/div>\n\t\t\t\t<\/div>\n\t\t\t\t\t<\/div>\n\t\t\t\t<\/div>\n\t\t\t\t<\/div>","protected":false},"excerpt":{"rendered":"<p>Apply for Canadian Citizenship Becoming a Canadian citizen is a significant milestone and the final step in your immigration journey. If you are a Permanent Resident of Canada and meet the eligibility requirements, you may be able to apply for Canadian citizenship. At El Camino Immigration Services, we ensure that your application is complete, accurate,<\/p>","protected":false},"author":1,"featured_media":0,"parent":0,"menu_order":0,"comment_status":"closed","ping_status":"closed","template":"","meta":{"inline_featured_image":false,"footnotes":""},"class_list":["post-3030","page","type-page","status-publish","hentry"],"aioseo_notices":[],"_links":{"self":[{"href":"http:\/\/elcaminocanada.com\/es\/wp-json\/wp\/v2\/pages\/3030","targetHints":{"allow":["GET"]}}],"collection":[{"href":"http:\/\/elcaminocanada.com\/es\/wp-json\/wp\/v2\/pages"}],"about":[{"href":"http:\/\/elcaminocanada.com\/es\/wp-json\/wp\/v2\/types\/page"}],"author":[{"embeddable":true,"href":"http:\/\/elcaminocanada.com\/es\/wp-json\/wp\/v2\/users\/1"}],"replies":[{"embeddable":true,"href":"http:\/\/elcaminocanada.com\/es\/wp-json\/wp\/v2\/comments?post=3030"}],"version-history":[{"count":7,"href":"http:\/\/elcaminocanada.com\/es\/wp-json\/wp\/v2\/pages\/3030\/revisions"}],"predecessor-version":[{"id":3038,"href":"http:\/\/elcaminocanada.com\/es\/wp-json\/wp\/v2\/pages\/3030\/revisions\/3038"}],"wp:attachment":[{"href":"http:\/\/elcaminocanada.com\/es\/wp-json\/wp\/v2\/media?parent=3030"}],"curies":[{"name":"wp","href":"https:\/\/api.w.org\/{rel}","templated":true}]}}