{"id":1253,"date":"2024-09-24T09:10:04","date_gmt":"2024-09-24T09:10:04","guid":{"rendered":"https:\/\/modinatheme.com\/visaland\/?page_id=1253"},"modified":"2025-09-12T23:11:57","modified_gmt":"2025-09-12T23:11:57","slug":"faqs","status":"publish","type":"page","link":"http:\/\/elcaminocanada.com\/fr\/faqs\/","title":{"rendered":"FAQ"},"content":{"rendered":"<div data-elementor-type=\"wp-page\" data-elementor-id=\"1253\" class=\"elementor elementor-1253\">\n\t\t\t\t<div class=\"elementor-element elementor-element-4c67404 e-flex e-con-boxed e-con e-parent\" data-id=\"4c67404\" data-element_type=\"container\">\n\t\t\t\t\t<div class=\"e-con-inner\">\n\t\t<div class=\"elementor-element elementor-element-5fc7f40 e-con-full e-flex e-con e-child\" data-id=\"5fc7f40\" data-element_type=\"container\">\n\t\t\t\t<div class=\"elementor-element elementor-element-0a69443 elementor-widget elementor-widget-visaland-heading-title-widget\" data-id=\"0a69443\" data-element_type=\"widget\" data-widget_type=\"visaland-heading-title-widget.default\">\n\t\t\t\t<div class=\"elementor-widget-container\">\n\t\t\t\t\t\r\n\t\r\n\r\n\t<div class=\"section-title\">\r\n\t\t<span class=\"wow fadeInUp\">FAQ<\/span>\r\n\t\t<h2 class=\"title-anim\">\r\n\t\t\tQuestions fr\u00e9quemment pos\u00e9es\t\t<\/h2>\r\n\t<\/div>\r\n\r\n\t\r\n             \r\n\t\t\t\t\t\t<\/div>\n\t\t\t\t<\/div>\n\t\t\t\t<div class=\"elementor-element elementor-element-427ba42 elementor-widget elementor-widget-text-editor\" data-id=\"427ba42\" data-element_type=\"widget\" data-widget_type=\"text-editor.default\">\n\t\t\t\t<div class=\"elementor-widget-container\">\n\t\t\t\t\t\t\t\t\tTrouvez les r\u00e9ponses aux questions les plus courantes sur l'immigration canadienne, l'EMILE, les permis temporaires, les visas et les proc\u00e9dures de relations publiques. <br>Des conseils clairs et concis pour vous aider \u00e0 naviguer en toute confiance.\t\t\t\t\t\t\t\t<\/div>\n\t\t\t\t<\/div>\n\t\t\t\t<div class=\"elementor-element elementor-element-1b310c1 elementor-widget elementor-widget-visaland-theme-button-widget\" data-id=\"1b310c1\" data-element_type=\"widget\" data-widget_type=\"visaland-theme-button-widget.default\">\n\t\t\t\t<div class=\"elementor-widget-container\">\n\t\t\t\t\t\r\n\t\r\n\r\n\t<div class=\"about-button wow fadeInUp\" data-wow-delay=\".8s\">\r\n\t\t<a href=\"http:\/\/elcaminocanada.com\/fr\/about\/\" class=\"theme-btn\">\r\n\t\t\t<span>\r\n\t\t\tLire la suite\t\t\t\t<i class=\"fas fa-chevron-right\"><\/i>\r\n\t\t\t<\/span>\r\n\t\t<\/a>\r\n\t<\/div>\r\n\r\n\t\r\n\r\n             \r\n\t\t\t\t\t\t<\/div>\n\t\t\t\t<\/div>\n\t\t\t\t<\/div>\n\t\t<div class=\"elementor-element elementor-element-c4f21d9 e-con-full e-flex e-con e-child\" data-id=\"c4f21d9\" data-element_type=\"container\">\n\t\t\t\t<div class=\"elementor-element elementor-element-e161743 elementor-widget elementor-widget-visaland-theme-accordion-widget\" data-id=\"e161743\" data-element_type=\"widget\" data-widget_type=\"visaland-theme-accordion-widget.default\">\n\t\t\t\t<div class=\"elementor-widget-container\">\n\t\t\t\t\t\r\n\t\r\n<div class=\"faq-content\">\r\n\t<div class=\"faq-accordion\">\r\n\t\t<div class=\"accordion\" id=\"accordion\">\r\n\t\t\t\t\t\t<div class=\"accordion-item wow fadeInUp\" data-wow-delay=\".5s\">\r\n\t\t\t\t<h4 class=\"accordion-header\">\r\n\t\t\t\t\t<button class=\"accordion-button\" type=\"button\" data-bs-toggle=\"collapse\" data-bs-target=\"#faq20\" aria-expanded=\"true\" aria-controls=\"faq20\">\r\n\t\t\t\t\t\tQu'est-ce qu'une EIMT et pourquoi est-elle n\u00e9cessaire ?\t\t\t\t\t<\/button>\r\n\t\t\t\t<\/h4>\r\n\t\t\t\t<div id=\"faq20\" class=\"accordion-collapse collapse\" data-bs-parent=\"#accordion\">\r\n\t\t\t\t\t<div class=\"accordion-body\">\r\n\t\t\t\t\t\tUne EIMT (\u00e9tude d'impact sur le march\u00e9 du travail) est un document d\u00e9livr\u00e9 par Emploi et D\u00e9veloppement social Canada (EDSC) qui confirme qu'un travailleur \u00e9tranger est n\u00e9cessaire pour occuper un emploi et qu'aucun citoyen canadien ou r\u00e9sident permanent n'est disponible pour le faire. Dans la plupart des cas, une EIMT positive est n\u00e9cessaire avant qu'un ressortissant \u00e9tranger puisse demander un permis de travail. \t\t\t\t\t<\/div>\r\n\t\t\t\t<\/div>\r\n\t\t\t<\/div>\r\n\t\t\t\t\t\t<div class=\"accordion-item wow fadeInUp\" data-wow-delay=\".5s\">\r\n\t\t\t\t<h4 class=\"accordion-header\">\r\n\t\t\t\t\t<button class=\"accordion-button\" type=\"button\" data-bs-toggle=\"collapse\" data-bs-target=\"#faq21\" aria-expanded=\"true\" aria-controls=\"faq21\">\r\n\t\t\t\t\t\tQu'est-ce qu'un permis de travail exempt\u00e9 de l'AIMT et qui peut en b\u00e9n\u00e9ficier ?\t\t\t\t\t<\/button>\r\n\t\t\t\t<\/h4>\r\n\t\t\t\t<div id=\"faq21\" class=\"accordion-collapse collapse show\" data-bs-parent=\"#accordion\">\r\n\t\t\t\t\t<div class=\"accordion-body\">\r\n\t\t\t\t\t\tLes permis de travail exempt\u00e9s de l'EIMT rel\u00e8vent du Programme de mobilit\u00e9 internationale (PMI) et sont accessibles aux travailleurs \u00e9trangers appartenant \u00e0 des cat\u00e9gories sp\u00e9cifiques, telles que les personnes transf\u00e9r\u00e9es \u00e0 l'int\u00e9rieur d'une entreprise, les participants \u00e0 des programmes de r\u00e9ciprocit\u00e9 (par exemple, vacances-travail), les professionnels dans le cadre d'accords de libre-\u00e9change, et autres. Ces permis sont destin\u00e9s \u00e0 promouvoir les int\u00e9r\u00eats \u00e9conomiques, sociaux et culturels du Canada. \t\t\t\t\t<\/div>\r\n\t\t\t\t<\/div>\r\n\t\t\t<\/div>\r\n\t\t\t\t\t\t<div class=\"accordion-item wow fadeInUp\" data-wow-delay=\".5s\">\r\n\t\t\t\t<h4 class=\"accordion-header\">\r\n\t\t\t\t\t<button class=\"accordion-button\" type=\"button\" data-bs-toggle=\"collapse\" data-bs-target=\"#faq22\" aria-expanded=\"true\" aria-controls=\"faq22\">\r\n\t\t\t\t\t\tQuel est le d\u00e9lai de traitement habituel des demandes d'AIMT et de permis de travail ?\t\t\t\t\t<\/button>\r\n\t\t\t\t<\/h4>\r\n\t\t\t\t<div id=\"faq22\" class=\"accordion-collapse collapse\" data-bs-parent=\"#accordion\">\r\n\t\t\t\t\t<div class=\"accordion-body\">\r\n\t\t\t\t\t\t1. Traitement de l'EIDM : 12 \u00e0 25 semaines (peut varier en fonction de la fili\u00e8re et de la r\u00e9gion)<br>\n2. Traitement du permis de travail : 2 \u00e0 3 mois (selon le bureau des visas et le caract\u00e8re complet de la demande)\t\t\t\t\t<\/div>\r\n\t\t\t\t<\/div>\r\n\t\t\t<\/div>\r\n\t\t\t\t\t\t<div class=\"accordion-item wow fadeInUp\" data-wow-delay=\".5s\">\r\n\t\t\t\t<h4 class=\"accordion-header\">\r\n\t\t\t\t\t<button class=\"accordion-button\" type=\"button\" data-bs-toggle=\"collapse\" data-bs-target=\"#faq23\" aria-expanded=\"true\" aria-controls=\"faq23\">\r\n\t\t\t\t\t\tQui puis-je parrainer au titre de la cat\u00e9gorie familiale ?\t\t\t\t\t<\/button>\r\n\t\t\t\t<\/h4>\r\n\t\t\t\t<div id=\"faq23\" class=\"accordion-collapse collapse\" data-bs-parent=\"#accordion\">\r\n\t\t\t\t\t<div class=\"accordion-body\">\r\n\t\t\t\t\t\tVous pouvez parrainer votre : Conjoint (partenaire l\u00e9galement mari\u00e9) Conjoint de fait (ayant v\u00e9cu ensemble pendant au moins 12 mois cons\u00e9cutifs) Partenaire conjugal (si vous ne pouvez pas vivre ensemble en raison de circonstances ind\u00e9pendantes de votre volont\u00e9) Enfants \u00e0 charge (\u00e2g\u00e9s de moins de 22 ans et n'\u00e9tant ni mari\u00e9s ni en union libre)\t\t\t\t\t<\/div>\r\n\t\t\t\t<\/div>\r\n\t\t\t<\/div>\r\n\t\t\t\t\t\t<div class=\"accordion-item wow fadeInUp\" data-wow-delay=\".5s\">\r\n\t\t\t\t<h4 class=\"accordion-header\">\r\n\t\t\t\t\t<button class=\"accordion-button\" type=\"button\" data-bs-toggle=\"collapse\" data-bs-target=\"#faq24\" aria-expanded=\"true\" aria-controls=\"faq24\">\r\n\t\t\t\t\t\tPuis-je parrainer mon petit ami ou ma petite amie ?\t\t\t\t\t<\/button>\r\n\t\t\t\t<\/h4>\r\n\t\t\t\t<div id=\"faq24\" class=\"accordion-collapse collapse\" data-bs-parent=\"#accordion\">\r\n\t\t\t\t\t<div class=\"accordion-body\">\r\n\t\t\t\t\t\t\nSeulement si vous \u00eates consid\u00e9r\u00e9s comme des conjoints de fait ou des partenaires conjugaux. Le Canada n'autorise pas le parrainage sur la base de relations amoureuses uniquement.\t\t\t\t\t<\/div>\r\n\t\t\t\t<\/div>\r\n\t\t\t<\/div>\r\n\t\t\t\t\t\t<div class=\"accordion-item wow fadeInUp\" data-wow-delay=\".5s\">\r\n\t\t\t\t<h4 class=\"accordion-header\">\r\n\t\t\t\t\t<button class=\"accordion-button\" type=\"button\" data-bs-toggle=\"collapse\" data-bs-target=\"#faq25\" aria-expanded=\"true\" aria-controls=\"faq25\">\r\n\t\t\t\t\t\tDois-je disposer d'un revenu minimum pour parrainer ?\t\t\t\t\t<\/button>\r\n\t\t\t\t<\/h4>\r\n\t\t\t\t<div id=\"faq25\" class=\"accordion-collapse collapse\" data-bs-parent=\"#accordion\">\r\n\t\t\t\t\t<div class=\"accordion-body\">\r\n\t\t\t\t\t\t\nAucun revenu minimum n'est exig\u00e9 pour le parrainage d'un conjoint, d'un partenaire ou d'un enfant \u00e0 charge (sauf dans les cas o\u00f9 l'enfant a lui-m\u00eame un enfant). Toutefois, vous devez d\u00e9montrer que vous \u00eates en mesure de subvenir aux besoins de la ou des personnes parrain\u00e9es sans aide sociale.\t\t\t\t\t<\/div>\r\n\t\t\t\t<\/div>\r\n\t\t\t<\/div>\r\n\t\t\t\t\t\t<div class=\"accordion-item wow fadeInUp\" data-wow-delay=\".5s\">\r\n\t\t\t\t<h4 class=\"accordion-header\">\r\n\t\t\t\t\t<button class=\"accordion-button\" type=\"button\" data-bs-toggle=\"collapse\" data-bs-target=\"#faq26\" aria-expanded=\"true\" aria-controls=\"faq26\">\r\n\t\t\t\t\t\tPuis-je demander la citoyennet\u00e9 si je suis r\u00e9sident permanent depuis moins de cinq ans ?\t\t\t\t\t<\/button>\r\n\t\t\t\t<\/h4>\r\n\t\t\t\t<div id=\"faq26\" class=\"accordion-collapse collapse\" data-bs-parent=\"#accordion\">\r\n\t\t\t\t\t<div class=\"accordion-body\">\r\n\t\t\t\t\t\t\n\nOui, si vous avez \u00e9t\u00e9 physiquement pr\u00e9sent au Canada pendant au moins 1 095 jours au cours des cinq derni\u00e8res ann\u00e9es, vous pouvez pr\u00e9senter une demande.\t\t\t\t\t<\/div>\r\n\t\t\t\t<\/div>\r\n\t\t\t<\/div>\r\n\t\t\t\t\t\t<div class=\"accordion-item wow fadeInUp\" data-wow-delay=\".5s\">\r\n\t\t\t\t<h4 class=\"accordion-header\">\r\n\t\t\t\t\t<button class=\"accordion-button\" type=\"button\" data-bs-toggle=\"collapse\" data-bs-target=\"#faq27\" aria-expanded=\"true\" aria-controls=\"faq27\">\r\n\t\t\t\t\t\tDois-je parler anglais ou fran\u00e7ais pour postuler ?\t\t\t\t\t<\/button>\r\n\t\t\t\t<\/h4>\r\n\t\t\t\t<div id=\"faq27\" class=\"accordion-collapse collapse\" data-bs-parent=\"#accordion\">\r\n\t\t\t\t\t<div class=\"accordion-body\">\r\n\t\t\t\t\t\t\n\n\nSi vous avez entre 18 et 54 ans, vous devez fournir une preuve de vos comp\u00e9tences linguistiques en anglais ou en fran\u00e7ais. Les documents acceptables sont les r\u00e9sultats des tests linguistiques ou la preuve d'une formation achev\u00e9e au Canada en anglais ou en fran\u00e7ais.\t\t\t\t\t<\/div>\r\n\t\t\t\t<\/div>\r\n\t\t\t<\/div>\r\n\t\t\t\t\t<\/div>\r\n\t<\/div>\r\n<\/div>\r\n\r\n\t\r\n\r\n\r\n             \r\n\t\t\t\t\t\t<\/div>\n\t\t\t\t<\/div>\n\t\t\t\t<\/div>\n\t\t\t\t\t<\/div>\n\t\t\t\t<\/div>\n\t\t<div class=\"elementor-element elementor-element-cc3659f e-con-full e-flex e-con e-parent\" data-id=\"cc3659f\" data-element_type=\"container\" data-settings=\"{&quot;background_background&quot;:&quot;classic&quot;}\">\n\t\t<div class=\"elementor-element elementor-element-484e05f e-con-full e-flex e-con e-child\" data-id=\"484e05f\" data-element_type=\"container\">\n\t\t\t\t<div class=\"elementor-element elementor-element-addcb85 elementor-widget elementor-widget-heading\" data-id=\"addcb85\" data-element_type=\"widget\" data-widget_type=\"heading.default\">\n\t\t\t\t<div class=\"elementor-widget-container\">\n\t\t\t\t\t<h2 class=\"elementor-heading-title elementor-size-default\">Nous conseillons aux employeurs d'embaucher <br> leurs travailleurs \u00e9trangers<\/h2>\t\t\t\t<\/div>\n\t\t\t\t<\/div>\n\t\t\t\t<\/div>\n\t\t<div class=\"elementor-element elementor-element-35afe50 e-con-full e-flex e-con e-child\" data-id=\"35afe50\" data-element_type=\"container\">\n\t\t\t\t<div class=\"elementor-element elementor-element-c23c51a elementor-widget elementor-widget-visaland-theme-button-widget\" data-id=\"c23c51a\" data-element_type=\"widget\" data-widget_type=\"visaland-theme-button-widget.default\">\n\t\t\t\t<div class=\"elementor-widget-container\">\n\t\t\t\t\t\r\n\t\r\n\r\n\t<div class=\"about-button wow fadeInUp\" data-wow-delay=\".8s\">\r\n\t\t<a href=\"http:\/\/elcaminocanada.com\/fr\/evaluation\/\" class=\"theme-btn\">\r\n\t\t\t<span>\r\n\t\t\tFormulaire d'information de l'employeur\t\t\t\t<i class=\"fas fa-chevron-right\"><\/i>\r\n\t\t\t<\/span>\r\n\t\t<\/a>\r\n\t<\/div>\r\n\r\n\t\r\n\r\n             \r\n\t\t\t\t\t\t<\/div>\n\t\t\t\t<\/div>\n\t\t\t\t<\/div>\n\t\t\t\t<\/div>\n\t\t\t\t<\/div>","protected":false},"excerpt":{"rendered":"<p>FAQ&#8217;s Frequently Asked Questions Find answers to common questions about Canadian immigration, LMIA, temporary permits, visas, and PR processes. Clear, concise guidance to help you navigate your journey with confidence. Read More What is an LMIA, and why is it necessary? An LMIA (Labour Market Impact Assessment) is a document issued by Employment and Social<\/p>","protected":false},"author":1,"featured_media":0,"parent":0,"menu_order":0,"comment_status":"closed","ping_status":"closed","template":"elementor_header_footer","meta":{"inline_featured_image":false,"footnotes":""},"class_list":["post-1253","page","type-page","status-publish","hentry"],"aioseo_notices":[],"_links":{"self":[{"href":"http:\/\/elcaminocanada.com\/fr\/wp-json\/wp\/v2\/pages\/1253","targetHints":{"allow":["GET"]}}],"collection":[{"href":"http:\/\/elcaminocanada.com\/fr\/wp-json\/wp\/v2\/pages"}],"about":[{"href":"http:\/\/elcaminocanada.com\/fr\/wp-json\/wp\/v2\/types\/page"}],"author":[{"embeddable":true,"href":"http:\/\/elcaminocanada.com\/fr\/wp-json\/wp\/v2\/users\/1"}],"replies":[{"embeddable":true,"href":"http:\/\/elcaminocanada.com\/fr\/wp-json\/wp\/v2\/comments?post=1253"}],"version-history":[{"count":39,"href":"http:\/\/elcaminocanada.com\/fr\/wp-json\/wp\/v2\/pages\/1253\/revisions"}],"predecessor-version":[{"id":4012,"href":"http:\/\/elcaminocanada.com\/fr\/wp-json\/wp\/v2\/pages\/1253\/revisions\/4012"}],"wp:attachment":[{"href":"http:\/\/elcaminocanada.com\/fr\/wp-json\/wp\/v2\/media?parent=1253"}],"curies":[{"name":"wp","href":"https:\/\/api.w.org\/{rel}","templated":true}]}}