{"id":2881,"date":"2025-03-25T19:10:43","date_gmt":"2025-03-25T19:10:43","guid":{"rendered":"http:\/\/temp.elcaminocanada.com\/?page_id=2881"},"modified":"2025-11-25T14:01:30","modified_gmt":"2025-11-25T22:01:30","slug":"consultation","status":"publish","type":"page","link":"http:\/\/elcaminocanada.com\/fr\/consultation\/","title":{"rendered":"Consultation"},"content":{"rendered":"<div data-elementor-type=\"wp-page\" data-elementor-id=\"2881\" class=\"elementor elementor-2881\">\n\t\t\t\t<div class=\"elementor-element elementor-element-b7c013d e-flex e-con-boxed e-con e-parent\" data-id=\"b7c013d\" data-element_type=\"container\" id=\"select\">\n\t\t\t\t\t<div class=\"e-con-inner\">\n\t\t\t\t<div class=\"elementor-element elementor-element-673d7d9 elementor-widget elementor-widget-heading\" data-id=\"673d7d9\" data-element_type=\"widget\" data-widget_type=\"heading.default\">\n\t\t\t\t<div class=\"elementor-widget-container\">\n\t\t\t\t\t<h2 class=\"elementor-heading-title elementor-size-default\">Planifiez votre consultation d\u00e8s aujourd'hui<\/h2>\t\t\t\t<\/div>\n\t\t\t\t<\/div>\n\t\t\t\t<div class=\"elementor-element elementor-element-fffa379 elementor-widget elementor-widget-heading\" data-id=\"fffa379\" data-element_type=\"widget\" data-widget_type=\"heading.default\">\n\t\t\t\t<div class=\"elementor-widget-container\">\n\t\t\t\t\t<h3 class=\"elementor-heading-title elementor-size-default\">S\u00e9lectionner un rendez-vous<\/h3>\t\t\t\t<\/div>\n\t\t\t\t<\/div>\n\t\t\t\t<div class=\"elementor-element elementor-element-54e8a3c elementor-widget elementor-widget-n-accordion\" data-id=\"54e8a3c\" data-element_type=\"widget\" id=\"elemento-acordeon\" data-settings=\"{&quot;default_state&quot;:&quot;all_collapsed&quot;,&quot;max_items_expended&quot;:&quot;one&quot;,&quot;n_accordion_animation_duration&quot;:{&quot;unit&quot;:&quot;ms&quot;,&quot;size&quot;:400,&quot;sizes&quot;:[]}}\" data-widget_type=\"nested-accordion.default\">\n\t\t\t\t<div class=\"elementor-widget-container\">\n\t\t\t\t\t\t\t<div class=\"e-n-accordion\" aria-label=\"Accord\u00e9on. Ouvrez les liens avec Enter ou Space, fermez-les avec Escape et naviguez avec les touches fl\u00e9ch\u00e9es.\">\n\t\t\t\t\t\t<details id=\"e-n-accordion-item-8900\" class=\"e-n-accordion-item\" >\n\t\t\t\t<summary class=\"e-n-accordion-item-title\" data-accordion-index=\"1\" tabindex=\"0\" aria-expanded=\"false\" aria-controls=\"e-n-accordion-item-8900\" >\n\t\t\t\t\t<span class='e-n-accordion-item-title-header'><div class=\"e-n-accordion-item-title-text\"> Consultation en personne <\/div><\/span>\n\t\t\t\t\t\t\t<span class='e-n-accordion-item-title-icon'>\n\t\t\t<span class='e-opened' ><svg aria-hidden=\"true\" class=\"e-font-icon-svg e-fas-minus\" viewbox=\"0 0 448 512\" xmlns=\"http:\/\/www.w3.org\/2000\/svg\"><path d=\"M416 208H32c-17.67 0-32 14.33-32 32v32c0 17.67 14.33 32 32 32h384c17.67 0 32-14.33 32-32v-32c0-17.67-14.33-32-32-32z\"><\/path><\/svg><\/span>\n\t\t\t<span class='e-closed'><svg aria-hidden=\"true\" class=\"e-font-icon-svg e-fas-plus\" viewbox=\"0 0 448 512\" xmlns=\"http:\/\/www.w3.org\/2000\/svg\"><path d=\"M416 208H272V64c0-17.67-14.33-32-32-32h-32c-17.67 0-32 14.33-32 32v144H32c-17.67 0-32 14.33-32 32v32c0 17.67 14.33 32 32 32h144v144c0 17.67 14.33 32 32 32h32c17.67 0 32-14.33 32-32V304h144c17.67 0 32-14.33 32-32v-32c0-17.67-14.33-32-32-32z\"><\/path><\/svg><\/span>\n\t\t<\/span>\n\n\t\t\t\t\t\t<\/summary>\n\t\t\t\t<div role=\"region\" aria-labelledby=\"e-n-accordion-item-8900\" class=\"elementor-element elementor-element-a19d3dd e-con-full e-flex e-con e-child\" data-id=\"a19d3dd\" data-element_type=\"container\">\n\t\t\t\t<div class=\"elementor-element elementor-element-4dcd72a elementor-widget elementor-widget-html\" data-id=\"4dcd72a\" data-element_type=\"widget\" data-widget_type=\"html.default\">\n\t\t\t\t<div class=\"elementor-widget-container\">\n\t\t\t\t\t<iframe src=\"https:\/\/app.acuityscheduling.com\/schedule.php?owner=35599305&owner=35599305&appointmentType=category:In%20Person%20Consultation\" width=\"100%\" height=\"800\" frameborder=\"0\" allow=\"payment\"><\/iframe>\t\t\t\t\t\t\t\t\t\t\t\t\t\t\t\t\t\t\t\t\t\t\t\t\t\t\t\t\t\t\t\t\t<script src=\"https:\/\/embed.acuityscheduling.com\/js\/embed.js\" type=\"text\/javascript\"><\/script>\n\t\t\t\t\t\t\t<\/div>\n\t\t\t\t<\/div>\n\t\t\t\t<\/div>\n\t\t\t\t\t<\/details>\n\t\t\t\t\t\t<details id=\"e-n-accordion-item-8901\" class=\"e-n-accordion-item\" >\n\t\t\t\t<summary class=\"e-n-accordion-item-title\" data-accordion-index=\"2\" tabindex=\"-1\" aria-expanded=\"false\" aria-controls=\"e-n-accordion-item-8901\" >\n\t\t\t\t\t<span class='e-n-accordion-item-title-header'><div class=\"e-n-accordion-item-title-text\"> Consultation par appel vid\u00e9o <\/div><\/span>\n\t\t\t\t\t\t\t<span class='e-n-accordion-item-title-icon'>\n\t\t\t<span class='e-opened' ><svg aria-hidden=\"true\" class=\"e-font-icon-svg e-fas-minus\" viewbox=\"0 0 448 512\" xmlns=\"http:\/\/www.w3.org\/2000\/svg\"><path d=\"M416 208H32c-17.67 0-32 14.33-32 32v32c0 17.67 14.33 32 32 32h384c17.67 0 32-14.33 32-32v-32c0-17.67-14.33-32-32-32z\"><\/path><\/svg><\/span>\n\t\t\t<span class='e-closed'><svg aria-hidden=\"true\" class=\"e-font-icon-svg e-fas-plus\" viewbox=\"0 0 448 512\" xmlns=\"http:\/\/www.w3.org\/2000\/svg\"><path d=\"M416 208H272V64c0-17.67-14.33-32-32-32h-32c-17.67 0-32 14.33-32 32v144H32c-17.67 0-32 14.33-32 32v32c0 17.67 14.33 32 32 32h144v144c0 17.67 14.33 32 32 32h32c17.67 0 32-14.33 32-32V304h144c17.67 0 32-14.33 32-32v-32c0-17.67-14.33-32-32-32z\"><\/path><\/svg><\/span>\n\t\t<\/span>\n\n\t\t\t\t\t\t<\/summary>\n\t\t\t\t<div role=\"region\" aria-labelledby=\"e-n-accordion-item-8901\" class=\"elementor-element elementor-element-346b97a e-con-full e-flex e-con e-child\" data-id=\"346b97a\" data-element_type=\"container\">\n\t\t\t\t<div class=\"elementor-element elementor-element-bd2de44 elementor-widget elementor-widget-html\" data-id=\"bd2de44\" data-element_type=\"widget\" data-widget_type=\"html.default\">\n\t\t\t\t<div class=\"elementor-widget-container\">\n\t\t\t\t\t<iframe src=\"https:\/\/app.acuityscheduling.com\/schedule.php?owner=35599305&owner=35599305&appointmentType=category:Video%20Call%20Consultation\" width=\"100%\" height=\"800\" frameborder=\"0\" allow=\"payment\"><\/iframe>\t\t\t\t\t\t\t\t\t\t\t\t\t\t\t\t\t\t\t\t\t\t\t\t\t\t\t\t\t\t\t\t\t<script src=\"https:\/\/embed.acuityscheduling.com\/js\/embed.js\" type=\"text\/javascript\"><\/script>\n\t\t\t\t\t\t\t<\/div>\n\t\t\t\t<\/div>\n\t\t\t\t<\/div>\n\t\t\t\t\t<\/details>\n\t\t\t\t\t<\/div>\n\t\t\t\t\t\t<\/div>\n\t\t\t\t<\/div>\n\t\t\t\t\t<\/div>\n\t\t\t\t<\/div>\n\t\t<div class=\"elementor-element elementor-element-98908b4 e-flex e-con-boxed e-con e-parent\" data-id=\"98908b4\" data-element_type=\"container\">\n\t\t\t\t\t<div class=\"e-con-inner\">\n\t\t\t\t<div class=\"elementor-element elementor-element-8517dce elementor-widget elementor-widget-text-editor\" data-id=\"8517dce\" data-element_type=\"widget\" data-widget_type=\"text-editor.default\">\n\t\t\t\t<div class=\"elementor-widget-container\">\n\t\t\t\t\t\t\t\t\t<p data-spm-anchor-id=\"a2ty_o01.29997173.0.i30.551ec921DDc3lK\">Nous sommes impatients de travailler avec vous et de vous aider \u00e0 atteindre vos objectifs ! Pour commencer, veuillez suivre les \u00e9tapes suivantes :<\/p>\t\t\t\t\t\t\t\t<\/div>\n\t\t\t\t<\/div>\n\t\t\t\t<div class=\"elementor-element elementor-element-322fc4b elementor-widget-divider--view-line elementor-widget elementor-widget-divider\" data-id=\"322fc4b\" data-element_type=\"widget\" data-widget_type=\"divider.default\">\n\t\t\t\t<div class=\"elementor-widget-container\">\n\t\t\t\t\t\t\t<div class=\"elementor-divider\">\n\t\t\t<span class=\"elementor-divider-separator\">\n\t\t\t\t\t\t<\/span>\n\t\t<\/div>\n\t\t\t\t\t\t<\/div>\n\t\t\t\t<\/div>\n\t\t\t\t<div class=\"elementor-element elementor-element-177ae66 elementor-widget elementor-widget-heading\" data-id=\"177ae66\" data-element_type=\"widget\" data-widget_type=\"heading.default\">\n\t\t\t\t<div class=\"elementor-widget-container\">\n\t\t\t\t\t<h3 class=\"elementor-heading-title elementor-size-default\">1. R\u00e9servez votre consultation<\/h3>\t\t\t\t<\/div>\n\t\t\t\t<\/div>\n\t\t\t\t<div class=\"elementor-element elementor-element-05ed769 elementor-widget elementor-widget-text-editor\" data-id=\"05ed769\" data-element_type=\"widget\" data-widget_type=\"text-editor.default\">\n\t\t\t\t<div class=\"elementor-widget-container\">\n\t\t\t\t\t\t\t\t\t<p data-spm-anchor-id=\"a2ty_o01.29997173.0.i31.551ec921DDc3lK\">S\u00e9lectionnez l'une des options de la section pr\u00e9c\u00e9dente<\/p>\t\t\t\t\t\t\t\t<\/div>\n\t\t\t\t<\/div>\n\t\t\t\t<div class=\"elementor-element elementor-element-5c2bef8 elementor-widget elementor-widget-heading\" data-id=\"5c2bef8\" data-element_type=\"widget\" data-widget_type=\"heading.default\">\n\t\t\t\t<div class=\"elementor-widget-container\">\n\t\t\t\t\t<h3 class=\"elementor-heading-title elementor-size-default\">2. Choisissez votre option de paiement<\/h3>\t\t\t\t<\/div>\n\t\t\t\t<\/div>\n\t\t\t\t\t<\/div>\n\t\t\t\t<\/div>\n\t\t<div class=\"elementor-element elementor-element-2d6e5fc e-flex e-con-boxed e-con e-parent\" data-id=\"2d6e5fc\" data-element_type=\"container\">\n\t\t\t\t\t<div class=\"e-con-inner\">\n\t\t\t\t<div class=\"elementor-element elementor-element-8d0b670 elementor-widget elementor-widget-text-editor\" data-id=\"8d0b670\" data-element_type=\"widget\" data-widget_type=\"text-editor.default\">\n\t\t\t\t<div class=\"elementor-widget-container\">\n\t\t\t\t\t\t\t\t\t<p>Tous les prix indiqu\u00e9s lors du processus d'enregistrement sont en CAD. Toutes les principales cartes de cr\u00e9dit sont accept\u00e9es par le biais de notre syst\u00e8me de paiement s\u00e9curis\u00e9.<\/p>\t\t\t\t\t\t\t\t<\/div>\n\t\t\t\t<\/div>\n\t\t\t\t<div class=\"elementor-element elementor-element-f083396 elementor-widget elementor-widget-heading\" data-id=\"f083396\" data-element_type=\"widget\" data-widget_type=\"heading.default\">\n\t\t\t\t<div class=\"elementor-widget-container\">\n\t\t\t\t\t<h3 class=\"elementor-heading-title elementor-size-default\">3. Confirmez votre rendez-vous  <\/h3>\t\t\t\t<\/div>\n\t\t\t\t<\/div>\n\t\t\t\t<div class=\"elementor-element elementor-element-e0dac75 elementor-widget elementor-widget-text-editor\" data-id=\"e0dac75\" data-element_type=\"widget\" data-widget_type=\"text-editor.default\">\n\t\t\t\t<div class=\"elementor-widget-container\">\n\t\t\t\t\t\t\t\t\t<p data-spm-anchor-id=\"a2ty_o01.29997173.0.i35.551ec921DDc3lK\">Une fois votre rendez-vous confirm\u00e9, vous recevrez un courriel contenant ce rappel amical et tous les liens n\u00e9cessaires :<\/p><div class=\"my-2\">\u00a0<\/div><p><em>\"Afin de tirer le meilleur parti de votre temps de consultation et de nous permettre de mieux vous conna\u00eetre \u00e0 l'avance, veuillez fournir les informations suivantes\". <\/em><\/p>\t\t\t\t\t\t\t\t<\/div>\n\t\t\t\t<\/div>\n\t\t\t\t<div class=\"elementor-element elementor-element-e8e7884 elementor-widget elementor-widget-text-editor\" data-id=\"e8e7884\" data-element_type=\"widget\" data-widget_type=\"text-editor.default\">\n\t\t\t\t<div class=\"elementor-widget-container\">\n\t\t\t\t\t\t\t\t\t<ul><li><strong>Aidez-nous \u00e0 pr\u00e9parer votre consultation (le cas \u00e9ch\u00e9ant) <\/strong>:<ul><li>Compl\u00e9ter le <strong>Formulaire d'\u00e9valuation de l'employeur <\/strong>.<\/li><li>Compl\u00e9ter le <strong>Formulaire d'\u00e9valuation du candidat <\/strong>.<\/li><li>Compl\u00e9ter le <strong>Formulaire d'\u00e9valuation du sponsor <\/strong>.<\/li><\/ul><\/li><\/ul><div class=\"my-2\">\u00a0<\/div><p>Ces formulaires nous permettent d'adapter notre soutien \u00e0 vos besoins sp\u00e9cifiques, garantissant ainsi une session productive et personnalis\u00e9e.<\/p>\t\t\t\t\t\t\t\t<\/div>\n\t\t\t\t<\/div>\n\t\t\t\t<div class=\"elementor-element elementor-element-d2bf843 elementor-widget elementor-widget-heading\" data-id=\"d2bf843\" data-element_type=\"widget\" data-widget_type=\"heading.default\">\n\t\t\t\t<div class=\"elementor-widget-container\">\n\t\t\t\t\t<h3 class=\"elementor-heading-title elementor-size-default\">4. Pr\u00eat pour la consultation ?  <\/h3>\t\t\t\t<\/div>\n\t\t\t\t<\/div>\n\t\t\t\t<div class=\"elementor-element elementor-element-be6619e elementor-widget elementor-widget-text-editor\" data-id=\"be6619e\" data-element_type=\"widget\" data-widget_type=\"text-editor.default\">\n\t\t\t\t<div class=\"elementor-widget-container\">\n\t\t\t\t\t\t\t\t\t<p data-spm-anchor-id=\"a2ty_o01.29997173.0.i37.551ec921DDc3lK\">Juste un petit conseil : en r\u00e9servant une consultation, vous confirmez que vous avez lu et accept\u00e9 nos conditions g\u00e9n\u00e9rales.<\/p>\t\t\t\t\t\t\t\t<\/div>\n\t\t\t\t<\/div>\n\t\t\t\t\t<\/div>\n\t\t\t\t<\/div>\n\t\t<div class=\"elementor-element elementor-element-2648a19 e-flex e-con-boxed e-con e-parent\" data-id=\"2648a19\" data-element_type=\"container\">\n\t\t\t\t\t<div class=\"e-con-inner\">\n\t\t\t\t<div class=\"elementor-element elementor-element-2b5716f elementor-widget elementor-widget-heading\" data-id=\"2b5716f\" data-element_type=\"widget\" data-widget_type=\"heading.default\">\n\t\t\t\t<div class=\"elementor-widget-container\">\n\t\t\t\t\t<h3 class=\"elementor-heading-title elementor-size-default\">Choisissez l'option de consultation qui vous convient le mieux  <\/h3>\t\t\t\t<\/div>\n\t\t\t\t<\/div>\n\t\t\t\t<div class=\"elementor-element elementor-element-0de93a9 elementor-widget elementor-widget-text-editor\" data-id=\"0de93a9\" data-element_type=\"widget\" data-widget_type=\"text-editor.default\">\n\t\t\t\t<div class=\"elementor-widget-container\">\n\t\t\t\t\t\t\t\t\t<p data-spm-anchor-id=\"a2ty_o01.29997173.0.i59.551e1a6eiorPbK\">Nous proposons des options de consultation flexibles pour r\u00e9pondre \u00e0 vos besoins, que vous soyez au Canada ou \u00e0 l'\u00e9tranger, que vous pr\u00e9f\u00e9riez les r\u00e9unions en ligne ou en personne, et que vous parliez anglais, espagnol ou d'autres langues. Nous disposons d'interpr\u00e8tes pour <strong>Fran\u00e7ais, allemand et russe <\/strong>(sous r\u00e9serve de disponibilit\u00e9).<\/p><p data-spm-anchor-id=\"a2ty_o01.29997173.0.i58.551e1a6eiorPbK\">Chaque session dure <strong>30 ou <\/strong><strong>45 minutes.<\/strong><\/p><p>Jetez un coup d'\u0153il aux options \u00e9num\u00e9r\u00e9es ici pour trouver celle qui vous convient le mieux.<\/p>\t\t\t\t\t\t\t\t<\/div>\n\t\t\t\t<\/div>\n\t\t\t\t\t<\/div>\n\t\t\t\t<\/div>\n\t\t<div class=\"elementor-element elementor-element-e1eaec4 e-flex e-con-boxed e-con e-parent\" data-id=\"e1eaec4\" data-element_type=\"container\">\n\t\t\t\t\t<div class=\"e-con-inner\">\n\t\t\t\t<div class=\"elementor-element elementor-element-e0dcfba elementor-widget elementor-widget-heading\" data-id=\"e0dcfba\" data-element_type=\"widget\" data-widget_type=\"heading.default\">\n\t\t\t\t<div class=\"elementor-widget-container\">\n\t\t\t\t\t<h3 class=\"elementor-heading-title elementor-size-default\">Quelques rappels amicaux<\/h3>\t\t\t\t<\/div>\n\t\t\t\t<\/div>\n\t\t\t\t<div class=\"elementor-element elementor-element-2cc10ef elementor-widget elementor-widget-text-editor\" data-id=\"2cc10ef\" data-element_type=\"widget\" data-widget_type=\"text-editor.default\">\n\t\t\t\t<div class=\"elementor-widget-container\">\n\t\t\t\t\t\t\t\t\t<ul><li data-spm-anchor-id=\"a2ty_o01.29997173.0.i45.551e20eaLJYHSf\">En remplissant le questionnaire \u00e0 l'avance, vous nous aiderez \u00e0 tirer le meilleur parti de votre consultation.<\/li><li>Si vous avez des questions ou si vous avez besoin d'aide, n'h\u00e9sitez pas \u00e0 nous contacter - nous sommes l\u00e0 pour vous aider !<\/li><\/ul>\t\t\t\t\t\t\t\t<\/div>\n\t\t\t\t<\/div>\n\t\t\t\t<div class=\"elementor-element elementor-element-34d70b9 elementor-widget elementor-widget-heading\" data-id=\"34d70b9\" data-element_type=\"widget\" data-widget_type=\"heading.default\">\n\t\t\t\t<div class=\"elementor-widget-container\">\n\t\t\t\t\t<h3 class=\"elementor-heading-title elementor-size-default\">R\u00e9servez votre consultation maintenant<\/h3>\t\t\t\t<\/div>\n\t\t\t\t<\/div>\n\t\t\t\t<div class=\"elementor-element elementor-element-8924a60 elementor-widget elementor-widget-text-editor\" data-id=\"8924a60\" data-element_type=\"widget\" data-widget_type=\"text-editor.default\">\n\t\t\t\t<div class=\"elementor-widget-container\">\n\t\t\t\t\t\t\t\t\t<p data-spm-anchor-id=\"a2ty_o01.29997173.0.i47.551e20eaLJYHSf\">Nous sommes impatients de vous rencontrer et de commencer ce voyage ensemble !<\/p>\t\t\t\t\t\t\t\t<\/div>\n\t\t\t\t<\/div>\n\t\t\t\t<div class=\"elementor-element elementor-element-5810313 elementor-widget elementor-widget-heading\" data-id=\"5810313\" data-element_type=\"widget\" data-widget_type=\"heading.default\">\n\t\t\t\t<div class=\"elementor-widget-container\">\n\t\t\t\t\t<h2 class=\"elementor-heading-title elementor-size-default\"><a href=\"#select\">Planifiez votre consultation aujourd'hui<\/a><\/h2>\t\t\t\t<\/div>\n\t\t\t\t<\/div>\n\t\t\t\t\t<\/div>\n\t\t\t\t<\/div>\n\t\t\t\t<\/div>","protected":false},"excerpt":{"rendered":"<p>Schedule Your Consultation Today Select Appointment In Person Consultation Video Call Consultation We\u2019re excited to work with you and help you achieve your goals! To get started, please follow these simple steps: 1. Book your Consultation Select one of the options from the previous section 2. Choose Your Payment Option All prices shown during the<\/p>","protected":false},"author":1,"featured_media":0,"parent":0,"menu_order":0,"comment_status":"closed","ping_status":"closed","template":"","meta":{"inline_featured_image":false,"footnotes":""},"class_list":["post-2881","page","type-page","status-publish","hentry"],"aioseo_notices":[],"_links":{"self":[{"href":"http:\/\/elcaminocanada.com\/fr\/wp-json\/wp\/v2\/pages\/2881","targetHints":{"allow":["GET"]}}],"collection":[{"href":"http:\/\/elcaminocanada.com\/fr\/wp-json\/wp\/v2\/pages"}],"about":[{"href":"http:\/\/elcaminocanada.com\/fr\/wp-json\/wp\/v2\/types\/page"}],"author":[{"embeddable":true,"href":"http:\/\/elcaminocanada.com\/fr\/wp-json\/wp\/v2\/users\/1"}],"replies":[{"embeddable":true,"href":"http:\/\/elcaminocanada.com\/fr\/wp-json\/wp\/v2\/comments?post=2881"}],"version-history":[{"count":124,"href":"http:\/\/elcaminocanada.com\/fr\/wp-json\/wp\/v2\/pages\/2881\/revisions"}],"predecessor-version":[{"id":4336,"href":"http:\/\/elcaminocanada.com\/fr\/wp-json\/wp\/v2\/pages\/2881\/revisions\/4336"}],"wp:attachment":[{"href":"http:\/\/elcaminocanada.com\/fr\/wp-json\/wp\/v2\/media?parent=2881"}],"curies":[{"name":"wp","href":"https:\/\/api.w.org\/{rel}","templated":true}]}}