{"id":2950,"date":"2025-04-16T19:11:03","date_gmt":"2025-04-16T19:11:03","guid":{"rendered":"http:\/\/temp.elcaminocanada.com\/?page_id=2950"},"modified":"2025-08-13T18:56:34","modified_gmt":"2025-08-13T18:56:34","slug":"other-temporary-residence-services","status":"publish","type":"page","link":"http:\/\/elcaminocanada.com\/fr\/other-temporary-residence-services\/","title":{"rendered":"Autres services de r\u00e9sidence temporaire"},"content":{"rendered":"<div data-elementor-type=\"wp-page\" data-elementor-id=\"2950\" class=\"elementor elementor-2950\">\n\t\t\t\t<div class=\"elementor-element elementor-element-ade2cc2 e-flex e-con-boxed e-con e-parent\" data-id=\"ade2cc2\" data-element_type=\"container\">\n\t\t\t\t\t<div class=\"e-con-inner\">\n\t\t\t\t<div class=\"elementor-element elementor-element-72af411 elementor-widget elementor-widget-heading\" data-id=\"72af411\" data-element_type=\"widget\" data-widget_type=\"heading.default\">\n\t\t\t\t<div class=\"elementor-widget-container\">\n\t\t\t\t\t<h2 class=\"elementor-heading-title elementor-size-default\">Prolonger ou modifier les conditions de votre permis<\/h2>\t\t\t\t<\/div>\n\t\t\t\t<\/div>\n\t\t\t\t<div class=\"elementor-element elementor-element-9b917b5 elementor-widget elementor-widget-text-editor\" data-id=\"9b917b5\" data-element_type=\"widget\" data-widget_type=\"text-editor.default\">\n\t\t\t\t<div class=\"elementor-widget-container\">\n\t\t\t\t\t\t\t\t\t<p>Si vous \u00eates au Canada en tant que visiteur, \u00e9tudiant ou travailleur, il est essentiel de prolonger ou de modifier les conditions de votre permis avant son expiration. Le maintien de votre statut juridique est crucial pour \u00e9viter des complications lors de demandes ult\u00e9rieures. Nous vous aidons \u00e0 vous assurer que vous soumettez les bons documents et que vous r\u00e9pondez aux crit\u00e8res d'admissibilit\u00e9.<\/p>\t\t\t\t\t\t\t\t<\/div>\n\t\t\t\t<\/div>\n\t\t\t\t<div class=\"elementor-element elementor-element-046ad26 elementor-widget elementor-widget-heading\" data-id=\"046ad26\" data-element_type=\"widget\" data-widget_type=\"heading.default\">\n\t\t\t\t<div class=\"elementor-widget-container\">\n\t\t\t\t\t<h3 class=\"elementor-heading-title elementor-size-default\">D\u00e9lai de traitement :<\/h3>\t\t\t\t<\/div>\n\t\t\t\t<\/div>\n\t\t\t\t<div class=\"elementor-element elementor-element-18a99a8 elementor-widget elementor-widget-text-editor\" data-id=\"18a99a8\" data-element_type=\"widget\" data-widget_type=\"text-editor.default\">\n\t\t\t\t<div class=\"elementor-widget-container\">\n\t\t\t\t\t\t\t\t\t<ul><li>Prolongation de la dur\u00e9e de validit\u00e9 de la fiche du visiteur : 30 \u00e0 90 jours<\/li><li>Prolongation du permis d'\u00e9tudes : 30 \u00e0 90 jours<\/li><li>Prolongation du permis de travail : 2 \u00e0 3 mois<\/li><\/ul>\t\t\t\t\t\t\t\t<\/div>\n\t\t\t\t<\/div>\n\t\t\t\t<div class=\"elementor-element elementor-element-d567801 elementor-widget elementor-widget-heading\" data-id=\"d567801\" data-element_type=\"widget\" data-widget_type=\"heading.default\">\n\t\t\t\t<div class=\"elementor-widget-container\">\n\t\t\t\t\t<h2 class=\"elementor-heading-title elementor-size-default\">R\u00e9tablissement du statut<\/h2>\t\t\t\t<\/div>\n\t\t\t\t<\/div>\n\t\t\t\t<div class=\"elementor-element elementor-element-73e1f0f elementor-widget elementor-widget-text-editor\" data-id=\"73e1f0f\" data-element_type=\"widget\" data-widget_type=\"text-editor.default\">\n\t\t\t\t<div class=\"elementor-widget-container\">\n\t\t\t\t\t\t\t\t\t<p>Si votre statut (visiteur, travailleur, permis d'\u00e9tudes) a expir\u00e9, vous pouvez peut-\u00eatre le r\u00e9cup\u00e9rer dans les d\u00e9lais suivants <b>90 jours<\/b>. Le r\u00e9tablissement vous permet de retrouver un statut l\u00e9gal sans quitter le Canada, \u00e0 condition que vous continuiez \u00e0 remplir les conditions d'admissibilit\u00e9.<\/p>\t\t\t\t\t\t\t\t<\/div>\n\t\t\t\t<\/div>\n\t\t\t\t<div class=\"elementor-element elementor-element-20ed465 elementor-widget elementor-widget-heading\" data-id=\"20ed465\" data-element_type=\"widget\" data-widget_type=\"heading.default\">\n\t\t\t\t<div class=\"elementor-widget-container\">\n\t\t\t\t\t<h3 class=\"elementor-heading-title elementor-size-default\">D\u00e9lai de traitement :<\/h3>\t\t\t\t<\/div>\n\t\t\t\t<\/div>\n\t\t\t\t<div class=\"elementor-element elementor-element-de3430b elementor-widget elementor-widget-text-editor\" data-id=\"de3430b\" data-element_type=\"widget\" data-widget_type=\"text-editor.default\">\n\t\t\t\t<div class=\"elementor-widget-container\">\n\t\t\t\t\t\t\t\t\t<ul><li>Applications de restauration : 3 \u00e0 5 mois.<\/li><\/ul>\t\t\t\t\t\t\t\t<\/div>\n\t\t\t\t<\/div>\n\t\t\t\t<div class=\"elementor-element elementor-element-fffb2a6 elementor-widget elementor-widget-heading\" data-id=\"fffb2a6\" data-element_type=\"widget\" data-widget_type=\"heading.default\">\n\t\t\t\t<div class=\"elementor-widget-container\">\n\t\t\t\t\t<h2 class=\"elementor-heading-title elementor-size-default\">Visa de r\u00e9sident temporaire (VRT)<\/h2>\t\t\t\t<\/div>\n\t\t\t\t<\/div>\n\t\t\t\t<div class=\"elementor-element elementor-element-c903213 elementor-widget elementor-widget-text-editor\" data-id=\"c903213\" data-element_type=\"widget\" data-widget_type=\"text-editor.default\">\n\t\t\t\t<div class=\"elementor-widget-container\">\n\t\t\t\t\t\t\t\t\t<p>Vous pr\u00e9voyez de vous rendre au Canada ? Selon votre nationalit\u00e9, vous pouvez avoir besoin d'un <b>Visa de r\u00e9sident temporaire (VRT)<\/b> ou un <b>Autorisation de voyage \u00e9lectronique (eTA)<\/b> avant votre arriv\u00e9e.<\/p>\t\t\t\t\t\t\t\t<\/div>\n\t\t\t\t<\/div>\n\t\t\t\t<div class=\"elementor-element elementor-element-36a209a elementor-widget elementor-widget-heading\" data-id=\"36a209a\" data-element_type=\"widget\" data-widget_type=\"heading.default\">\n\t\t\t\t<div class=\"elementor-widget-container\">\n\t\t\t\t\t<h3 class=\"elementor-heading-title elementor-size-default\">D\u00e9lai de traitement :<\/h3>\t\t\t\t<\/div>\n\t\t\t\t<\/div>\n\t\t\t\t<div class=\"elementor-element elementor-element-c9787ee elementor-widget elementor-widget-text-editor\" data-id=\"c9787ee\" data-element_type=\"widget\" data-widget_type=\"text-editor.default\">\n\t\t\t\t<div class=\"elementor-widget-container\">\n\t\t\t\t\t\t\t\t\t<ul><li>VRT : 1 \u00e0 8 semaines (selon le bureau des visas)<\/li><li>eTA : De quelques minutes \u00e0 72 heures<\/li><\/ul>\t\t\t\t\t\t\t\t<\/div>\n\t\t\t\t<\/div>\n\t\t\t\t<div class=\"elementor-element elementor-element-0cb706a elementor-widget elementor-widget-visaland-theme-accordion-widget\" data-id=\"0cb706a\" data-element_type=\"widget\" data-widget_type=\"visaland-theme-accordion-widget.default\">\n\t\t\t\t<div class=\"elementor-widget-container\">\n\t\t\t\t\t\r\n\t\r\n<div class=\"faq-content\">\r\n\t<div class=\"faq-accordion\">\r\n\t\t<div class=\"accordion\" id=\"accordion\">\r\n\t\t\t\t\t\t<div class=\"accordion-item wow fadeInUp\" data-wow-delay=\".5s\">\r\n\t\t\t\t<h4 class=\"accordion-header\">\r\n\t\t\t\t\t<button class=\"accordion-button\" type=\"button\" data-bs-toggle=\"collapse\" data-bs-target=\"#faq20\" aria-expanded=\"true\" aria-controls=\"faq20\">\r\n\t\t\t\t\t\tPuis-je rester au Canada pendant que ma demande de prolongation est en cours ?\t\t\t\t\t<\/button>\r\n\t\t\t\t<\/h4>\r\n\t\t\t\t<div id=\"faq20\" class=\"accordion-collapse collapse\" data-bs-parent=\"#accordion\">\r\n\t\t\t\t\t<div class=\"accordion-body\">\r\n\t\t\t\t\t\tOui, si vous pr\u00e9sentez votre demande avant l'expiration de votre permis actuel, vous conserverez votre statut et pourrez rester au Canada dans les m\u00eames conditions.\t\t\t\t\t<\/div>\r\n\t\t\t\t<\/div>\r\n\t\t\t<\/div>\r\n\t\t\t\t\t\t<div class=\"accordion-item wow fadeInUp\" data-wow-delay=\".5s\">\r\n\t\t\t\t<h4 class=\"accordion-header\">\r\n\t\t\t\t\t<button class=\"accordion-button\" type=\"button\" data-bs-toggle=\"collapse\" data-bs-target=\"#faq21\" aria-expanded=\"true\" aria-controls=\"faq21\">\r\n\t\t\t\t\t\tQue se passe-t-il si je ne respecte pas le d\u00e9lai de prolongation ?\t\t\t\t\t<\/button>\r\n\t\t\t\t<\/h4>\r\n\t\t\t\t<div id=\"faq21\" class=\"accordion-collapse collapse show\" data-bs-parent=\"#accordion\">\r\n\t\t\t\t\t<div class=\"accordion-body\">\r\n\t\t\t\t\t\tSi cela fait moins de 90 jours, vous pouvez demander le r\u00e9tablissement de votre statut. Apr\u00e8s 90 jours, vous devrez peut-\u00eatre quitter le Canada et pr\u00e9senter une nouvelle demande.\t\t\t\t\t<\/div>\r\n\t\t\t\t<\/div>\r\n\t\t\t<\/div>\r\n\t\t\t\t\t\t<div class=\"accordion-item wow fadeInUp\" data-wow-delay=\".5s\">\r\n\t\t\t\t<h4 class=\"accordion-header\">\r\n\t\t\t\t\t<button class=\"accordion-button\" type=\"button\" data-bs-toggle=\"collapse\" data-bs-target=\"#faq22\" aria-expanded=\"true\" aria-controls=\"faq22\">\r\n\t\t\t\t\t\tComment savoir si j'ai besoin d'un TRV ou d'un eTA ?\t\t\t\t\t<\/button>\r\n\t\t\t\t<\/h4>\r\n\t\t\t\t<div id=\"faq22\" class=\"accordion-collapse collapse\" data-bs-parent=\"#accordion\">\r\n\t\t\t\t\t<div class=\"accordion-body\">\r\n\t\t\t\t\t\tCela d\u00e9pend de votre nationalit\u00e9. Nous \u00e9valuerons votre situation et vous guiderons dans vos d\u00e9marches.\t\t\t\t\t<\/div>\r\n\t\t\t\t<\/div>\r\n\t\t\t<\/div>\r\n\t\t\t\t\t<\/div>\r\n\t<\/div>\r\n<\/div>\r\n\r\n\t\r\n\r\n\r\n             \r\n\t\t\t\t\t\t<\/div>\n\t\t\t\t<\/div>\n\t\t\t\t\t<\/div>\n\t\t\t\t<\/div>\n\t\t<div class=\"elementor-element elementor-element-f392dce e-flex e-con-boxed e-con e-parent\" data-id=\"f392dce\" data-element_type=\"container\">\n\t\t\t\t\t<div class=\"e-con-inner\">\n\t\t\t\t<div class=\"elementor-element elementor-element-43ad71d elementor-widget elementor-widget-heading\" data-id=\"43ad71d\" data-element_type=\"widget\" data-widget_type=\"heading.default\">\n\t\t\t\t<div class=\"elementor-widget-container\">\n\t\t\t\t\t<h2 class=\"elementor-heading-title elementor-size-default\">Permis de s\u00e9jour temporaire (PST)<\/h2>\t\t\t\t<\/div>\n\t\t\t\t<\/div>\n\t\t\t\t<div class=\"elementor-element elementor-element-5b29fdf elementor-widget elementor-widget-text-editor\" data-id=\"5b29fdf\" data-element_type=\"widget\" data-widget_type=\"text-editor.default\">\n\t\t\t\t<div class=\"elementor-widget-container\">\n\t\t\t\t\t\t\t\t\t<p>Un permis de s\u00e9jour temporaire (PST) permet aux personnes qui sont autrement interdites de territoire au Canada d'entrer ou de rester dans le pays pour une p\u00e9riode d\u00e9termin\u00e9e, si leur besoin d'\u00eatre au Canada l'emporte sur les raisons de l'interdiction de territoire. Les PST sont d\u00e9livr\u00e9s \u00e0 la discr\u00e9tion d'Immigration, R\u00e9fugi\u00e9s et Citoyennet\u00e9 Canada (IRCC) et ne sont accord\u00e9s que dans des circonstances exceptionnelles.<\/p>\t\t\t\t\t\t\t\t<\/div>\n\t\t\t\t<\/div>\n\t\t\t\t<div class=\"elementor-element elementor-element-574b5d6 elementor-widget elementor-widget-heading\" data-id=\"574b5d6\" data-element_type=\"widget\" data-widget_type=\"heading.default\">\n\t\t\t\t<div class=\"elementor-widget-container\">\n\t\t\t\t\t<h2 class=\"elementor-heading-title elementor-size-default\">FAQ<\/h2>\t\t\t\t<\/div>\n\t\t\t\t<\/div>\n\t\t\t\t<div class=\"elementor-element elementor-element-68a1f53 elementor-widget elementor-widget-visaland-theme-accordion-widget\" data-id=\"68a1f53\" data-element_type=\"widget\" data-widget_type=\"visaland-theme-accordion-widget.default\">\n\t\t\t\t<div class=\"elementor-widget-container\">\n\t\t\t\t\t\r\n\t\r\n<div class=\"faq-content\">\r\n\t<div class=\"faq-accordion\">\r\n\t\t<div class=\"accordion\" id=\"accordion\">\r\n\t\t\t\t\t\t<div class=\"accordion-item wow fadeInUp\" data-wow-delay=\".5s\">\r\n\t\t\t\t<h4 class=\"accordion-header\">\r\n\t\t\t\t\t<button class=\"accordion-button\" type=\"button\" data-bs-toggle=\"collapse\" data-bs-target=\"#faq20\" aria-expanded=\"true\" aria-controls=\"faq20\">\r\n\t\t\t\t\t\tUn ARB est-il garanti ?\t\t\t\t\t<\/button>\r\n\t\t\t\t<\/h4>\r\n\t\t\t\t<div id=\"faq20\" class=\"accordion-collapse collapse\" data-bs-parent=\"#accordion\">\r\n\t\t\t\t\t<div class=\"accordion-body\">\r\n\t\t\t\t\t\tNon. Les PST sont accord\u00e9s \u00e0 la discr\u00e9tion d'un agent d'immigration et ne sont d\u00e9livr\u00e9s que si le besoin de la personne d'\u00eatre au Canada l'emporte sur les raisons de l'interdiction de territoire.\t\t\t\t\t<\/div>\r\n\t\t\t\t<\/div>\r\n\t\t\t<\/div>\r\n\t\t\t\t\t\t<div class=\"accordion-item wow fadeInUp\" data-wow-delay=\".5s\">\r\n\t\t\t\t<h4 class=\"accordion-header\">\r\n\t\t\t\t\t<button class=\"accordion-button\" type=\"button\" data-bs-toggle=\"collapse\" data-bs-target=\"#faq21\" aria-expanded=\"true\" aria-controls=\"faq21\">\r\n\t\t\t\t\t\tPuis-je travailler ou \u00e9tudier avec un PST ?\t\t\t\t\t<\/button>\r\n\t\t\t\t<\/h4>\r\n\t\t\t\t<div id=\"faq21\" class=\"accordion-collapse collapse show\" data-bs-parent=\"#accordion\">\r\n\t\t\t\t\t<div class=\"accordion-body\">\r\n\t\t\t\t\t\tOui, mais vous devez demander et obtenir le permis de travail ou d'\u00e9tude appropri\u00e9 en plus de votre PST.\t\t\t\t\t<\/div>\r\n\t\t\t\t<\/div>\r\n\t\t\t<\/div>\r\n\t\t\t\t\t<\/div>\r\n\t<\/div>\r\n<\/div>\r\n\r\n\t\r\n\r\n\r\n             \r\n\t\t\t\t\t\t<\/div>\n\t\t\t\t<\/div>\n\t\t\t\t\t<\/div>\n\t\t\t\t<\/div>\n\t\t\t\t<\/div>","protected":false},"excerpt":{"rendered":"<p>Extend or Change Conditions of Your Permit If you are in Canada as a visitor, student, or worker, extending or changing your permit&#8217;s conditions before it expires is essential. Maintaining your legal status is crucial to avoid complications with future applications. We help ensure you submit the correct documents and meet the eligibility criteria. Processing<\/p>","protected":false},"author":1,"featured_media":0,"parent":0,"menu_order":0,"comment_status":"closed","ping_status":"closed","template":"","meta":{"inline_featured_image":false,"footnotes":""},"class_list":["post-2950","page","type-page","status-publish","hentry"],"aioseo_notices":[],"_links":{"self":[{"href":"http:\/\/elcaminocanada.com\/fr\/wp-json\/wp\/v2\/pages\/2950","targetHints":{"allow":["GET"]}}],"collection":[{"href":"http:\/\/elcaminocanada.com\/fr\/wp-json\/wp\/v2\/pages"}],"about":[{"href":"http:\/\/elcaminocanada.com\/fr\/wp-json\/wp\/v2\/types\/page"}],"author":[{"embeddable":true,"href":"http:\/\/elcaminocanada.com\/fr\/wp-json\/wp\/v2\/users\/1"}],"replies":[{"embeddable":true,"href":"http:\/\/elcaminocanada.com\/fr\/wp-json\/wp\/v2\/comments?post=2950"}],"version-history":[{"count":16,"href":"http:\/\/elcaminocanada.com\/fr\/wp-json\/wp\/v2\/pages\/2950\/revisions"}],"predecessor-version":[{"id":3514,"href":"http:\/\/elcaminocanada.com\/fr\/wp-json\/wp\/v2\/pages\/2950\/revisions\/3514"}],"wp:attachment":[{"href":"http:\/\/elcaminocanada.com\/fr\/wp-json\/wp\/v2\/media?parent=2950"}],"curies":[{"name":"wp","href":"https:\/\/api.w.org\/{rel}","templated":true}]}}