{"id":3030,"date":"2025-04-22T00:26:33","date_gmt":"2025-04-22T00:26:33","guid":{"rendered":"http:\/\/temp.elcaminocanada.com\/?page_id=3030"},"modified":"2025-04-22T00:31:55","modified_gmt":"2025-04-22T00:31:55","slug":"citizenship","status":"publish","type":"page","link":"http:\/\/elcaminocanada.com\/fr\/citizenship\/","title":{"rendered":"Citoyennet\u00e9"},"content":{"rendered":"<div data-elementor-type=\"wp-page\" data-elementor-id=\"3030\" class=\"elementor elementor-3030\">\n\t\t\t\t<div class=\"elementor-element elementor-element-78e5227 e-flex e-con-boxed e-con e-parent\" data-id=\"78e5227\" data-element_type=\"container\">\n\t\t\t\t\t<div class=\"e-con-inner\">\n\t\t\t\t<div class=\"elementor-element elementor-element-f85c2e3 elementor-widget elementor-widget-heading\" data-id=\"f85c2e3\" data-element_type=\"widget\" data-widget_type=\"heading.default\">\n\t\t\t\t<div class=\"elementor-widget-container\">\n\t\t\t\t\t<h2 class=\"elementor-heading-title elementor-size-default\">Demander la citoyennet\u00e9 canadienne<\/h2>\t\t\t\t<\/div>\n\t\t\t\t<\/div>\n\t\t\t\t<div class=\"elementor-element elementor-element-bd77b67 elementor-widget elementor-widget-text-editor\" data-id=\"bd77b67\" data-element_type=\"widget\" data-widget_type=\"text-editor.default\">\n\t\t\t\t<div class=\"elementor-widget-container\">\n\t\t\t\t\t\t\t\t\t<p>L'obtention de la citoyennet\u00e9 canadienne est une \u00e9tape importante et la derni\u00e8re \u00e9tape de votre parcours d'immigration. Si vous \u00eates un <b>R\u00e9sident permanent<\/b> du Canada et que vous remplissez les conditions d'\u00e9ligibilit\u00e9, vous pouvez peut-\u00eatre demander \u00e0 b\u00e9n\u00e9ficier de l'aide de l'Union europ\u00e9enne. <b>Citoyennet\u00e9 canadienne<\/b>. A <b>El Camino Immigration Services<\/b>Nous nous assurons que votre demande est compl\u00e8te, exacte et soumise conform\u00e9ment \u00e0 la l\u00e9gislation europ\u00e9enne. <b>IRCC<\/b> Les exigences de l'Union europ\u00e9enne en mati\u00e8re de s\u00e9curit\u00e9 et de sant\u00e9 publique, de minimisation des retards et de r\u00e9duction du risque de refus.<\/p>\t\t\t\t\t\t\t\t<\/div>\n\t\t\t\t<\/div>\n\t\t\t\t<div class=\"elementor-element elementor-element-c911106 elementor-widget elementor-widget-heading\" data-id=\"c911106\" data-element_type=\"widget\" data-widget_type=\"heading.default\">\n\t\t\t\t<div class=\"elementor-widget-container\">\n\t\t\t\t\t<h3 class=\"elementor-heading-title elementor-size-default\">Conditions d'\u00e9ligibilit\u00e9<\/h3>\t\t\t\t<\/div>\n\t\t\t\t<\/div>\n\t\t\t\t<div class=\"elementor-element elementor-element-380207a elementor-widget elementor-widget-text-editor\" data-id=\"380207a\" data-element_type=\"widget\" data-widget_type=\"text-editor.default\">\n\t\t\t\t<div class=\"elementor-widget-container\">\n\t\t\t\t\t\t\t\t\t<p>Pour demander la citoyennet\u00e9 canadienne, vous devez<\/p><ul><li>\u00catre un <b>r\u00e9sident permanent<\/b> du Canada<\/li><li>Ont \u00e9t\u00e9 <b>physiquement pr\u00e9sent<\/b> au Canada depuis au moins <b>1 095 jours (3 ans)<\/b> au cours des derniers <b>5 ans<\/b><b><\/b><\/li><li>Vous avez d\u00e9pos\u00e9 votre <b>Imp\u00f4ts sur le revenu au Canada<\/b> pour au moins <b>3 ans<\/b>le cas \u00e9ch\u00e9ant, en vertu de la loi relative \u00e0 l'imp\u00f4t sur le revenu<\/li><li>D\u00e9montrer <b>une connaissance suffisante de l'anglais ou du fran\u00e7ais<\/b> (si vous avez entre 18 et 54 ans)<\/li><li>Passer un <b>test de citoyennet\u00e9<\/b> sur l'histoire, les valeurs, les institutions et les symboles du Canada (si vous avez entre 18 et 54 ans)<\/li><li>Ne pas \u00eatre sous le coup d'une mesure d'\u00e9loignement, \u00eatre interdit de territoire ou faire l'objet de certaines proc\u00e9dures p\u00e9nales.<\/li><\/ul>\t\t\t\t\t\t\t\t<\/div>\n\t\t\t\t<\/div>\n\t\t\t\t<div class=\"elementor-element elementor-element-5162272 elementor-widget elementor-widget-heading\" data-id=\"5162272\" data-element_type=\"widget\" data-widget_type=\"heading.default\">\n\t\t\t\t<div class=\"elementor-widget-container\">\n\t\t\t\t\t<h3 class=\"elementor-heading-title elementor-size-default\">Nos services comprennent :<\/h3>\t\t\t\t<\/div>\n\t\t\t\t<\/div>\n\t\t\t\t<div class=\"elementor-element elementor-element-68b2629 elementor-widget elementor-widget-text-editor\" data-id=\"68b2629\" data-element_type=\"widget\" data-widget_type=\"text-editor.default\">\n\t\t\t\t<div class=\"elementor-widget-container\">\n\t\t\t\t\t\t\t\t\t<ul><li>\u00c9valuation de l'\u00e9ligibilit\u00e9<\/li><li>Pr\u00e9paration et r\u00e9vision de votre <b>dossier de candidature<\/b><b><\/b><\/li><li>Orientations sur <b>calcul de la pr\u00e9sence physique<\/b><b><\/b><\/li><li>Aide \u00e0 la collecte <b>documents justificatifs<\/b><b><\/b><\/li><li>Envoi de la candidature \u00e0 <b>IRCC<\/b><b><\/b><\/li><li>Soutien continu, y compris la pr\u00e9paration \u00e0 la <b>test de citoyennet\u00e9<\/b> et <b>entretien<\/b>le cas \u00e9ch\u00e9ant<\/li><\/ul>\t\t\t\t\t\t\t\t<\/div>\n\t\t\t\t<\/div>\n\t\t\t\t<div class=\"elementor-element elementor-element-0a5ceec elementor-widget elementor-widget-heading\" data-id=\"0a5ceec\" data-element_type=\"widget\" data-widget_type=\"heading.default\">\n\t\t\t\t<div class=\"elementor-widget-container\">\n\t\t\t\t\t<h3 class=\"elementor-heading-title elementor-size-default\">D\u00e9lai de traitement<\/h3>\t\t\t\t<\/div>\n\t\t\t\t<\/div>\n\t\t\t\t<div class=\"elementor-element elementor-element-e96325d elementor-widget elementor-widget-text-editor\" data-id=\"e96325d\" data-element_type=\"widget\" data-widget_type=\"text-editor.default\">\n\t\t\t\t<div class=\"elementor-widget-container\">\n\t\t\t\t\t\t\t\t\t<p>Le d\u00e9lai de traitement des demandes de citoyennet\u00e9 canadienne est actuellement estim\u00e9 \u00e0<\/p><p>\ud83d\udd52 <b>13 \u00e0 15 mois<\/b> (\u00e0 partir de la date \u00e0 laquelle IRCC re\u00e7oit une demande compl\u00e8te)<\/p>\t\t\t\t\t\t\t\t<\/div>\n\t\t\t\t<\/div>\n\t\t\t\t<div class=\"elementor-element elementor-element-4802a92 elementor-widget elementor-widget-visaland-theme-accordion-widget\" data-id=\"4802a92\" data-element_type=\"widget\" data-widget_type=\"visaland-theme-accordion-widget.default\">\n\t\t\t\t<div class=\"elementor-widget-container\">\n\t\t\t\t\t\r\n\t\r\n<div class=\"faq-content\">\r\n\t<div class=\"faq-accordion\">\r\n\t\t<div class=\"accordion\" id=\"accordion\">\r\n\t\t\t\t\t\t<div class=\"accordion-item wow fadeInUp\" data-wow-delay=\".5s\">\r\n\t\t\t\t<h4 class=\"accordion-header\">\r\n\t\t\t\t\t<button class=\"accordion-button\" type=\"button\" data-bs-toggle=\"collapse\" data-bs-target=\"#faq20\" aria-expanded=\"true\" aria-controls=\"faq20\">\r\n\t\t\t\t\t\t1. Puis-je demander la citoyennet\u00e9 si je suis r\u00e9sident permanent depuis moins de cinq ans ?\t\t\t\t\t<\/button>\r\n\t\t\t\t<\/h4>\r\n\t\t\t\t<div id=\"faq20\" class=\"accordion-collapse collapse\" data-bs-parent=\"#accordion\">\r\n\t\t\t\t\t<div class=\"accordion-body\">\r\n\t\t\t\t\t\tOui, si vous avez \u00e9t\u00e9 physiquement pr\u00e9sent au Canada pendant au moins 1 095 jours au cours des cinq derni\u00e8res ann\u00e9es, vous pouvez pr\u00e9senter une demande.\t\t\t\t\t<\/div>\r\n\t\t\t\t<\/div>\r\n\t\t\t<\/div>\r\n\t\t\t\t\t\t<div class=\"accordion-item wow fadeInUp\" data-wow-delay=\".5s\">\r\n\t\t\t\t<h4 class=\"accordion-header\">\r\n\t\t\t\t\t<button class=\"accordion-button\" type=\"button\" data-bs-toggle=\"collapse\" data-bs-target=\"#faq21\" aria-expanded=\"true\" aria-controls=\"faq21\">\r\n\t\t\t\t\t\t2. Dois-je parler anglais ou fran\u00e7ais pour postuler ?\t\t\t\t\t<\/button>\r\n\t\t\t\t<\/h4>\r\n\t\t\t\t<div id=\"faq21\" class=\"accordion-collapse collapse show\" data-bs-parent=\"#accordion\">\r\n\t\t\t\t\t<div class=\"accordion-body\">\r\n\t\t\t\t\t\tSi vous avez entre 18 et 54 ans, vous devez fournir une preuve de vos comp\u00e9tences linguistiques en anglais ou en fran\u00e7ais. Les documents acceptables sont les r\u00e9sultats des tests linguistiques ou la preuve d'une formation achev\u00e9e au Canada en anglais ou en fran\u00e7ais.\t\t\t\t\t<\/div>\r\n\t\t\t\t<\/div>\r\n\t\t\t<\/div>\r\n\t\t\t\t\t\t<div class=\"accordion-item wow fadeInUp\" data-wow-delay=\".5s\">\r\n\t\t\t\t<h4 class=\"accordion-header\">\r\n\t\t\t\t\t<button class=\"accordion-button\" type=\"button\" data-bs-toggle=\"collapse\" data-bs-target=\"#faq22\" aria-expanded=\"true\" aria-controls=\"faq22\">\r\n\t\t\t\t\t\t3. Dois-je passer un examen de citoyennet\u00e9 ?\t\t\t\t\t<\/button>\r\n\t\t\t\t<\/h4>\r\n\t\t\t\t<div id=\"faq22\" class=\"accordion-collapse collapse\" data-bs-parent=\"#accordion\">\r\n\t\t\t\t\t<div class=\"accordion-body\">\r\n\t\t\t\t\t\tOui, si vous avez entre 18 et 54 ans, vous devrez passer un examen de citoyennet\u00e9 qui couvre l'histoire, la g\u00e9ographie, le gouvernement, les lois et les symboles du Canada.\t\t\t\t\t<\/div>\r\n\t\t\t\t<\/div>\r\n\t\t\t<\/div>\r\n\t\t\t\t\t\t<div class=\"accordion-item wow fadeInUp\" data-wow-delay=\".5s\">\r\n\t\t\t\t<h4 class=\"accordion-header\">\r\n\t\t\t\t\t<button class=\"accordion-button\" type=\"button\" data-bs-toggle=\"collapse\" data-bs-target=\"#faq23\" aria-expanded=\"true\" aria-controls=\"faq23\">\r\n\t\t\t\t\t\t4. Quelle est la dur\u00e9e du processus ?\t\t\t\t\t<\/button>\r\n\t\t\t\t<\/h4>\r\n\t\t\t\t<div id=\"faq23\" class=\"accordion-collapse collapse\" data-bs-parent=\"#accordion\">\r\n\t\t\t\t\t<div class=\"accordion-body\">\r\n\t\t\t\t\t\tEn moyenne, le d\u00e9lai de traitement est de 13 \u00e0 15 mois \u00e0 compter de la date de r\u00e9ception par IRCC d'une demande compl\u00e8te. Les d\u00e9lais peuvent varier en fonction du volume de demandes et de la complexit\u00e9 des cas individuels.\t\t\t\t\t<\/div>\r\n\t\t\t\t<\/div>\r\n\t\t\t<\/div>\r\n\t\t\t\t\t\t<div class=\"accordion-item wow fadeInUp\" data-wow-delay=\".5s\">\r\n\t\t\t\t<h4 class=\"accordion-header\">\r\n\t\t\t\t\t<button class=\"accordion-button\" type=\"button\" data-bs-toggle=\"collapse\" data-bs-target=\"#faq24\" aria-expanded=\"true\" aria-controls=\"faq24\">\r\n\t\t\t\t\t\t5. El Camino peut-il m'aider \u00e0 calculer mes jours de pr\u00e9sence physique ?\t\t\t\t\t<\/button>\r\n\t\t\t\t<\/h4>\r\n\t\t\t\t<div id=\"faq24\" class=\"accordion-collapse collapse\" data-bs-parent=\"#accordion\">\r\n\t\t\t\t\t<div class=\"accordion-body\">\r\n\t\t\t\t\t\tOui. Nous vous aiderons \u00e0 remplir avec pr\u00e9cision le calculateur de pr\u00e9sence physique et \u00e0 vous assurer que vos jours au Canada r\u00e9pondent aux exigences d'IRCC.\t\t\t\t\t<\/div>\r\n\t\t\t\t<\/div>\r\n\t\t\t<\/div>\r\n\t\t\t\t\t\t<div class=\"accordion-item wow fadeInUp\" data-wow-delay=\".5s\">\r\n\t\t\t\t<h4 class=\"accordion-header\">\r\n\t\t\t\t\t<button class=\"accordion-button\" type=\"button\" data-bs-toggle=\"collapse\" data-bs-target=\"#faq25\" aria-expanded=\"true\" aria-controls=\"faq25\">\r\n\t\t\t\t\t\t6. Que se passe-t-il une fois que j'ai d\u00e9pos\u00e9 ma demande ?\t\t\t\t\t<\/button>\r\n\t\t\t\t<\/h4>\r\n\t\t\t\t<div id=\"faq25\" class=\"accordion-collapse collapse\" data-bs-parent=\"#accordion\">\r\n\t\t\t\t\t<div class=\"accordion-body\">\r\n\t\t\t\t\t\tApr\u00e8s avoir soumis votre demande :\nIRCC vous enverra un accus\u00e9 de r\u00e9ception.\nVous pouvez \u00eatre invit\u00e9 \u00e0 passer un test de citoyennet\u00e9 et un entretien.\nVous recevrez une convocation pour la c\u00e9r\u00e9monie de citoyennet\u00e9 une fois votre demande approuv\u00e9e.\t\t\t\t\t<\/div>\r\n\t\t\t\t<\/div>\r\n\t\t\t<\/div>\r\n\t\t\t\t\t\t<div class=\"accordion-item wow fadeInUp\" data-wow-delay=\".5s\">\r\n\t\t\t\t<h4 class=\"accordion-header\">\r\n\t\t\t\t\t<button class=\"accordion-button\" type=\"button\" data-bs-toggle=\"collapse\" data-bs-target=\"#faq26\" aria-expanded=\"true\" aria-controls=\"faq26\">\r\n\t\t\t\t\t\t7. Puis-je voyager pendant le traitement de ma demande de citoyennet\u00e9 ?\t\t\t\t\t<\/button>\r\n\t\t\t\t<\/h4>\r\n\t\t\t\t<div id=\"faq26\" class=\"accordion-collapse collapse\" data-bs-parent=\"#accordion\">\r\n\t\t\t\t\t<div class=\"accordion-body\">\r\n\t\t\t\t\t\tOui, mais vous devez rester r\u00e9sident permanent et conserver des liens avec le Canada. Il est important d'informer IRCC de tout changement d'adresse ou de voyage.\t\t\t\t\t<\/div>\r\n\t\t\t\t<\/div>\r\n\t\t\t<\/div>\r\n\t\t\t\t\t<\/div>\r\n\t<\/div>\r\n<\/div>\r\n\r\n\t\r\n\r\n\r\n             \r\n\t\t\t\t\t\t<\/div>\n\t\t\t\t<\/div>\n\t\t\t\t\t<\/div>\n\t\t\t\t<\/div>\n\t\t\t\t<\/div>","protected":false},"excerpt":{"rendered":"<p>Apply for Canadian Citizenship Becoming a Canadian citizen is a significant milestone and the final step in your immigration journey. If you are a Permanent Resident of Canada and meet the eligibility requirements, you may be able to apply for Canadian citizenship. At El Camino Immigration Services, we ensure that your application is complete, accurate,<\/p>","protected":false},"author":1,"featured_media":0,"parent":0,"menu_order":0,"comment_status":"closed","ping_status":"closed","template":"","meta":{"inline_featured_image":false,"footnotes":""},"class_list":["post-3030","page","type-page","status-publish","hentry"],"aioseo_notices":[],"_links":{"self":[{"href":"http:\/\/elcaminocanada.com\/fr\/wp-json\/wp\/v2\/pages\/3030","targetHints":{"allow":["GET"]}}],"collection":[{"href":"http:\/\/elcaminocanada.com\/fr\/wp-json\/wp\/v2\/pages"}],"about":[{"href":"http:\/\/elcaminocanada.com\/fr\/wp-json\/wp\/v2\/types\/page"}],"author":[{"embeddable":true,"href":"http:\/\/elcaminocanada.com\/fr\/wp-json\/wp\/v2\/users\/1"}],"replies":[{"embeddable":true,"href":"http:\/\/elcaminocanada.com\/fr\/wp-json\/wp\/v2\/comments?post=3030"}],"version-history":[{"count":7,"href":"http:\/\/elcaminocanada.com\/fr\/wp-json\/wp\/v2\/pages\/3030\/revisions"}],"predecessor-version":[{"id":3038,"href":"http:\/\/elcaminocanada.com\/fr\/wp-json\/wp\/v2\/pages\/3030\/revisions\/3038"}],"wp:attachment":[{"href":"http:\/\/elcaminocanada.com\/fr\/wp-json\/wp\/v2\/media?parent=3030"}],"curies":[{"name":"wp","href":"https:\/\/api.w.org\/{rel}","templated":true}]}}