{"id":1648,"date":"2025-03-12T16:49:49","date_gmt":"2025-03-12T16:49:49","guid":{"rendered":"http:\/\/temp.elcaminocanada.com\/?page_id=1648"},"modified":"2025-09-18T19:00:06","modified_gmt":"2025-09-18T19:00:06","slug":"spouse-cl-sponsorship","status":"publish","type":"page","link":"https:\/\/elcaminocanada.com\/es\/spouse-cl-sponsorship\/","title":{"rendered":"C\u00f3nyuge - Patrocinio CL"},"content":{"rendered":"<div data-elementor-type=\"wp-page\" data-elementor-id=\"1648\" class=\"elementor elementor-1648\">\n\t\t\t\t<div class=\"elementor-element elementor-element-251b92a e-flex e-con-boxed e-con e-parent\" data-id=\"251b92a\" data-element_type=\"container\">\n\t\t\t\t\t<div class=\"e-con-inner\">\n\t\t\t\t<div class=\"elementor-element elementor-element-f9e7889 elementor-widget elementor-widget-heading\" data-id=\"f9e7889\" data-element_type=\"widget\" data-widget_type=\"heading.default\">\n\t\t\t\t<div class=\"elementor-widget-container\">\n\t\t\t\t\t<h2 class=\"elementor-heading-title elementor-size-default\">REQUISITOS B\u00c1SICOS PARA EL APADRINAMIENTO FAMILIAR<\/h2>\t\t\t\t<\/div>\n\t\t\t\t<\/div>\n\t\t\t\t<div class=\"elementor-element elementor-element-49e5810 elementor-widget elementor-widget-text-editor\" data-id=\"49e5810\" data-element_type=\"widget\" data-widget_type=\"text-editor.default\">\n\t\t\t\t<div class=\"elementor-widget-container\">\n\t\t\t\t\t\t\t\t\t<p>Para apadrinar permanentemente a su familia, debe cumplir los siguientes requisitos.<\/p><p>Debes estar...<\/p>\t\t\t\t\t\t\t\t<\/div>\n\t\t\t\t<\/div>\n\t\t\t\t<div class=\"elementor-element elementor-element-d5f822a elementor-widget elementor-widget-text-editor\" data-id=\"d5f822a\" data-element_type=\"widget\" data-widget_type=\"text-editor.default\">\n\t\t\t\t<div class=\"elementor-widget-container\">\n\t\t\t\t\t\t\t\t\t<ol><li>18 a\u00f1os o m\u00e1s<\/li><li>En un acuerdo de apadrinamiento con el familiar apadrinado donde debe constar por escrito que usted proporcionar\u00e1 ayuda econ\u00f3mica a su familiar.<\/li><li>Apoyo econ\u00f3mico a su c\u00f3nyuge, pareja de hecho o conyugal durante tres a\u00f1os a partir de la fecha en que se conviertan en residentes permanentes.<\/li><li>Manutenci\u00f3n econ\u00f3mica de un hijo a cargo durante diez a\u00f1os o hasta que el hijo cumpla 22 a\u00f1os, lo que ocurra primero.<\/li><\/ol>\t\t\t\t\t\t\t\t<\/div>\n\t\t\t\t<\/div>\n\t\t\t\t<div class=\"elementor-element elementor-element-7bae229 elementor-widget elementor-widget-heading\" data-id=\"7bae229\" data-element_type=\"widget\" data-widget_type=\"heading.default\">\n\t\t\t\t<div class=\"elementor-widget-container\">\n\t\t\t\t\t<h3 class=\"elementor-heading-title elementor-size-default\">\u00bfA qui\u00e9n se puede apadrinar en la clase de apadrinamiento familiar?<\/h3>\t\t\t\t<\/div>\n\t\t\t\t<\/div>\n\t\t\t\t<div class=\"elementor-element elementor-element-8394d6c elementor-widget elementor-widget-text-editor\" data-id=\"8394d6c\" data-element_type=\"widget\" data-widget_type=\"text-editor.default\">\n\t\t\t\t<div class=\"elementor-widget-container\">\n\t\t\t\t\t\t\t\t\t<ol><li>C\u00f3nyuge<\/li><li>Pareja de hecho<\/li><li>Pareja conyugal<\/li><li>Hijos a cargo<\/li><li>Padres<\/li><li>Abuelos<\/li><li>Hermanos o hermanas, sobrinos o sobrinas, nietas o nietos, que sean hu\u00e9rfanos, menores de 18 a\u00f1os y que no est\u00e9n casados ni sean pareja de hecho.<\/li><li>Otro familiar de cualquier v\u00ednculo o edad, pero s\u00f3lo en determinadas condiciones<\/li><li>Acompa\u00f1antes a cargo de los anteriores<\/li><\/ol>\t\t\t\t\t\t\t\t<\/div>\n\t\t\t\t<\/div>\n\t\t\t\t<div class=\"elementor-element elementor-element-92b187e elementor-widget elementor-widget-text-editor\" data-id=\"92b187e\" data-element_type=\"widget\" data-widget_type=\"text-editor.default\">\n\t\t\t\t<div class=\"elementor-widget-container\">\n\t\t\t\t\t\t\t\t\t<p>Para conocer en detalle la inmigraci\u00f3n por patrocinio familiar en BC, no dude en ponerse en contacto con nuestros asesores de inmigraci\u00f3n. Estamos a su disposici\u00f3n para ofrecerle una asistencia integral en materia de inmigraci\u00f3n.<\/p>\t\t\t\t\t\t\t\t<\/div>\n\t\t\t\t<\/div>\n\t\t\t\t<div class=\"elementor-element elementor-element-1c314a1 elementor-widget elementor-widget-heading\" data-id=\"1c314a1\" data-element_type=\"widget\" data-widget_type=\"heading.default\">\n\t\t\t\t<div class=\"elementor-widget-container\">\n\t\t\t\t\t<h2 class=\"elementor-heading-title elementor-size-default\">C\u00d3NYUGE - CONCUBINATO APADRINAMIENTO INMIGRACI\u00d3N<\/h2>\t\t\t\t<\/div>\n\t\t\t\t<\/div>\n\t\t\t\t<div class=\"elementor-element elementor-element-845e68b elementor-widget elementor-widget-text-editor\" data-id=\"845e68b\" data-element_type=\"widget\" data-widget_type=\"text-editor.default\">\n\t\t\t\t<div class=\"elementor-widget-container\">\n\t\t\t\t\t\t\t\t\t<p>Canad\u00e1 es popular entre la comunidad inmigrante por sus amplias oportunidades. En gran medida, los inmigrantes de diferentes lugares geogr\u00e1ficos contribuyen principalmente a conformar la econom\u00eda del pa\u00eds. A trav\u00e9s de su indulgente pol\u00edtica de inmigraci\u00f3n, el gobierno federal de Canad\u00e1 ha abierto las puertas a personas de todo el mundo para vivir, trabajar, estudiar y establecerse permanentemente en Canad\u00e1.<\/p><p>Los ciudadanos y residentes permanentes de Canad\u00e1 pueden traer a su c\u00f3nyuge al pa\u00eds utilizando los privilegios de RP. El proceso es un poco complicado, y nosotros podemos ayudarle con ello. Aproveche nuestra experiencia en el <strong>c\u00f3nyuge - apadrinamiento de hecho inmigraci\u00f3n <\/strong>aqu\u00ed<strong> BC<\/strong> y d\u00e9jenos los quebraderos de cabeza a nosotros. El procedimiento de patrocinio del c\u00f3nyuge para Canad\u00e1 PR tiene m\u00e1s variables en comparaci\u00f3n con otros programas de inmigraci\u00f3n.<\/p>\t\t\t\t\t\t\t\t<\/div>\n\t\t\t\t<\/div>\n\t\t\t\t<div class=\"elementor-element elementor-element-a8fe735 elementor-widget elementor-widget-heading\" data-id=\"a8fe735\" data-element_type=\"widget\" data-widget_type=\"heading.default\">\n\t\t\t\t<div class=\"elementor-widget-container\">\n\t\t\t\t\t<h2 class=\"elementor-heading-title elementor-size-default\">NORMAS DE ELEGIBILIDAD PARA LA RESIDENCIA PERMANENTE DEL C\u00d3NYUGE EN CANAD\u00c1<\/h2>\t\t\t\t<\/div>\n\t\t\t\t<\/div>\n\t\t\t\t<div class=\"elementor-element elementor-element-1300ed4 elementor-widget elementor-widget-text-editor\" data-id=\"1300ed4\" data-element_type=\"widget\" data-widget_type=\"text-editor.default\">\n\t\t\t\t<div class=\"elementor-widget-container\">\n\t\t\t\t\t\t\t\t\t<p>Adem\u00e1s de los estrictos requisitos de educaci\u00f3n, experiencia laboral y dominio del idioma, el patrocinio del c\u00f3nyuge para la obtenci\u00f3n de la nacionalidad canadiense implica otros requisitos de elegibilidad, como los siguientes:<\/p>\t\t\t\t\t\t\t\t<\/div>\n\t\t\t\t<\/div>\n\t\t\t\t<div class=\"elementor-element elementor-element-2b37151 elementor-widget elementor-widget-text-editor\" data-id=\"2b37151\" data-element_type=\"widget\" data-widget_type=\"text-editor.default\">\n\t\t\t\t<div class=\"elementor-widget-container\">\n\t\t\t\t\t\t\t\t\t<ol>\n \t<li>18 a\u00f1os o m\u00e1s<\/li>\n \t<li>Ser ciudadano canadiense o residente permanente<\/li>\n \t<li>Debe tener un expediente policial limpio y no debe estar acusado de ning\u00fan delito grave<\/li>\n \t<li>No haber sido invitado a Canad\u00e1 como c\u00f3nyuge patrocinado en los \u00faltimos cinco a\u00f1os.<\/li>\n<\/ol>\t\t\t\t\t\t\t\t<\/div>\n\t\t\t\t<\/div>\n\t\t\t\t<div class=\"elementor-element elementor-element-2b2564d elementor-widget elementor-widget-heading\" data-id=\"2b2564d\" data-element_type=\"widget\" data-widget_type=\"heading.default\">\n\t\t\t\t<div class=\"elementor-widget-container\">\n\t\t\t\t\t<h2 class=\"elementor-heading-title elementor-size-default\">TIEMPO DE TRAMITACI\u00d3N DEL APADRINAMIENTO DEL C\u00d3NYUGE CANADIENSE<\/h2>\t\t\t\t<\/div>\n\t\t\t\t<\/div>\n\t\t\t\t<div class=\"elementor-element elementor-element-ec5cd44 elementor-widget elementor-widget-text-editor\" data-id=\"ec5cd44\" data-element_type=\"widget\" data-widget_type=\"text-editor.default\">\n\t\t\t\t<div class=\"elementor-widget-container\">\n\t\t\t\t\t\t\t\t\t<p>Algunos factores pueden acabar con las posibilidades de apadrinar a su c\u00f3nyuge. Son los siguientes:<\/p>\t\t\t\t\t\t\t\t<\/div>\n\t\t\t\t<\/div>\n\t\t\t\t<div class=\"elementor-element elementor-element-2ae6b91 elementor-widget elementor-widget-text-editor\" data-id=\"2ae6b91\" data-element_type=\"widget\" data-widget_type=\"text-editor.default\">\n\t\t\t\t<div class=\"elementor-widget-container\">\n\t\t\t\t\t\t\t\t\t<ol>\n \t<li>Si es menor de 18 a\u00f1os o est\u00e1 casado con otra persona cuando \u00e9sta se casa con el solicitante apadrinado.<\/li>\n \t<li>No haber presentado ninguna prueba financiera en apoyo de un patrocinio anterior.<\/li>\n \t<li>Vosotros dos hab\u00e9is vivido separados, o alguno de vosotros ha mantenido una relaci\u00f3n matrimonial o de hecho con una tercera persona.<\/li>\n \t<li>Haber firmado ya un acuerdo de patrocinio que sea v\u00e1lido mientras se solicita otro programa de patrocinio a CIC<\/li>\n \t<li>Han sido admitidos en Canad\u00e1 pero no han sido examinados por el CIC<\/li>\n<\/ol>\t\t\t\t\t\t\t\t<\/div>\n\t\t\t\t<\/div>\n\t\t\t\t<div class=\"elementor-element elementor-element-8e3ffa1 elementor-widget elementor-widget-text-editor\" data-id=\"8e3ffa1\" data-element_type=\"widget\" data-widget_type=\"text-editor.default\">\n\t\t\t\t<div class=\"elementor-widget-container\">\n\t\t\t\t\t\t\t\t\t<p>Para obtener m\u00e1s informaci\u00f3n sobre el <strong>solicitud de inmigraci\u00f3n por patrocinio del c\u00f3nyuge<\/strong>p\u00f3ngase en contacto con El Camino Immigration Services. No dude en <a href=\"https:\/\/elcaminocanada.com\/es\/consultation\/\">programe su cita<\/a> con nosotros.<\/p>\t\t\t\t\t\t\t\t<\/div>\n\t\t\t\t<\/div>\n\t\t\t\t\t<\/div>\n\t\t\t\t<\/div>\n\t\t<div class=\"elementor-element elementor-element-078024c e-flex e-con-boxed e-con e-parent\" data-id=\"078024c\" data-element_type=\"container\">\n\t\t\t\t\t<div class=\"e-con-inner\">\n\t\t\t\t<div class=\"elementor-element elementor-element-745e060 elementor-widget elementor-widget-spacer\" data-id=\"745e060\" data-element_type=\"widget\" data-widget_type=\"spacer.default\">\n\t\t\t\t<div class=\"elementor-widget-container\">\n\t\t\t\t\t\t\t<div class=\"elementor-spacer\">\n\t\t\t<div class=\"elementor-spacer-inner\"><\/div>\n\t\t<\/div>\n\t\t\t\t\t\t<\/div>\n\t\t\t\t<\/div>\n\t\t\t\t\t<\/div>\n\t\t\t\t<\/div>\n\t\t\t\t<\/div>","protected":false},"excerpt":{"rendered":"<p>BASIC REQUIREMENTS FOR FAMILY SPONSORSHIP To permanently sponsor your family, you have to meet the following criteria. You must be \u2013 18 years of age or older In a sponsorship agreement with the sponsored relative where it should be written that you will provide financial support for your relative. Financial support for your spouse, common-law<\/p>","protected":false},"author":1,"featured_media":0,"parent":0,"menu_order":0,"comment_status":"closed","ping_status":"closed","template":"elementor_header_footer","meta":{"inline_featured_image":false,"footnotes":""},"class_list":["post-1648","page","type-page","status-publish","hentry"],"aioseo_notices":[],"_links":{"self":[{"href":"https:\/\/elcaminocanada.com\/es\/wp-json\/wp\/v2\/pages\/1648","targetHints":{"allow":["GET"]}}],"collection":[{"href":"https:\/\/elcaminocanada.com\/es\/wp-json\/wp\/v2\/pages"}],"about":[{"href":"https:\/\/elcaminocanada.com\/es\/wp-json\/wp\/v2\/types\/page"}],"author":[{"embeddable":true,"href":"https:\/\/elcaminocanada.com\/es\/wp-json\/wp\/v2\/users\/1"}],"replies":[{"embeddable":true,"href":"https:\/\/elcaminocanada.com\/es\/wp-json\/wp\/v2\/comments?post=1648"}],"version-history":[{"count":16,"href":"https:\/\/elcaminocanada.com\/es\/wp-json\/wp\/v2\/pages\/1648\/revisions"}],"predecessor-version":[{"id":4145,"href":"https:\/\/elcaminocanada.com\/es\/wp-json\/wp\/v2\/pages\/1648\/revisions\/4145"}],"wp:attachment":[{"href":"https:\/\/elcaminocanada.com\/es\/wp-json\/wp\/v2\/media?parent=1648"}],"curies":[{"name":"wp","href":"https:\/\/api.w.org\/{rel}","templated":true}]}}