{"id":1671,"date":"2025-03-12T18:13:09","date_gmt":"2025-03-12T18:13:09","guid":{"rendered":"http:\/\/temp.elcaminocanada.com\/?page_id=1671"},"modified":"2025-09-12T23:30:23","modified_gmt":"2025-09-12T23:30:23","slug":"labour-market-impact-assessment","status":"publish","type":"page","link":"https:\/\/elcaminocanada.com\/es\/labour-market-impact-assessment\/","title":{"rendered":"Evaluaci\u00f3n de impacto en el mercado laboral"},"content":{"rendered":"<div data-elementor-type=\"wp-page\" data-elementor-id=\"1671\" class=\"elementor elementor-1671\">\n\t\t\t\t<div class=\"elementor-element elementor-element-d7dd561 e-flex e-con-boxed e-con e-parent\" data-id=\"d7dd561\" data-element_type=\"container\">\n\t\t\t\t\t<div class=\"e-con-inner\">\n\t\t\t\t<div class=\"elementor-element elementor-element-1b4eb4b elementor-widget elementor-widget-heading\" data-id=\"1b4eb4b\" data-element_type=\"widget\" data-widget_type=\"heading.default\">\n\t\t\t\t<div class=\"elementor-widget-container\">\n\t\t\t\t\t<h2 class=\"elementor-heading-title elementor-size-default\">\u00bfNo encuentra empleados suficientes y especializados en Canad\u00e1?<\/h2>\t\t\t\t<\/div>\n\t\t\t\t<\/div>\n\t\t\t\t<div class=\"elementor-element elementor-element-e0404c6 elementor-widget elementor-widget-text-editor\" data-id=\"e0404c6\" data-element_type=\"widget\" data-widget_type=\"text-editor.default\">\n\t\t\t\t<div class=\"elementor-widget-container\">\n\t\t\t\t\t\t\t\t\t<p>La econom\u00eda canadiense se desarrolla a gran velocidad. Para competir en un entorno tan din\u00e1mico, las empresas buscan a los mejores en el mercado laboral. No siempre es posible contratar a un trabajador canadiense en las ocupaciones m\u00e1s demandadas. La raz\u00f3n es evidente: un n\u00famero limitado de candidatos y especialistas.<\/p>\t\t\t\t\t\t\t\t<\/div>\n\t\t\t\t<\/div>\n\t\t\t\t<div class=\"elementor-element elementor-element-47e9e8b elementor-widget elementor-widget-heading\" data-id=\"47e9e8b\" data-element_type=\"widget\" data-widget_type=\"heading.default\">\n\t\t\t\t<div class=\"elementor-widget-container\">\n\t\t\t\t\t<h2 class=\"elementor-heading-title elementor-size-default\">\u00bfPor qu\u00e9 no contrata a un trabajador extranjero?<\/h2>\t\t\t\t<\/div>\n\t\t\t\t<\/div>\n\t\t\t\t<div class=\"elementor-element elementor-element-0738834 elementor-widget elementor-widget-text-editor\" data-id=\"0738834\" data-element_type=\"widget\" data-widget_type=\"text-editor.default\">\n\t\t\t\t<div class=\"elementor-widget-container\">\n\t\t\t\t\t\t\t\t\t<p>El Gobierno de Canad\u00e1 concede a los empresarios que re\u00fanan los requisitos necesarios el derecho a buscar trabajadores en el extranjero. Canad\u00e1, como tierra de inmigrantes, acoge a ciudadanos extranjeros que pueden beneficiar a nuestra econom\u00eda y ayudar a crecer a las empresas canadienses. Para traer un trabajador extranjero a Canad\u00e1, el empresario debe obtener una evaluaci\u00f3n positiva del impacto en el mercado laboral o LMIA (Labour Market Impact Assessment).<\/p>\t\t\t\t\t\t\t\t<\/div>\n\t\t\t\t<\/div>\n\t\t\t\t<div class=\"elementor-element elementor-element-76afcf7 elementor-widget elementor-widget-heading\" data-id=\"76afcf7\" data-element_type=\"widget\" data-widget_type=\"heading.default\">\n\t\t\t\t<div class=\"elementor-widget-container\">\n\t\t\t\t\t<h2 class=\"elementor-heading-title elementor-size-default\">El trabajador extranjero trabajar\u00e1 para ti durante varios a\u00f1os.<\/h2>\t\t\t\t<\/div>\n\t\t\t\t<\/div>\n\t\t\t\t<div class=\"elementor-element elementor-element-db40901 elementor-widget elementor-widget-text-editor\" data-id=\"db40901\" data-element_type=\"widget\" data-widget_type=\"text-editor.default\">\n\t\t\t\t<div class=\"elementor-widget-container\">\n\t\t\t\t\t\t\t\t\t<p>Es bastante habitual perder a su empleado si un competidor le ofrece un salario m\u00e1s alto y no hay posibilidad de evitar estas situaciones. Sin embargo, un trabajador extranjero con un permiso de trabajo basado en la LMIA puede trabajar \u00fanicamente para el empleador especificado en su permiso de trabajo. Los trabajadores extranjeros necesitan entre 1 y 2 a\u00f1os de experiencia laboral canadiense para inmigrar a Canad\u00e1; por tanto, \u00a1seguir\u00e1n trabajando para usted durante ese periodo!<\/p>\t\t\t\t\t\t\t\t<\/div>\n\t\t\t\t<\/div>\n\t\t\t\t<div class=\"elementor-element elementor-element-b8b398e elementor-widget elementor-widget-heading\" data-id=\"b8b398e\" data-element_type=\"widget\" data-widget_type=\"heading.default\">\n\t\t\t\t<div class=\"elementor-widget-container\">\n\t\t\t\t\t<h2 class=\"elementor-heading-title elementor-size-default\">\u00bfQu\u00e9 es LMIA?<\/h2>\t\t\t\t<\/div>\n\t\t\t\t<\/div>\n\t\t\t\t<div class=\"elementor-element elementor-element-bd9c692 elementor-widget elementor-widget-text-editor\" data-id=\"bd9c692\" data-element_type=\"widget\" data-widget_type=\"text-editor.default\">\n\t\t\t\t<div class=\"elementor-widget-container\">\n\t\t\t\t\t\t\t\t\t<p>LMIA son las siglas de Labour Market Impact Assessment (evaluaci\u00f3n del impacto en el mercado laboral) y es un documento particular expedido por el Ministerio de Empleo y Desarrollo Social de Canad\u00e1 (ESDC), que permite a los empresarios canadienses contratar a un extranjero. Suena perfecto, \u00bfverdad? Desgraciadamente, como en toda instituci\u00f3n y burocracia, hay un mont\u00f3n de reglamentos, condiciones y excepciones que el empresario debe superar para obtener una LMIA positiva antes incluso de buscar un candidato adecuado en el extranjero.<\/p>\t\t\t\t\t\t\t\t<\/div>\n\t\t\t\t<\/div>\n\t\t\t\t<div class=\"elementor-element elementor-element-58ef41b elementor-widget elementor-widget-heading\" data-id=\"58ef41b\" data-element_type=\"widget\" data-widget_type=\"heading.default\">\n\t\t\t\t<div class=\"elementor-widget-container\">\n\t\t\t\t\t<h2 class=\"elementor-heading-title elementor-size-default\">\u00bfC\u00f3mo obtener un LMIA?<\/h2>\t\t\t\t<\/div>\n\t\t\t\t<\/div>\n\t\t\t\t<div class=\"elementor-element elementor-element-04cd78d elementor-widget elementor-widget-text-editor\" data-id=\"04cd78d\" data-element_type=\"widget\" data-widget_type=\"text-editor.default\">\n\t\t\t\t<div class=\"elementor-widget-container\">\n\t\t\t\t\t\t\t\t\t<p>Una vez demostrada su idoneidad, los empresarios deben aportar pruebas de que han intentado encontrar un empleado cualificado en Canad\u00e1. Adem\u00e1s, deben demostrar que han anunciado el puesto de forma adecuada y el tiempo suficiente. Todo este quebradero de cabeza es obligatorio independientemente de si se tiene o no un candidato id\u00f3neo en el extranjero.<\/p>\t\t\t\t\t\t\t\t<\/div>\n\t\t\t\t<\/div>\n\t\t\t\t<div class=\"elementor-element elementor-element-bb8b5b2 elementor-widget elementor-widget-heading\" data-id=\"bb8b5b2\" data-element_type=\"widget\" data-widget_type=\"heading.default\">\n\t\t\t\t<div class=\"elementor-widget-container\">\n\t\t\t\t\t<h2 class=\"elementor-heading-title elementor-size-default\">\u00bfHay alguna soluci\u00f3n?<\/h2>\t\t\t\t<\/div>\n\t\t\t\t<\/div>\n\t\t\t\t<div class=\"elementor-element elementor-element-1153e92 elementor-widget elementor-widget-text-editor\" data-id=\"1153e92\" data-element_type=\"widget\" data-widget_type=\"text-editor.default\">\n\t\t\t\t<div class=\"elementor-widget-container\">\n\t\t\t\t\t\t\t\t\t<p>\u00a1S\u00ed! \u00a1El Camino Immigration Services Inc. conoce bien todos los nuevos procedimientos, reglamentos, y est\u00e1n presentando docenas de solicitudes LMIA con \u00e9xito cada mes! El Camino Recruitment Services es nuestra agencia de contrataci\u00f3n autorizada con la que representamos a nuestros clientes canadienses en lo que respecta a sus necesidades de mano de obra dentro de Canad\u00e1 o en el extranjero. En el caso de los bien capacitados y duros trabajadores mexicanos, tenemos una alianza comercial con una de las pocas agencias de reclutamiento autorizadas en M\u00e9xico: Canada Bound Recruitment M\u00e9xico. Gracias a ellos, en muchos casos, ya contamos con candidatos que coinciden con su puesto de trabajo, quienes a su vez buscan una v\u00eda de ingreso a Canad\u00e1. \u00a1Esta es una situaci\u00f3n de ganar-ganar para su negocio y para el trabajador extranjero que desea inmigrar!<\/p>\t\t\t\t\t\t\t\t<\/div>\n\t\t\t\t<\/div>\n\t\t\t\t\t<\/div>\n\t\t\t\t<\/div>\n\t\t<div class=\"elementor-element elementor-element-2fbb812 e-flex e-con-boxed e-con e-parent\" data-id=\"2fbb812\" data-element_type=\"container\">\n\t\t\t\t\t<div class=\"e-con-inner\">\n\t\t\t\t<div class=\"elementor-element elementor-element-6c357b5 elementor-widget elementor-widget-visaland-theme-button-widget\" data-id=\"6c357b5\" data-element_type=\"widget\" data-widget_type=\"visaland-theme-button-widget.default\">\n\t\t\t\t<div class=\"elementor-widget-container\">\n\t\t\t\t\t\r\n\t\r\n\r\n\t<div class=\"about-button wow fadeInUp\" data-wow-delay=\".8s\">\r\n\t\t<a href=\"http:\/\/elcaminocanada.com\/es\/evaluation\/\" class=\"theme-btn\">\r\n\t\t\t<span>\r\n\t\t\tComplete el formulario de informaci\u00f3n del empleador\t\t\t\t<i class=\"fas fa-chevron-right\"><\/i>\r\n\t\t\t<\/span>\r\n\t\t<\/a>\r\n\t<\/div>\r\n\r\n\t\r\n\r\n             \r\n\t\t\t\t\t\t<\/div>\n\t\t\t\t<\/div>\n\t\t\t\t\t<\/div>\n\t\t\t\t<\/div>\n\t\t<div class=\"elementor-element elementor-element-52d7077 e-flex e-con-boxed e-con e-parent\" data-id=\"52d7077\" data-element_type=\"container\">\n\t\t\t\t\t<div class=\"e-con-inner\">\n\t\t\t\t<div class=\"elementor-element elementor-element-f58a855 elementor-widget elementor-widget-text-editor\" data-id=\"f58a855\" data-element_type=\"widget\" data-widget_type=\"text-editor.default\">\n\t\t\t\t<div class=\"elementor-widget-container\">\n\t\t\t\t\t\t\t\t\tEl Camino Immigration Services y Canada Bound Recruitment Mexico son profesionales comprometidos que har\u00e1n todos los procedimientos requeridos para que usted llene los puestos de trabajo con los trabajadores extranjeros que necesita, \u00a1de la manera m\u00e1s eficiente y r\u00e1pida posible!\n\nEn Columbia Brit\u00e1nica, los reclutadores y empleadores son <a href=\"https:\/\/www2.gov.bc.ca\/gov\/content\/employment-business\/employment-standards-advice\/employment-standards\/hiring\/hire-temporary-foreign-workers\/find-emloyer-recruiter\" target=\"_blank\" rel=\"noopener noreferrer\">regulado<\/a> en virtud de la Ley de Protecci\u00f3n de los Trabajadores Extranjeros Temporales para protegerlos contra las pr\u00e1cticas desleales. Desde el primer d\u00eda de exigencia, cumplimos la Ley con el n\u00famero de licencia <a href=\"https:\/\/services.labour.gov.bc.ca\/licensing\/TFW_IssuancePublication\" target=\"_blank\" style=\"color: #e20935;\">\n  <strong>IS-0056517<\/strong>\n<\/a>.\n<br><br>\n<a href=\"https:\/\/services.labour.gov.bc.ca\/licensing\/TFW_GenerateIssuance?id=a0bOG0000013j9hYAA\" target=\"_blank\" rel=\"noopener\"><strong>Nuestra licencia de reclutador<\/strong><\/a>\n<br><br>\nPor favor, lea el <strong><a href=\"https:\/\/www.canada.ca\/en\/employment-social-development\/services\/foreign-workers\/employer-compliance.html\" target=\"_blank\" rel=\"noopener noreferrer\">Cumplimiento de la normativa por parte de los empresarios<\/a><\/strong>\t\t\t\t\t\t\t\t<\/div>\n\t\t\t\t<\/div>\n\t\t\t\t<div class=\"elementor-element elementor-element-91548af elementor-widget elementor-widget-text-editor\" data-id=\"91548af\" data-element_type=\"widget\" data-widget_type=\"text-editor.default\">\n\t\t\t\t<div class=\"elementor-widget-container\">\n\t\t\t\t\t\t\t\t\t<h3><a href=\"http:\/\/elcaminocanada.com\/es\/contact\/\">P\u00f3ngase en contacto con nosotros<\/a> para m\u00e1s detalles<\/h3>\t\t\t\t\t\t\t\t<\/div>\n\t\t\t\t<\/div>\n\t\t\t\t\t<\/div>\n\t\t\t\t<\/div>\n\t\t\t\t<\/div>","protected":false},"excerpt":{"rendered":"<p>Cannot find enough and specialized employees in Canada? Canada\u2019s economy is developing extremely fast. To compete in such a dynamic environment, the businesses look after the best people in the labour market. It is not always possible to hire a Canadian worker in the most demanded occupations. The reason is evident \u2013 a limited number<\/p>","protected":false},"author":1,"featured_media":0,"parent":0,"menu_order":0,"comment_status":"closed","ping_status":"closed","template":"elementor_header_footer","meta":{"inline_featured_image":false,"footnotes":""},"class_list":["post-1671","page","type-page","status-publish","hentry"],"aioseo_notices":[],"_links":{"self":[{"href":"https:\/\/elcaminocanada.com\/es\/wp-json\/wp\/v2\/pages\/1671","targetHints":{"allow":["GET"]}}],"collection":[{"href":"https:\/\/elcaminocanada.com\/es\/wp-json\/wp\/v2\/pages"}],"about":[{"href":"https:\/\/elcaminocanada.com\/es\/wp-json\/wp\/v2\/types\/page"}],"author":[{"embeddable":true,"href":"https:\/\/elcaminocanada.com\/es\/wp-json\/wp\/v2\/users\/1"}],"replies":[{"embeddable":true,"href":"https:\/\/elcaminocanada.com\/es\/wp-json\/wp\/v2\/comments?post=1671"}],"version-history":[{"count":37,"href":"https:\/\/elcaminocanada.com\/es\/wp-json\/wp\/v2\/pages\/1671\/revisions"}],"predecessor-version":[{"id":4022,"href":"https:\/\/elcaminocanada.com\/es\/wp-json\/wp\/v2\/pages\/1671\/revisions\/4022"}],"wp:attachment":[{"href":"https:\/\/elcaminocanada.com\/es\/wp-json\/wp\/v2\/media?parent=1671"}],"curies":[{"name":"wp","href":"https:\/\/api.w.org\/{rel}","templated":true}]}}