{"id":1786,"date":"2025-03-12T23:35:57","date_gmt":"2025-03-12T23:35:57","guid":{"rendered":"http:\/\/temp.elcaminocanada.com\/?page_id=1786"},"modified":"2025-09-11T16:25:18","modified_gmt":"2025-09-11T16:25:18","slug":"a-professional-family-sponsorship-immigration","status":"publish","type":"page","link":"https:\/\/elcaminocanada.com\/es\/a-professional-family-sponsorship-immigration\/","title":{"rendered":"A Professional Family Sponsorship Immigration"},"content":{"rendered":"<div data-elementor-type=\"wp-page\" data-elementor-id=\"1786\" class=\"elementor elementor-1786\">\n\t\t\t\t<div class=\"elementor-element elementor-element-300857e e-flex e-con-boxed e-con e-parent\" data-id=\"300857e\" data-element_type=\"container\">\n\t\t\t\t\t<div class=\"e-con-inner\">\n\t\t\t\t<div class=\"elementor-element elementor-element-1268359 elementor-widget elementor-widget-heading\" data-id=\"1268359\" data-element_type=\"widget\" data-widget_type=\"heading.default\">\n\t\t\t\t<div class=\"elementor-widget-container\">\n\t\t\t\t\t<h2 class=\"elementor-heading-title elementor-size-default\">Family sponsorship, Temporary immigration<\/h2>\t\t\t\t<\/div>\n\t\t\t\t<\/div>\n\t\t\t\t<div class=\"elementor-element elementor-element-cb7bbe3 elementor-widget elementor-widget-text-editor\" data-id=\"cb7bbe3\" data-element_type=\"widget\" data-widget_type=\"text-editor.default\">\n\t\t\t\t<div class=\"elementor-widget-container\">\n\t\t\t\t\t\t\t\t\t<p>Canada is the land of opportunity! When you immigrate to Canada, living alone gets tedious. With the Family Sponsorship program, you do not have to stay alone anymore. This Sponsorship program has been created by the Canadian government to reunite families whenever possible.<\/p><p>Reuniting parents with their grown children is a mission that Canada takes very seriously. The country puts family first.<\/p><p>If you are a parent or grandparent of a Canadian citizen or a permanent resident, you will be eligible for a Super Visa. It means that you can visit family in Canada for up to 2 years, and the visa provides multiple entries for up to 10 years.<\/p><p>It is different from the tourist visa, where you can only visit for up to 6 months at a time. However, you have to meet specific criteria to sponsor your family. El Camino Immigration Services is here to guide you with all the details regarding <strong>family sponsorship immigration<\/strong>. Consult today for a great tomorrow.<\/p>\t\t\t\t\t\t\t\t<\/div>\n\t\t\t\t<\/div>\n\t\t\t\t<div class=\"elementor-element elementor-element-776910d elementor-widget elementor-widget-heading\" data-id=\"776910d\" data-element_type=\"widget\" data-widget_type=\"heading.default\">\n\t\t\t\t<div class=\"elementor-widget-container\">\n\t\t\t\t\t<h2 class=\"elementor-heading-title elementor-size-default\">Basic requirements for family sponsorship, permanent residence.<\/h2>\t\t\t\t<\/div>\n\t\t\t\t<\/div>\n\t\t\t\t<div class=\"elementor-element elementor-element-0ad7caf elementor-widget elementor-widget-text-editor\" data-id=\"0ad7caf\" data-element_type=\"widget\" data-widget_type=\"text-editor.default\">\n\t\t\t\t<div class=\"elementor-widget-container\">\n\t\t\t\t\t\t\t\t\t<p><strong>To permanently sponsor your family, you have to meet the following criteria. You must be \u2013<\/strong><\/p>\t\t\t\t\t\t\t\t<\/div>\n\t\t\t\t<\/div>\n\t\t\t\t<div class=\"elementor-element elementor-element-e6e4132 elementor-widget elementor-widget-text-editor\" data-id=\"e6e4132\" data-element_type=\"widget\" data-widget_type=\"text-editor.default\">\n\t\t\t\t<div class=\"elementor-widget-container\">\n\t\t\t\t\t\t\t\t\t<ol>\n \t<li>18 a\u00f1os o m\u00e1s<\/li>\n \t<li>En un acuerdo de apadrinamiento con el familiar apadrinado donde debe constar por escrito que usted proporcionar\u00e1 ayuda econ\u00f3mica a su familiar.<\/li>\n \t<li>Apoyo econ\u00f3mico a su c\u00f3nyuge, pareja de hecho o conyugal durante tres a\u00f1os a partir de la fecha en que se conviertan en residentes permanentes.<\/li>\n \t<li>Manutenci\u00f3n econ\u00f3mica de un hijo a cargo durante diez a\u00f1os o hasta que el hijo cumpla 22 a\u00f1os, lo que ocurra primero.<\/li>\n<\/ol>\t\t\t\t\t\t\t\t<\/div>\n\t\t\t\t<\/div>\n\t\t\t\t<div class=\"elementor-element elementor-element-a9a4376 elementor-widget elementor-widget-text-editor\" data-id=\"a9a4376\" data-element_type=\"widget\" data-widget_type=\"text-editor.default\">\n\t\t\t\t<div class=\"elementor-widget-container\">\n\t\t\t\t\t\t\t\t\t<p><strong>\u00bfA qui\u00e9n se puede apadrinar en la clase de apadrinamiento familiar?<\/strong><\/p>\t\t\t\t\t\t\t\t<\/div>\n\t\t\t\t<\/div>\n\t\t\t\t<div class=\"elementor-element elementor-element-a21b313 elementor-widget elementor-widget-text-editor\" data-id=\"a21b313\" data-element_type=\"widget\" data-widget_type=\"text-editor.default\">\n\t\t\t\t<div class=\"elementor-widget-container\">\n\t\t\t\t\t\t\t\t\t<ol>\n \t<li>C\u00f3nyuge<\/li>\n \t<li>Pareja de hecho<\/li>\n \t<li>Pareja conyugal<\/li>\n \t<li>Hijos a cargo<\/li>\n \t<li>Padres<\/li>\n \t<li>Abuelos<\/li>\n \t<li>Hermanos o hermanas, sobrinos o sobrinas, nietas o nietos, que sean hu\u00e9rfanos, menores de 18 a\u00f1os y que no est\u00e9n casados ni sean pareja de hecho.<\/li>\n \t<li>Otro familiar de cualquier v\u00ednculo o edad, pero s\u00f3lo en determinadas condiciones<\/li>\n \t<li>Acompa\u00f1antes a cargo de los anteriores<\/li>\n<\/ol>\t\t\t\t\t\t\t\t<\/div>\n\t\t\t\t<\/div>\n\t\t\t\t<div class=\"elementor-element elementor-element-50233ca elementor-widget elementor-widget-text-editor\" data-id=\"50233ca\" data-element_type=\"widget\" data-widget_type=\"text-editor.default\">\n\t\t\t\t<div class=\"elementor-widget-container\">\n\t\t\t\t\t\t\t\t\t<p>To know in detail about <strong>family sponsorship immigration, <\/strong>feel free to <a href=\"http:\/\/elcaminocanada.com\/es\/contact\/\">get in touch<\/a> with our immigration consultants. We are here to provide comprehensive end-to-end immigration support.<\/p>\t\t\t\t\t\t\t\t<\/div>\n\t\t\t\t<\/div>\n\t\t\t\t\t<\/div>\n\t\t\t\t<\/div>\n\t\t\t\t<\/div>","protected":false},"excerpt":{"rendered":"<p>Family sponsorship, Temporary immigration Canada is the land of opportunity! When you immigrate to Canada, living alone gets tedious. With the Family Sponsorship program, you do not have to stay alone anymore. This Sponsorship program has been created by the Canadian government to reunite families whenever possible. Reuniting parents with their grown children is a<\/p>","protected":false},"author":1,"featured_media":0,"parent":0,"menu_order":0,"comment_status":"closed","ping_status":"closed","template":"elementor_header_footer","meta":{"inline_featured_image":false,"footnotes":""},"class_list":["post-1786","page","type-page","status-publish","hentry"],"aioseo_notices":[],"_links":{"self":[{"href":"https:\/\/elcaminocanada.com\/es\/wp-json\/wp\/v2\/pages\/1786","targetHints":{"allow":["GET"]}}],"collection":[{"href":"https:\/\/elcaminocanada.com\/es\/wp-json\/wp\/v2\/pages"}],"about":[{"href":"https:\/\/elcaminocanada.com\/es\/wp-json\/wp\/v2\/types\/page"}],"author":[{"embeddable":true,"href":"https:\/\/elcaminocanada.com\/es\/wp-json\/wp\/v2\/users\/1"}],"replies":[{"embeddable":true,"href":"https:\/\/elcaminocanada.com\/es\/wp-json\/wp\/v2\/comments?post=1786"}],"version-history":[{"count":8,"href":"https:\/\/elcaminocanada.com\/es\/wp-json\/wp\/v2\/pages\/1786\/revisions"}],"predecessor-version":[{"id":3941,"href":"https:\/\/elcaminocanada.com\/es\/wp-json\/wp\/v2\/pages\/1786\/revisions\/3941"}],"wp:attachment":[{"href":"https:\/\/elcaminocanada.com\/es\/wp-json\/wp\/v2\/media?parent=1786"}],"curies":[{"name":"wp","href":"https:\/\/api.w.org\/{rel}","templated":true}]}}