{"id":2941,"date":"2025-04-16T19:06:35","date_gmt":"2025-04-16T19:06:35","guid":{"rendered":"http:\/\/temp.elcaminocanada.com\/?page_id=2941"},"modified":"2025-07-17T17:59:59","modified_gmt":"2025-07-17T17:59:59","slug":"temporary-residence","status":"publish","type":"page","link":"https:\/\/elcaminocanada.com\/es\/temporary-residence\/","title":{"rendered":"RESIDENCIA TEMPORAL"},"content":{"rendered":"<div data-elementor-type=\"wp-page\" data-elementor-id=\"2941\" class=\"elementor elementor-2941\">\n\t\t\t\t<div class=\"elementor-element elementor-element-6b4d443 e-flex e-con-boxed e-con e-parent\" data-id=\"6b4d443\" data-element_type=\"container\">\n\t\t\t\t\t<div class=\"e-con-inner\">\n\t\t\t\t<div class=\"elementor-element elementor-element-1cda5bf elementor-widget elementor-widget-heading\" data-id=\"1cda5bf\" data-element_type=\"widget\" data-widget_type=\"heading.default\">\n\t\t\t\t<div class=\"elementor-widget-container\">\n\t\t\t\t\t<h2 class=\"elementor-heading-title elementor-size-default\">Solicitar un permiso de trabajo<\/h2>\t\t\t\t<\/div>\n\t\t\t\t<\/div>\n\t\t\t\t<div class=\"elementor-element elementor-element-7b4912d elementor-widget elementor-widget-text-editor\" data-id=\"7b4912d\" data-element_type=\"widget\" data-widget_type=\"text-editor.default\">\n\t\t\t\t<div class=\"elementor-widget-container\">\n\t\t\t\t\t\t\t\t\t<p>El s\u00f3lido y diverso mercado laboral de Canad\u00e1 ofrece a los trabajadores extranjeros salarios competitivos y s\u00f3lidas protecciones laborales. Canad\u00e1, una de las principales econom\u00edas del mundo, acoge cada a\u00f1o a miles de trabajadores extranjeros que contribuyen al crecimiento de su poblaci\u00f3n activa.<\/p><p>Para trabajar legalmente en Canad\u00e1, la mayor\u00eda de los extranjeros deben obtener un <b>Permiso de trabajo<\/b> y, en muchos casos, una <b>Evaluaci\u00f3n positiva del impacto en el mercado laboral<\/b>. Este proceso garantiza que la contrataci\u00f3n de un trabajador extranjero no afectar\u00e1 negativamente al mercado laboral canadiense.<\/p><p>En <b>Servicios de inmigraci\u00f3n El Camino<\/b>Asistimos tanto a empresarios como a trabajadores extranjeros en todo el proceso de solicitud. Desde la determinaci\u00f3n de la elegibilidad hasta la obtenci\u00f3n de la documentaci\u00f3n necesaria, proporcionamos orientaci\u00f3n personalizada en cada paso del proceso.<\/p><p>En algunas situaciones, tambi\u00e9n puede optar a un <b>Permiso de trabajo exento de LMIA<\/b>En funci\u00f3n de la naturaleza del trabajo, los acuerdos internacionales o las consideraciones de orden p\u00fablico.<\/p><p>Deje que El Camino le ayude a navegar por el proceso y comience su viaje para trabajar en Canad\u00e1 con confianza.<\/p>\t\t\t\t\t\t\t\t<\/div>\n\t\t\t\t<\/div>\n\t\t\t\t<div class=\"elementor-element elementor-element-5ceea5c elementor-widget elementor-widget-heading\" data-id=\"5ceea5c\" data-element_type=\"widget\" data-widget_type=\"heading.default\">\n\t\t\t\t<div class=\"elementor-widget-container\">\n\t\t\t\t\t<h3 class=\"elementor-heading-title elementor-size-default\">Plazos estimados de tramitaci\u00f3n<\/h3>\t\t\t\t<\/div>\n\t\t\t\t<\/div>\n\t\t\t\t<div class=\"elementor-element elementor-element-2d10406 elementor-widget elementor-widget-text-editor\" data-id=\"2d10406\" data-element_type=\"widget\" data-widget_type=\"text-editor.default\">\n\t\t\t\t<div class=\"elementor-widget-container\">\n\t\t\t\t\t\t\t\t\t<ul><li><b>Permiso de trabajo basado en LMIA<\/b>: De 3 a 6 meses (incluido el tiempo de tramitaci\u00f3n del LMIA)<\/li><li><b>Permiso de trabajo exento de LMIA<\/b>De 2 a 8 semanas (var\u00eda seg\u00fan el pa\u00eds y el programa)<\/li><li><b>Cumplimiento de las normas por parte de los empleadores y registro de ofertas de empleo<\/b> (si es necesario): De 1 a 3 semanas<\/li><\/ul>\t\t\t\t\t\t\t\t<\/div>\n\t\t\t\t<\/div>\n\t\t\t\t<div class=\"elementor-element elementor-element-77410bb elementor-widget elementor-widget-heading\" data-id=\"77410bb\" data-element_type=\"widget\" data-widget_type=\"heading.default\">\n\t\t\t\t<div class=\"elementor-widget-container\">\n\t\t\t\t\t<h2 class=\"elementor-heading-title elementor-size-default\">Preguntas frecuentes - Permiso de trabajo<\/h2>\t\t\t\t<\/div>\n\t\t\t\t<\/div>\n\t\t\t\t<div class=\"elementor-element elementor-element-889022d elementor-widget elementor-widget-visaland-theme-accordion-widget\" data-id=\"889022d\" data-element_type=\"widget\" data-widget_type=\"visaland-theme-accordion-widget.default\">\n\t\t\t\t<div class=\"elementor-widget-container\">\n\t\t\t\t\t\r\n\t\r\n<div class=\"faq-content\">\r\n\t<div class=\"faq-accordion\">\r\n\t\t<div class=\"accordion\" id=\"accordion\">\r\n\t\t\t\t\t\t<div class=\"accordion-item wow fadeInUp\" data-wow-delay=\".5s\">\r\n\t\t\t\t<h4 class=\"accordion-header\">\r\n\t\t\t\t\t<button class=\"accordion-button\" type=\"button\" data-bs-toggle=\"collapse\" data-bs-target=\"#faq20\" aria-expanded=\"true\" aria-controls=\"faq20\">\r\n\t\t\t\t\t\t\u00bfNecesito una oferta de trabajo antes de solicitar un permiso de trabajo?\t\t\t\t\t<\/button>\r\n\t\t\t\t<\/h4>\r\n\t\t\t\t<div id=\"faq20\" class=\"accordion-collapse collapse\" data-bs-parent=\"#accordion\">\r\n\t\t\t\t\t<div class=\"accordion-body\">\r\n\t\t\t\t\t\tS\u00ed, en la mayor\u00eda de los casos se requiere una oferta de empleo v\u00e1lida. Algunas categor\u00edas exentas de LMIA pueden tener excepciones.\t\t\t\t\t<\/div>\r\n\t\t\t\t<\/div>\r\n\t\t\t<\/div>\r\n\t\t\t\t\t\t<div class=\"accordion-item wow fadeInUp\" data-wow-delay=\".5s\">\r\n\t\t\t\t<h4 class=\"accordion-header\">\r\n\t\t\t\t\t<button class=\"accordion-button\" type=\"button\" data-bs-toggle=\"collapse\" data-bs-target=\"#faq21\" aria-expanded=\"true\" aria-controls=\"faq21\">\r\n\t\t\t\t\t\t\u00bfPuedo incluir a mi c\u00f3nyuge e hijos en mi solicitud?\t\t\t\t\t<\/button>\r\n\t\t\t\t<\/h4>\r\n\t\t\t\t<div id=\"faq21\" class=\"accordion-collapse collapse show\" data-bs-parent=\"#accordion\">\r\n\t\t\t\t\t<div class=\"accordion-body\">\r\n\t\t\t\t\t\tS\u00ed. Su c\u00f3nyuge puede optar a un permiso de trabajo abierto y los hijos a su cargo pueden solicitar el estatuto de estudiante o visitante.\t\t\t\t\t<\/div>\r\n\t\t\t\t<\/div>\r\n\t\t\t<\/div>\r\n\t\t\t\t\t\t<div class=\"accordion-item wow fadeInUp\" data-wow-delay=\".5s\">\r\n\t\t\t\t<h4 class=\"accordion-header\">\r\n\t\t\t\t\t<button class=\"accordion-button\" type=\"button\" data-bs-toggle=\"collapse\" data-bs-target=\"#faq22\" aria-expanded=\"true\" aria-controls=\"faq22\">\r\n\t\t\t\t\t\t\u00bfEs posible prorrogar mi permiso de trabajo?\t\t\t\t\t<\/button>\r\n\t\t\t\t<\/h4>\r\n\t\t\t\t<div id=\"faq22\" class=\"accordion-collapse collapse\" data-bs-parent=\"#accordion\">\r\n\t\t\t\t\t<div class=\"accordion-body\">\r\n\t\t\t\t\t\tS\u00ed, pero debe solicitarlo antes de que caduque su permiso actual y cumplir los requisitos para obtener una pr\u00f3rroga.\t\t\t\t\t<\/div>\r\n\t\t\t\t<\/div>\r\n\t\t\t<\/div>\r\n\t\t\t\t\t\t<div class=\"accordion-item wow fadeInUp\" data-wow-delay=\".5s\">\r\n\t\t\t\t<h4 class=\"accordion-header\">\r\n\t\t\t\t\t<button class=\"accordion-button\" type=\"button\" data-bs-toggle=\"collapse\" data-bs-target=\"#faq23\" aria-expanded=\"true\" aria-controls=\"faq23\">\r\n\t\t\t\t\t\t\u00bfQu\u00e9 es un LMIA y por qu\u00e9 es necesario?\t\t\t\t\t<\/button>\r\n\t\t\t\t<\/h4>\r\n\t\t\t\t<div id=\"faq23\" class=\"accordion-collapse collapse\" data-bs-parent=\"#accordion\">\r\n\t\t\t\t\t<div class=\"accordion-body\">\r\n\t\t\t\t\t\tUn LMIA es un documento que un empresario en Canad\u00e1 puede necesitar obtener antes de contratar a un trabajador extranjero. Confirma que no hay ning\u00fan ciudadano canadiense o residente permanente disponible para hacer el trabajo.\t\t\t\t\t<\/div>\r\n\t\t\t\t<\/div>\r\n\t\t\t<\/div>\r\n\t\t\t\t\t<\/div>\r\n\t<\/div>\r\n<\/div>\r\n\r\n\t\r\n\r\n\r\n             \r\n\t\t\t\t\t\t<\/div>\n\t\t\t\t<\/div>\n\t\t\t\t\t<\/div>\n\t\t\t\t<\/div>\n\t\t<div class=\"elementor-element elementor-element-dbf16b5 e-flex e-con-boxed e-con e-parent\" data-id=\"dbf16b5\" data-element_type=\"container\">\n\t\t\t\t\t<div class=\"e-con-inner\">\n\t\t\t\t<div class=\"elementor-element elementor-element-5f4bde5 elementor-widget elementor-widget-visaland-theme-button-widget\" data-id=\"5f4bde5\" data-element_type=\"widget\" data-widget_type=\"visaland-theme-button-widget.default\">\n\t\t\t\t<div class=\"elementor-widget-container\">\n\t\t\t\t\t\r\n\t\r\n\r\n\t<div class=\"about-button wow fadeInUp\" data-wow-delay=\".8s\">\r\n\t\t<a href=\"http:\/\/elcaminocanada.com\/es\/other-temporary-residence-services\/\" class=\"theme-btn\">\r\n\t\t\t<span>\r\n\t\t\tOtros servicios de residencia temporal\t\t\t\t<i class=\"fas fa-chevron-right\"><\/i>\r\n\t\t\t<\/span>\r\n\t\t<\/a>\r\n\t<\/div>\r\n\r\n\t\r\n\r\n             \r\n\t\t\t\t\t\t<\/div>\n\t\t\t\t<\/div>\n\t\t\t\t\t<\/div>\n\t\t\t\t<\/div>\n\t\t\t\t<\/div>","protected":false},"excerpt":{"rendered":"<p>Apply for a Work Permit Canada\u2019s strong and diverse labour market offers foreign workers competitive wages and robust employment protections. As one of the world\u2019s leading economies, Canada welcomes thousands of foreign workers each year to contribute to its growing workforce. To work in Canada legally, most foreign nationals must obtain a Work Permit and,<\/p>","protected":false},"author":1,"featured_media":0,"parent":0,"menu_order":0,"comment_status":"closed","ping_status":"closed","template":"","meta":{"inline_featured_image":false,"footnotes":""},"class_list":["post-2941","page","type-page","status-publish","hentry"],"aioseo_notices":[],"_links":{"self":[{"href":"https:\/\/elcaminocanada.com\/es\/wp-json\/wp\/v2\/pages\/2941","targetHints":{"allow":["GET"]}}],"collection":[{"href":"https:\/\/elcaminocanada.com\/es\/wp-json\/wp\/v2\/pages"}],"about":[{"href":"https:\/\/elcaminocanada.com\/es\/wp-json\/wp\/v2\/types\/page"}],"author":[{"embeddable":true,"href":"https:\/\/elcaminocanada.com\/es\/wp-json\/wp\/v2\/users\/1"}],"replies":[{"embeddable":true,"href":"https:\/\/elcaminocanada.com\/es\/wp-json\/wp\/v2\/comments?post=2941"}],"version-history":[{"count":10,"href":"https:\/\/elcaminocanada.com\/es\/wp-json\/wp\/v2\/pages\/2941\/revisions"}],"predecessor-version":[{"id":3159,"href":"https:\/\/elcaminocanada.com\/es\/wp-json\/wp\/v2\/pages\/2941\/revisions\/3159"}],"wp:attachment":[{"href":"https:\/\/elcaminocanada.com\/es\/wp-json\/wp\/v2\/media?parent=2941"}],"curies":[{"name":"wp","href":"https:\/\/api.w.org\/{rel}","templated":true}]}}