{"id":1217,"date":"2024-09-24T08:20:35","date_gmt":"2024-09-24T08:20:35","guid":{"rendered":"https:\/\/modinatheme.com\/visaland\/?page_id=1217"},"modified":"2025-09-11T15:58:07","modified_gmt":"2025-09-11T15:58:07","slug":"services","status":"publish","type":"page","link":"https:\/\/elcaminocanada.com\/fr\/services\/","title":{"rendered":"Nos services"},"content":{"rendered":"<div data-elementor-type=\"wp-page\" data-elementor-id=\"1217\" class=\"elementor elementor-1217\">\n\t\t\t\t<div class=\"elementor-element elementor-element-26eaf6f e-flex e-con-boxed e-con e-parent\" data-id=\"26eaf6f\" data-element_type=\"container\" data-settings=\"{&quot;background_background&quot;:&quot;classic&quot;}\">\n\t\t\t\t\t<div class=\"e-con-inner\">\n\t\t<div class=\"elementor-element elementor-element-0787c0a e-con-full e-flex e-con e-child\" data-id=\"0787c0a\" data-element_type=\"container\">\n\t\t\t\t<div class=\"elementor-element elementor-element-9732cb6 elementor-widget elementor-widget-visaland-heading-title-widget\" data-id=\"9732cb6\" data-element_type=\"widget\" data-widget_type=\"visaland-heading-title-widget.default\">\n\t\t\t\t<div class=\"elementor-widget-container\">\n\t\t\t\t\t\r\n\t\r\n\r\n\t<div class=\"section-title\">\r\n\t\t<span class=\"wow fadeInUp\">Votre parcours au Canada commence ici<\/span>\r\n\t\t<h2 class=\"title-anim\">\r\n\t\t\tImmigration compl\u00e8te <br> Solutions\t\t<\/h2>\r\n\t<\/div>\r\n\r\n\t\r\n             \r\n\t\t\t\t\t\t<\/div>\n\t\t\t\t<\/div>\n\t\t\t\t<\/div>\n\t\t<div class=\"elementor-element elementor-element-8938b23 e-con-full e-flex e-con e-child\" data-id=\"8938b23\" data-element_type=\"container\">\n\t\t\t\t<div class=\"elementor-element elementor-element-1d28a20 elementor-widget elementor-widget-text-editor\" data-id=\"1d28a20\" data-element_type=\"widget\" data-widget_type=\"text-editor.default\">\n\t\t\t\t<div class=\"elementor-widget-container\">\n\t\t\t\t\t\t\t\t\t<p>Du permis de travail \u00e0 la RP, en passant par la citoyennet\u00e9, El Camino Immigration Services Inc. offre des conseils d'experts adapt\u00e9s \u00e0 vos besoins. Naviguez en toute confiance dans l'immigration canadienne gr\u00e2ce \u00e0 un soutien \u00e9tape par \u00e9tape pour un voyage sans heurts.<\/p>\t\t\t\t\t\t\t\t<\/div>\n\t\t\t\t<\/div>\n\t\t\t\t<\/div>\n\t\t<div class=\"elementor-element elementor-element-1420a50 e-con-full e-flex e-con e-child\" data-id=\"1420a50\" data-element_type=\"container\">\n\t\t\t\t<div class=\"elementor-element elementor-element-cab64ed elementor-widget elementor-widget-visaland-service-grid-widget\" data-id=\"cab64ed\" data-element_type=\"widget\" data-widget_type=\"visaland-service-grid-widget.default\">\n\t\t\t\t<div class=\"elementor-widget-container\">\n\t\t\t\t\t\r\n\r\n\r\n\t\r\n\r\n\t\t<div class=\"service-wrapper-3\">\r\n\t\t\t\t\r\n\t\t\t<div class=\"service-box-items style-2 wow fadeInUp\" data-wow-delay=\".3s\">\r\n\t\t\t\t<div class=\"icon\">\r\n\t\t\t\t\t<i class=\"flaticon-worker\"><\/i>\r\n\t\t\t\t<\/div>\r\n\t\t\t\t<div class=\"content\">\r\n\t\t\t\t\t<h6>\r\n\t\t\t\t\t\t<a href=\"http:\/\/elcaminocanada.com\/fr\/lmia\/\">LMIA \/<br>Recrutement<\/a>\r\n\t\t\t\t\t<\/h6>\r\n\t\t\t\t<\/div>\r\n\t\t\t<\/div>\r\n\t\t\t\t\r\n\t\t\t<div class=\"service-box-items style-2 wow fadeInUp\" data-wow-delay=\".3s\">\r\n\t\t\t\t<div class=\"icon\">\r\n\t\t\t\t\t<i class=\"flaticon-identification\"><\/i>\r\n\t\t\t\t<\/div>\r\n\t\t\t\t<div class=\"content\">\r\n\t\t\t\t\t<h6>\r\n\t\t\t\t\t\t<a href=\"http:\/\/elcaminocanada.com\/fr\/permanent-residence\/\">Permanent<br>R\u00e9sidence<\/a>\r\n\t\t\t\t\t<\/h6>\r\n\t\t\t\t<\/div>\r\n\t\t\t<\/div>\r\n\t\t\t\t\r\n\t\t\t<div class=\"service-box-items style-2 wow fadeInUp\" data-wow-delay=\".3s\">\r\n\t\t\t\t<div class=\"icon\">\r\n\t\t\t\t\t<i class=\"flaticon-workers\"><\/i>\r\n\t\t\t\t<\/div>\r\n\t\t\t\t<div class=\"content\">\r\n\t\t\t\t\t<h6>\r\n\t\t\t\t\t\t<a href=\"http:\/\/elcaminocanada.com\/fr\/temporary-residence\/\">Temporaire<br>R\u00e9sidence<\/a>\r\n\t\t\t\t\t<\/h6>\r\n\t\t\t\t<\/div>\r\n\t\t\t<\/div>\r\n\t\t\t\t\r\n\t\t\t<div class=\"service-box-items style-2 wow fadeInUp\" data-wow-delay=\".3s\">\r\n\t\t\t\t<div class=\"icon\">\r\n\t\t\t\t\t<i class=\"flaticon-passport-17\"><\/i>\r\n\t\t\t\t<\/div>\r\n\t\t\t\t<div class=\"content\">\r\n\t\t\t\t\t<h6>\r\n\t\t\t\t\t\t<a href=\"http:\/\/elcaminocanada.com\/fr\/citizenship\/\">Postuler<br>Citoyennet\u00e9 canadienne<\/a>\r\n\t\t\t\t\t<\/h6>\r\n\t\t\t\t<\/div>\r\n\t\t\t<\/div>\r\n\t\t\t\t\t<\/div>\r\n\r\n\t\r\n\r\n             \r\n\t\t\t\t\t\t<\/div>\n\t\t\t\t<\/div>\n\t\t\t\t<\/div>\n\t\t\t\t\t<\/div>\n\t\t\t\t<\/div>\n\t\t<div class=\"elementor-element elementor-element-27881df e-con-full e-flex e-con e-parent\" data-id=\"27881df\" data-element_type=\"container\">\n\t\t\t\t<div class=\"elementor-element elementor-element-9899cc5 elementor-widget elementor-widget-visaland-contact-form-widget\" data-id=\"9899cc5\" data-element_type=\"widget\" data-widget_type=\"visaland-contact-form-widget.default\">\n\t\t\t\t<div class=\"elementor-widget-container\">\n\t\t\t\t\t\r\n\r\n\t\r\n\r\n\t<section class=\"contact-section-one fix\">\r\n\t\t<div class=\"container\">\r\n\t\t\t<div class=\"contact-wrapper\">\r\n\t\t\t\t<div class=\"row\">\r\n\t\t\t\t\t<div class=\"col-xl-6 col-lg-6\">\r\n\t\t\t\t\t\t<div class=\"contact-left\">\r\n\t\t\t\t\t\t\t<div class=\"contact-bg bg-cover\" style=\"background-image: url('https:\/\/elcaminocanada.com\/wp-content\/uploads\/2025\/04\/Home_Call_1300x700.webp');\"><\/div>\r\n\t\t\t\t\t\t\t<div class=\"contact-shape\" style=\"background-image: url('https:\/\/elcaminocanada.com\/wp-content\/uploads\/2024\/09\/bg-shape.png');\"><\/div>\r\n\t\t\t\t\t\t\t<div class=\"section-title\">\r\n\t\t\t\t\t\t\t\t<span class=\"text-white\"><\/span>\r\n\t\t\t\t\t\t\t\t<h2 class=\"text-white title-anim\">Nous contacter<\/h2>\r\n\t\t\t\t\t\t\t<\/div>\r\n\t\t\t\t\t\t\t\n<div class=\"wpcf7 no-js\" id=\"wpcf7-f506-o1\" lang=\"en-US\" dir=\"ltr\" data-wpcf7-id=\"506\">\n<div class=\"screen-reader-response\"><p role=\"status\" aria-live=\"polite\" aria-atomic=\"true\"><\/p> <ul><\/ul><\/div>\n<form action=\"\/fr\/wp-json\/wp\/v2\/pages\/1217#wpcf7-f506-o1\" method=\"post\" class=\"wpcf7-form init\" aria-label=\"Contact form\" novalidate=\"novalidate\" data-status=\"init\" data-trp-original-action=\"\/fr\/wp-json\/wp\/v2\/pages\/1217#wpcf7-f506-o1\">\n<fieldset class=\"hidden-fields-container\"><input type=\"hidden\" name=\"_wpcf7\" value=\"506\" \/><input type=\"hidden\" name=\"_wpcf7_version\" value=\"6.1.3\" \/><input type=\"hidden\" name=\"_wpcf7_locale\" value=\"en_US\" \/><input type=\"hidden\" name=\"_wpcf7_unit_tag\" value=\"wpcf7-f506-o1\" \/><input type=\"hidden\" name=\"_wpcf7_container_post\" value=\"0\" \/><input type=\"hidden\" name=\"_wpcf7_posted_data_hash\" value=\"\" \/>\n<\/fieldset>\n<div class=\"mt-4 mt-md-0\">\n\t<div class=\"row g-3\">\n\t\t<div class=\"col-lg-6 wow fadeInUp\" data-wow-delay=\".3s\">\n\t\t\t<div class=\"form-clt\">\n\t\t\t\t<span class=\"wpcf7-form-control-wrap\" data-name=\"text-707\"><input size=\"40\" maxlength=\"400\" class=\"wpcf7-form-control wpcf7-text wpcf7-validates-as-required\" aria-required=\"true\" aria-invalid=\"false\" placeholder=\"Nom complet *\" value=\"\" type=\"text\" name=\"text-707\" \/><\/span>\n\t\t\t<\/div>\n\t\t<\/div>\n\t\t<div class=\"col-lg-6 wow fadeInUp\" data-wow-delay=\".3s\">\n\t\t\t<div class=\"form-clt\">\n\t\t\t\t<span class=\"wpcf7-form-control-wrap\" data-name=\"email-787\"><input size=\"40\" maxlength=\"400\" class=\"wpcf7-form-control wpcf7-email wpcf7-validates-as-required wpcf7-text wpcf7-validates-as-email\" aria-required=\"true\" aria-invalid=\"false\" placeholder=\"Adresse \u00e9lectronique *\" value=\"\" type=\"email\" name=\"email-787\" \/><\/span>\n\t\t\t<\/div>\n\t\t<\/div>\n\t\t<div class=\"col-lg-6 wow fadeInUp\" data-wow-delay=\".5s\">\n\t\t\t<div class=\"form-clt\">\n\t\t\t\t<span class=\"wpcf7-form-control-wrap\" data-name=\"tel-522\"><input size=\"40\" maxlength=\"400\" class=\"wpcf7-form-control wpcf7-tel wpcf7-validates-as-required wpcf7-text wpcf7-validates-as-tel\" aria-required=\"true\" aria-invalid=\"false\" placeholder=\"Num\u00e9ro de t\u00e9l\u00e9phone *\" value=\"\" type=\"tel\" name=\"tel-522\" \/><\/span>\n\t\t\t<\/div>\n\t\t<\/div>\n\t\t<div class=\"col-lg-6 wow fadeInUp\" data-wow-delay=\".5s\">\n\t\t\t<div class=\"form-clt\">\n\t\t\t\t<span class=\"wpcf7-form-control-wrap\" data-name=\"menu-999\"><select class=\"wpcf7-form-control wpcf7-select\" aria-invalid=\"false\" name=\"menu-999\"><option value=\"Choose Services\">Choisir les services<\/option><option value=\"LMIA \/ LMIA-Excempt\">LMIA \/ LMIA-Excempt<\/option><option value=\"PR Sponsorship\">Parrainage des relations publiques<\/option><option value=\"Temporary Residence\">R\u00e9sidence temporaire<\/option><option value=\"Citizenship\">Citoyennet\u00e9<\/option><option value=\"Other\">Autres<\/option><\/select><\/span>\n\t\t\t<\/div>\n\t\t<\/div>\n\t\t<div class=\"col-lg-12 wow fadeInUp\" data-wow-delay=\".3s\">\n\t\t\t<div class=\"form-clt\">\n\t\t\t\t<span class=\"wpcf7-form-control-wrap\" data-name=\"textarea-602\"><textarea cols=\"40\" rows=\"10\" maxlength=\"2000\" class=\"wpcf7-form-control wpcf7-textarea\" aria-invalid=\"false\" placeholder=\"R\u00e9digez votre message\" name=\"textarea-602\"><\/textarea><\/span>\n\t\t\t<\/div>\n\t\t<\/div>\n\t\t<div class=\"col-lg-12 wow fadeInUp\" data-wow-delay=\".5s\">\n\t\t\t<button type=\"submit\" class=\"theme-btn\">\n\t\t\t\t<span>\n\t\t\t\tEnvoyer\n\t\t\t\t<i class=\"fas fa-chevron-right\"><\/i>\n\t\t\t\t<\/span>\n\t\t\t<\/button>\n\t\t<\/div>\n\t<\/div>\n<\/div><div class=\"wpcf7-response-output\" aria-hidden=\"true\"><\/div>\n<input type=\"hidden\" name=\"trp-form-language\" value=\"fr\"\/><\/form>\n<\/div>\n\t\t\t\t\t\t<\/div>\r\n\t\t\t\t\t<\/div>\r\n\t\t\t\t\t<div class=\"col-xl-6 col-lg-6\">\r\n\t\t\t\t\t\t<div class=\"contact-right\">\r\n\t\t\t\t\t\t\t<div class=\"google-map-box\">\r\n\t\t\t\t\t\t\t\t<iframe src=\"https:\/\/www.google.com\/maps\/embed?pb=!1m18!1m12!1m3!1d2610.2463100393848!2d-121.96792525927732!3d49.138947678085614!2m3!1f0!2f0!3f0!3m2!1i1024!2i768!4f13.1!3m3!1m2!1s0x548440a524b45413%3A0x602c2feafa79bffe!2s45485%20Knight%20Rd%20%23208%2C%20Chilliwack%2C%20BC%20V2R%203G3%2C%20Canad%C3%A1!5e0!3m2!1ses-419!2smx!4v1741893691277!5m2!1ses-419!2smx%20width=600%20height=450%20style=border:0;%20allowfullscreen=%20loading=lazy%20referrerpolicy=no-referrer-when-downgrade\" style=\"border:0;\" allowfullscreen=\"\" loading=\"lazy\"><\/iframe>\r\n\t\t\t\t\t\t\t<\/div>\r\n\t\t\t\t\t\t<\/div>\r\n\t\t\t\t\t<\/div>\r\n\t\t\t\t<\/div>\r\n\t\t\t<\/div>\r\n\t\t<\/div>\r\n\t<\/section>\r\n\r\n\t\r\n\r\n             \r\n\t\t\t\t\t\t<\/div>\n\t\t\t\t<\/div>\n\t\t\t\t<\/div>\n\t\t\t\t<\/div>","protected":false},"excerpt":{"rendered":"<p>Your Pathway to Canada Starts Here Comprehensive Immigration Solutions From work permits to PR, and Citizenship, El Camino Immigration Services Inc. offers expert guidance tailored to your needs. Navigate Canadian immigration confidently with trusted, step-by-step support for a seamless journey. LMIA \/Recruitment PermanentResidence TemporaryResidence Apply forCanadian Citizenship Contact Us Choose ServicesLMIA \/ LMIA-ExcemptPR SponsorshipTemporary ResidenceCitizenshipOther<\/p>","protected":false},"author":1,"featured_media":0,"parent":0,"menu_order":0,"comment_status":"closed","ping_status":"closed","template":"elementor_header_footer","meta":{"inline_featured_image":false,"footnotes":""},"class_list":["post-1217","page","type-page","status-publish","hentry"],"aioseo_notices":[],"_links":{"self":[{"href":"https:\/\/elcaminocanada.com\/fr\/wp-json\/wp\/v2\/pages\/1217","targetHints":{"allow":["GET"]}}],"collection":[{"href":"https:\/\/elcaminocanada.com\/fr\/wp-json\/wp\/v2\/pages"}],"about":[{"href":"https:\/\/elcaminocanada.com\/fr\/wp-json\/wp\/v2\/types\/page"}],"author":[{"embeddable":true,"href":"https:\/\/elcaminocanada.com\/fr\/wp-json\/wp\/v2\/users\/1"}],"replies":[{"embeddable":true,"href":"https:\/\/elcaminocanada.com\/fr\/wp-json\/wp\/v2\/comments?post=1217"}],"version-history":[{"count":146,"href":"https:\/\/elcaminocanada.com\/fr\/wp-json\/wp\/v2\/pages\/1217\/revisions"}],"predecessor-version":[{"id":3902,"href":"https:\/\/elcaminocanada.com\/fr\/wp-json\/wp\/v2\/pages\/1217\/revisions\/3902"}],"wp:attachment":[{"href":"https:\/\/elcaminocanada.com\/fr\/wp-json\/wp\/v2\/media?parent=1217"}],"curies":[{"name":"wp","href":"https:\/\/api.w.org\/{rel}","templated":true}]}}