{"id":1326,"date":"2024-09-24T10:26:06","date_gmt":"2024-09-24T10:26:06","guid":{"rendered":"https:\/\/modinatheme.com\/visaland\/?page_id=1326"},"modified":"2025-09-23T23:11:29","modified_gmt":"2025-09-23T23:11:29","slug":"contact","status":"publish","type":"page","link":"https:\/\/elcaminocanada.com\/fr\/contact\/","title":{"rendered":"Nous contacter"},"content":{"rendered":"<div data-elementor-type=\"wp-page\" data-elementor-id=\"1326\" class=\"elementor elementor-1326\">\n\t\t\t\t<div class=\"elementor-element elementor-element-63904e4 e-flex e-con-boxed e-con e-parent\" data-id=\"63904e4\" data-element_type=\"container\" data-settings=\"{&quot;background_background&quot;:&quot;classic&quot;}\">\n\t\t\t\t\t<div class=\"e-con-inner\">\n\t\t<div class=\"elementor-element elementor-element-f3ada9c e-con-full e-flex e-con e-child\" data-id=\"f3ada9c\" data-element_type=\"container\">\n\t\t\t\t<div class=\"elementor-element elementor-element-3388234 elementor-widget elementor-widget-visaland-heading-title-widget\" data-id=\"3388234\" data-element_type=\"widget\" data-widget_type=\"visaland-heading-title-widget.default\">\n\t\t\t\t<div class=\"elementor-widget-container\">\n\t\t\t\t\t\r\n\t\r\n\r\n\t<div class=\"section-title\">\r\n\t\t<span class=\"wow fadeInUp\">Prendre contact<\/span>\r\n\t\t<h2 class=\"title-anim\">\r\n\t\t\tNous contacter\t\t<\/h2>\r\n\t<\/div>\r\n\r\n\t\r\n             \r\n\t\t\t\t\t\t<\/div>\n\t\t\t\t<\/div>\n\t\t\t\t<div class=\"elementor-element elementor-element-1d5337b elementor-widget elementor-widget-text-editor\" data-id=\"1d5337b\" data-element_type=\"widget\" data-widget_type=\"text-editor.default\">\n\t\t\t\t<div class=\"elementor-widget-container\">\n\t\t\t\t\t\t\t\t\t<p>C'est avec plaisir que nous nous entretiendrons avec vous et que nous examinerons votre dossier.<\/p>\t\t\t\t\t\t\t\t<\/div>\n\t\t\t\t<\/div>\n\t\t\t\t<div class=\"elementor-element elementor-element-3497f97 elementor-position-left elementor-mobile-position-left elementor-view-default elementor-widget elementor-widget-icon-box\" data-id=\"3497f97\" data-element_type=\"widget\" data-widget_type=\"icon-box.default\">\n\t\t\t\t<div class=\"elementor-widget-container\">\n\t\t\t\t\t\t\t<div class=\"elementor-icon-box-wrapper\">\n\n\t\t\t\t\t\t<div class=\"elementor-icon-box-icon\">\n\t\t\t\t<a href=\"mailto:info@example.com\" class=\"elementor-icon\" tabindex=\"-1\" aria-label=\"Hours\">\n\t\t\t\t<svg aria-hidden=\"true\" class=\"e-font-icon-svg e-far-clock\" viewbox=\"0 0 512 512\" xmlns=\"http:\/\/www.w3.org\/2000\/svg\"><path d=\"M256 8C119 8 8 119 8 256s111 248 248 248 248-111 248-248S393 8 256 8zm0 448c-110.5 0-200-89.5-200-200S145.5 56 256 56s200 89.5 200 200-89.5 200-200 200zm61.8-104.4l-84.9-61.7c-3.1-2.3-4.9-5.9-4.9-9.7V116c0-6.6 5.4-12 12-12h32c6.6 0 12 5.4 12 12v141.7l66.8 48.6c5.4 3.9 6.5 11.4 2.6 16.8L334.6 349c-3.9 5.3-11.4 6.5-16.8 2.6z\"><\/path><\/svg>\t\t\t\t<\/a>\n\t\t\t<\/div>\n\t\t\t\n\t\t\t\t\t\t<div class=\"elementor-icon-box-content\">\n\n\t\t\t\t\t\t\t\t\t<h3 class=\"elementor-icon-box-title\">\n\t\t\t\t\t\t<a href=\"mailto:info@example.com\" >\n\t\t\t\t\t\t\tHours\t\t\t\t\t\t<\/a>\n\t\t\t\t\t<\/h3>\n\t\t\t\t\n\t\t\t\t\t\t\t\t\t<p class=\"elementor-icon-box-description\">\n\t\t\t\t\t\tMonday - Friday: 9:00 am. - 5 pm.\t\t\t\t\t<\/p>\n\t\t\t\t\n\t\t\t<\/div>\n\t\t\t\n\t\t<\/div>\n\t\t\t\t\t\t<\/div>\n\t\t\t\t<\/div>\n\t\t\t\t<div class=\"elementor-element elementor-element-daf962f elementor-position-left elementor-mobile-position-left elementor-view-default elementor-widget elementor-widget-icon-box\" data-id=\"daf962f\" data-element_type=\"widget\" data-widget_type=\"icon-box.default\">\n\t\t\t\t<div class=\"elementor-widget-container\">\n\t\t\t\t\t\t\t<div class=\"elementor-icon-box-wrapper\">\n\n\t\t\t\t\t\t<div class=\"elementor-icon-box-icon\">\n\t\t\t\t<a href=\"mailto:info@example.com\" class=\"elementor-icon\" tabindex=\"-1\" aria-label=\"Localisation\">\n\t\t\t\t<i aria-hidden=\"true\" class=\"flaticon-airplane-flight-in-circle-around-earth\"><\/i>\t\t\t\t<\/a>\n\t\t\t<\/div>\n\t\t\t\n\t\t\t\t\t\t<div class=\"elementor-icon-box-content\">\n\n\t\t\t\t\t\t\t\t\t<h3 class=\"elementor-icon-box-title\">\n\t\t\t\t\t\t<a href=\"mailto:info@example.com\" >\n\t\t\t\t\t\t\tLocalisation\t\t\t\t\t\t<\/a>\n\t\t\t\t\t<\/h3>\n\t\t\t\t\n\t\t\t\t\t\t\t\t\t<p class=\"elementor-icon-box-description\">\n\t\t\t\t\t\t208-45485 Knight Rd,\nChilliwack, BC,\nV2R 3G3, Canada\t\t\t\t\t<\/p>\n\t\t\t\t\n\t\t\t<\/div>\n\t\t\t\n\t\t<\/div>\n\t\t\t\t\t\t<\/div>\n\t\t\t\t<\/div>\n\t\t\t\t<div class=\"elementor-element elementor-element-c09f86b elementor-widget elementor-widget-image\" data-id=\"c09f86b\" data-element_type=\"widget\" data-widget_type=\"image.default\">\n\t\t\t\t<div class=\"elementor-widget-container\">\n\t\t\t\t\t\t\t\t\t\t\t\t\t\t\t<img fetchpriority=\"high\" decoding=\"async\" width=\"740\" height=\"308\" src=\"https:\/\/elcaminocanada.com\/wp-content\/uploads\/2025\/07\/Contact_1600x666-1024x426.jpeg\" class=\"attachment-large size-large wp-image-3125\" alt=\"Contact_1600x666\" srcset=\"https:\/\/elcaminocanada.com\/wp-content\/uploads\/2025\/07\/Contact_1600x666-1024x426.jpeg 1024w, https:\/\/elcaminocanada.com\/wp-content\/uploads\/2025\/07\/Contact_1600x666-300x125.jpeg 300w, https:\/\/elcaminocanada.com\/wp-content\/uploads\/2025\/07\/Contact_1600x666-768x320.jpeg 768w, https:\/\/elcaminocanada.com\/wp-content\/uploads\/2025\/07\/Contact_1600x666-1536x639.jpeg 1536w, https:\/\/elcaminocanada.com\/wp-content\/uploads\/2025\/07\/Contact_1600x666.jpeg 1600w\" sizes=\"(max-width: 740px) 100vw, 740px\" \/>\t\t\t\t\t\t\t\t\t\t\t\t\t\t\t<\/div>\n\t\t\t\t<\/div>\n\t\t\t\t<\/div>\n\t\t<div class=\"elementor-element elementor-element-923162f e-con-full e-flex e-con e-child\" data-id=\"923162f\" data-element_type=\"container\">\n\t\t\t\t<div class=\"elementor-element elementor-element-bbbb8fe elementor-widget elementor-widget-visaland-contact-form-widget\" data-id=\"bbbb8fe\" data-element_type=\"widget\" data-widget_type=\"visaland-contact-form-widget.default\">\n\t\t\t\t<div class=\"elementor-widget-container\">\n\t\t\t\t\t\r\n\r\n\r\n\t\t<div class=\"contact-box\">\r\n\t\t\t<div class=\"contact-title\">\r\n\t\t\t\t<h3 class=\"wow fadeInUp\" data-wow-delay=\".3s\">Envoyez votre message et<br>\nObtenir une r\u00e9ponse<\/h3>\r\n\t\t\t\t<p class=\"wow fadeInUp\" data-wow-delay=\".5s\">Votre adresse \u00e9lectronique ne sera pas publi\u00e9e. Les champs obligatoires sont marqu\u00e9s *<\/p>\r\n\t\t\t<\/div>\r\n\t\t\t<div class=\"contact-form-items\">\r\n\t\t\t\t\n<div class=\"wpcf7 no-js\" id=\"wpcf7-f506-o1\" lang=\"en-US\" dir=\"ltr\" data-wpcf7-id=\"506\">\n<div class=\"screen-reader-response\"><p role=\"status\" aria-live=\"polite\" aria-atomic=\"true\"><\/p> <ul><\/ul><\/div>\n<form action=\"\/fr\/wp-json\/wp\/v2\/pages\/1326#wpcf7-f506-o1\" method=\"post\" class=\"wpcf7-form init\" aria-label=\"Contact form\" novalidate=\"novalidate\" data-status=\"init\" data-trp-original-action=\"\/fr\/wp-json\/wp\/v2\/pages\/1326#wpcf7-f506-o1\">\n<fieldset class=\"hidden-fields-container\"><input type=\"hidden\" name=\"_wpcf7\" value=\"506\" \/><input type=\"hidden\" name=\"_wpcf7_version\" value=\"6.1.3\" \/><input type=\"hidden\" name=\"_wpcf7_locale\" value=\"en_US\" \/><input type=\"hidden\" name=\"_wpcf7_unit_tag\" value=\"wpcf7-f506-o1\" \/><input type=\"hidden\" name=\"_wpcf7_container_post\" value=\"0\" \/><input type=\"hidden\" name=\"_wpcf7_posted_data_hash\" value=\"\" \/>\n<\/fieldset>\n<div class=\"mt-4 mt-md-0\">\n\t<div class=\"row g-3\">\n\t\t<div class=\"col-lg-6 wow fadeInUp\" data-wow-delay=\".3s\">\n\t\t\t<div class=\"form-clt\">\n\t\t\t\t<span class=\"wpcf7-form-control-wrap\" data-name=\"text-707\"><input size=\"40\" maxlength=\"400\" class=\"wpcf7-form-control wpcf7-text wpcf7-validates-as-required\" aria-required=\"true\" aria-invalid=\"false\" placeholder=\"Nom complet *\" value=\"\" type=\"text\" name=\"text-707\" \/><\/span>\n\t\t\t<\/div>\n\t\t<\/div>\n\t\t<div class=\"col-lg-6 wow fadeInUp\" data-wow-delay=\".3s\">\n\t\t\t<div class=\"form-clt\">\n\t\t\t\t<span class=\"wpcf7-form-control-wrap\" data-name=\"email-787\"><input size=\"40\" maxlength=\"400\" class=\"wpcf7-form-control wpcf7-email wpcf7-validates-as-required wpcf7-text wpcf7-validates-as-email\" aria-required=\"true\" aria-invalid=\"false\" placeholder=\"Adresse \u00e9lectronique *\" value=\"\" type=\"email\" name=\"email-787\" \/><\/span>\n\t\t\t<\/div>\n\t\t<\/div>\n\t\t<div class=\"col-lg-6 wow fadeInUp\" data-wow-delay=\".5s\">\n\t\t\t<div class=\"form-clt\">\n\t\t\t\t<span class=\"wpcf7-form-control-wrap\" data-name=\"tel-522\"><input size=\"40\" maxlength=\"400\" class=\"wpcf7-form-control wpcf7-tel wpcf7-validates-as-required wpcf7-text wpcf7-validates-as-tel\" aria-required=\"true\" aria-invalid=\"false\" placeholder=\"Num\u00e9ro de t\u00e9l\u00e9phone *\" value=\"\" type=\"tel\" name=\"tel-522\" \/><\/span>\n\t\t\t<\/div>\n\t\t<\/div>\n\t\t<div class=\"col-lg-6 wow fadeInUp\" data-wow-delay=\".5s\">\n\t\t\t<div class=\"form-clt\">\n\t\t\t\t<span class=\"wpcf7-form-control-wrap\" data-name=\"menu-999\"><select class=\"wpcf7-form-control wpcf7-select\" aria-invalid=\"false\" name=\"menu-999\"><option value=\"Choose Services\">Choisir les services<\/option><option value=\"LMIA \/ LMIA-Excempt\">LMIA \/ LMIA-Excempt<\/option><option value=\"PR Sponsorship\">Parrainage des relations publiques<\/option><option value=\"Temporary Residence\">R\u00e9sidence temporaire<\/option><option value=\"Citizenship\">Citoyennet\u00e9<\/option><option value=\"Other\">Autres<\/option><\/select><\/span>\n\t\t\t<\/div>\n\t\t<\/div>\n\t\t<div class=\"col-lg-12 wow fadeInUp\" data-wow-delay=\".3s\">\n\t\t\t<div class=\"form-clt\">\n\t\t\t\t<span class=\"wpcf7-form-control-wrap\" data-name=\"textarea-602\"><textarea cols=\"40\" rows=\"10\" maxlength=\"2000\" class=\"wpcf7-form-control wpcf7-textarea\" aria-invalid=\"false\" placeholder=\"R\u00e9digez votre message\" name=\"textarea-602\"><\/textarea><\/span>\n\t\t\t<\/div>\n\t\t<\/div>\n\t\t<div class=\"col-lg-12 wow fadeInUp\" data-wow-delay=\".5s\">\n\t\t\t<button type=\"submit\" class=\"theme-btn\">\n\t\t\t\t<span>\n\t\t\t\tEnvoyer\n\t\t\t\t<i class=\"fas fa-chevron-right\"><\/i>\n\t\t\t\t<\/span>\n\t\t\t<\/button>\n\t\t<\/div>\n\t<\/div>\n<\/div><div class=\"wpcf7-response-output\" aria-hidden=\"true\"><\/div>\n<input type=\"hidden\" name=\"trp-form-language\" value=\"fr\"\/><\/form>\n<\/div>\n\t\t\t<\/div>\r\n\t\t<\/div>\r\n\r\n\t\r\n\r\n             \r\n\t\t\t\t\t\t<\/div>\n\t\t\t\t<\/div>\n\t\t\t\t<\/div>\n\t\t\t\t\t<\/div>\n\t\t\t\t<\/div>\n\t\t<div class=\"elementor-element elementor-element-2f06aa5 e-con-full e-flex e-con e-parent\" data-id=\"2f06aa5\" data-element_type=\"container\">\n\t\t\t\t<div class=\"elementor-element elementor-element-aea5d54 elementor-widget elementor-widget-google_maps\" data-id=\"aea5d54\" data-element_type=\"widget\" data-widget_type=\"google_maps.default\">\n\t\t\t\t<div class=\"elementor-widget-container\">\n\t\t\t\t\t\t\t<div class=\"elementor-custom-embed\">\n\t\t\t<iframe loading=\"lazy\"\n\t\t\t\t\tsrc=\"https:\/\/maps.google.com\/maps?q=208-45485%20Knight%20Rd.%2C%20Chilliwack%2C%20BC.%20V2R%203G3%20Canada&#038;t=m&#038;z=15&#038;output=embed&#038;iwloc=near\"\n\t\t\t\t\ttitle=\"208-45485 Knight Rd, Chilliwack, BC. V2R 3G3 Canada\"\n\t\t\t\t\taria-label=\"208-45485 Knight Rd, Chilliwack, BC. V2R 3G3 Canada\"\n\t\t\t><\/iframe>\n\t\t<\/div>\n\t\t\t\t\t\t<\/div>\n\t\t\t\t<\/div>\n\t\t\t\t<\/div>\n\t\t\t\t<\/div>","protected":false},"excerpt":{"rendered":"<p>Get In Touch Contact Us It will be a pleasure to talk with you and review your case. Hours Monday &#8211; Friday: 9:00 am. &#8211; 5 pm. Location 208-45485 Knight Rd., Chilliwack, BC., V2R 3G3, Canada Send your message and Get a reply Your email address will not be published. Required fields are marked *<\/p>","protected":false},"author":1,"featured_media":0,"parent":0,"menu_order":0,"comment_status":"closed","ping_status":"closed","template":"elementor_header_footer","meta":{"inline_featured_image":false,"footnotes":""},"class_list":["post-1326","page","type-page","status-publish","hentry"],"aioseo_notices":[],"_links":{"self":[{"href":"https:\/\/elcaminocanada.com\/fr\/wp-json\/wp\/v2\/pages\/1326","targetHints":{"allow":["GET"]}}],"collection":[{"href":"https:\/\/elcaminocanada.com\/fr\/wp-json\/wp\/v2\/pages"}],"about":[{"href":"https:\/\/elcaminocanada.com\/fr\/wp-json\/wp\/v2\/types\/page"}],"author":[{"embeddable":true,"href":"https:\/\/elcaminocanada.com\/fr\/wp-json\/wp\/v2\/users\/1"}],"replies":[{"embeddable":true,"href":"https:\/\/elcaminocanada.com\/fr\/wp-json\/wp\/v2\/comments?post=1326"}],"version-history":[{"count":47,"href":"https:\/\/elcaminocanada.com\/fr\/wp-json\/wp\/v2\/pages\/1326\/revisions"}],"predecessor-version":[{"id":4192,"href":"https:\/\/elcaminocanada.com\/fr\/wp-json\/wp\/v2\/pages\/1326\/revisions\/4192"}],"wp:attachment":[{"href":"https:\/\/elcaminocanada.com\/fr\/wp-json\/wp\/v2\/media?parent=1326"}],"curies":[{"name":"wp","href":"https:\/\/api.w.org\/{rel}","templated":true}]}}