{"id":1648,"date":"2025-03-12T16:49:49","date_gmt":"2025-03-12T16:49:49","guid":{"rendered":"http:\/\/temp.elcaminocanada.com\/?page_id=1648"},"modified":"2025-09-18T19:00:06","modified_gmt":"2025-09-18T19:00:06","slug":"spouse-cl-sponsorship","status":"publish","type":"page","link":"https:\/\/elcaminocanada.com\/fr\/spouse-cl-sponsorship\/","title":{"rendered":"Conjoint - Parrainage CL"},"content":{"rendered":"<div data-elementor-type=\"wp-page\" data-elementor-id=\"1648\" class=\"elementor elementor-1648\">\n\t\t\t\t<div class=\"elementor-element elementor-element-251b92a e-flex e-con-boxed e-con e-parent\" data-id=\"251b92a\" data-element_type=\"container\">\n\t\t\t\t\t<div class=\"e-con-inner\">\n\t\t\t\t<div class=\"elementor-element elementor-element-f9e7889 elementor-widget elementor-widget-heading\" data-id=\"f9e7889\" data-element_type=\"widget\" data-widget_type=\"heading.default\">\n\t\t\t\t<div class=\"elementor-widget-container\">\n\t\t\t\t\t<h2 class=\"elementor-heading-title elementor-size-default\">CONDITIONS DE BASE POUR LE PARRAINAGE FAMILIAL<\/h2>\t\t\t\t<\/div>\n\t\t\t\t<\/div>\n\t\t\t\t<div class=\"elementor-element elementor-element-49e5810 elementor-widget elementor-widget-text-editor\" data-id=\"49e5810\" data-element_type=\"widget\" data-widget_type=\"text-editor.default\">\n\t\t\t\t<div class=\"elementor-widget-container\">\n\t\t\t\t\t\t\t\t\t<p>Pour parrainer votre famille de mani\u00e8re permanente, vous devez r\u00e9pondre aux crit\u00e8res suivants.<\/p><p>Vous devez \u00eatre -<\/p>\t\t\t\t\t\t\t\t<\/div>\n\t\t\t\t<\/div>\n\t\t\t\t<div class=\"elementor-element elementor-element-d5f822a elementor-widget elementor-widget-text-editor\" data-id=\"d5f822a\" data-element_type=\"widget\" data-widget_type=\"text-editor.default\">\n\t\t\t\t<div class=\"elementor-widget-container\">\n\t\t\t\t\t\t\t\t\t<ol><li>18 ans ou plus<\/li><li>Dans un accord de parrainage avec le parent parrain\u00e9, il doit \u00eatre \u00e9crit que vous apporterez un soutien financier \u00e0 votre parent.<\/li><li>Soutien financier \u00e0 votre \u00e9poux, conjoint de fait ou partenaire conjugal pendant trois ans \u00e0 compter de la date \u00e0 laquelle ils deviennent r\u00e9sidents permanents.<\/li><li>Soutien financier pour un enfant \u00e0 charge pendant dix ans ou jusqu'\u00e0 ce que l'enfant atteigne l'\u00e2ge de 22 ans, selon la premi\u00e8re \u00e9ventualit\u00e9.<\/li><\/ol>\t\t\t\t\t\t\t\t<\/div>\n\t\t\t\t<\/div>\n\t\t\t\t<div class=\"elementor-element elementor-element-7bae229 elementor-widget elementor-widget-heading\" data-id=\"7bae229\" data-element_type=\"widget\" data-widget_type=\"heading.default\">\n\t\t\t\t<div class=\"elementor-widget-container\">\n\t\t\t\t\t<h3 class=\"elementor-heading-title elementor-size-default\">Qui pouvez-vous parrainer au titre de la cat\u00e9gorie du parrainage familial ?<\/h3>\t\t\t\t<\/div>\n\t\t\t\t<\/div>\n\t\t\t\t<div class=\"elementor-element elementor-element-8394d6c elementor-widget elementor-widget-text-editor\" data-id=\"8394d6c\" data-element_type=\"widget\" data-widget_type=\"text-editor.default\">\n\t\t\t\t<div class=\"elementor-widget-container\">\n\t\t\t\t\t\t\t\t\t<ol><li>Conjoint<\/li><li>Partenaire de droit commun<\/li><li>Partenaire conjugal<\/li><li>Enfants \u00e0 charge<\/li><li>Les parents<\/li><li>Grands-parents<\/li><li>Fr\u00e8res ou s\u0153urs, neveux ou ni\u00e8ces, petites-filles ou petits-fils, orphelins, \u00e2g\u00e9s de moins de 18 ans et non mari\u00e9s ou vivant en union libre.<\/li><li>Un autre parent, quel que soit son lien de parent\u00e9 ou son \u00e2ge, mais seulement sous certaines conditions<\/li><li>Personnes \u00e0 charge accompagnant les personnes susmentionn\u00e9es<\/li><\/ol>\t\t\t\t\t\t\t\t<\/div>\n\t\t\t\t<\/div>\n\t\t\t\t<div class=\"elementor-element elementor-element-92b187e elementor-widget elementor-widget-text-editor\" data-id=\"92b187e\" data-element_type=\"widget\" data-widget_type=\"text-editor.default\">\n\t\t\t\t<div class=\"elementor-widget-container\">\n\t\t\t\t\t\t\t\t\t<p>Pour en savoir plus sur le parrainage familial en Colombie-Britannique, n'h\u00e9sitez pas \u00e0 contacter nos consultants en immigration. Nous sommes l\u00e0 pour vous fournir un soutien complet en mati\u00e8re d'immigration.<\/p>\t\t\t\t\t\t\t\t<\/div>\n\t\t\t\t<\/div>\n\t\t\t\t<div class=\"elementor-element elementor-element-1c314a1 elementor-widget elementor-widget-heading\" data-id=\"1c314a1\" data-element_type=\"widget\" data-widget_type=\"heading.default\">\n\t\t\t\t<div class=\"elementor-widget-container\">\n\t\t\t\t\t<h2 class=\"elementor-heading-title elementor-size-default\">\u00c9POUX - CONJOINT DE FAIT PARRAINAGE IMMIGRATION<\/h2>\t\t\t\t<\/div>\n\t\t\t\t<\/div>\n\t\t\t\t<div class=\"elementor-element elementor-element-845e68b elementor-widget elementor-widget-text-editor\" data-id=\"845e68b\" data-element_type=\"widget\" data-widget_type=\"text-editor.default\">\n\t\t\t\t<div class=\"elementor-widget-container\">\n\t\t\t\t\t\t\t\t\t<p>Le Canada est appr\u00e9ci\u00e9 par la communaut\u00e9 des immigrants pour ses nombreuses opportunit\u00e9s. Dans une large mesure, les immigrants provenant de diff\u00e9rents lieux g\u00e9ographiques contribuent principalement \u00e0 fa\u00e7onner l'\u00e9conomie du pays. Gr\u00e2ce \u00e0 sa politique d'immigration souple, le gouvernement f\u00e9d\u00e9ral du Canada a ouvert les portes \u00e0 des personnes du monde entier pour qu'elles puissent vivre, travailler, \u00e9tudier et s'installer de mani\u00e8re permanente au Canada.<\/p><p>Les citoyens et les r\u00e9sidents permanents du Canada sont autoris\u00e9s \u00e0 faire venir leur conjoint dans le pays en utilisant les privil\u00e8ges de la RP. La proc\u00e9dure est un peu compliqu\u00e9e et nous pouvons vous aider. Profitez de notre expertise en mati\u00e8re de <strong>conjoint - parrainage de conjoint de fait immigration <\/strong>ici<strong> BC<\/strong> et nous laisser les maux de t\u00eate. La proc\u00e9dure de parrainage d'un conjoint pour la RP du Canada comporte plus de variables que les autres programmes d'immigration.<\/p>\t\t\t\t\t\t\t\t<\/div>\n\t\t\t\t<\/div>\n\t\t\t\t<div class=\"elementor-element elementor-element-a8fe735 elementor-widget elementor-widget-heading\" data-id=\"a8fe735\" data-element_type=\"widget\" data-widget_type=\"heading.default\">\n\t\t\t\t<div class=\"elementor-widget-container\">\n\t\t\t\t\t<h2 class=\"elementor-heading-title elementor-size-default\">R\u00c8GLES D'\u00c9LIGIBILIT\u00c9 POUR LA R\u00c9SIDENCE PERMANENTE DU CONJOINT AU CANADA<\/h2>\t\t\t\t<\/div>\n\t\t\t\t<\/div>\n\t\t\t\t<div class=\"elementor-element elementor-element-1300ed4 elementor-widget elementor-widget-text-editor\" data-id=\"1300ed4\" data-element_type=\"widget\" data-widget_type=\"text-editor.default\">\n\t\t\t\t<div class=\"elementor-widget-container\">\n\t\t\t\t\t\t\t\t\t<p>Outre les exigences strictes en mati\u00e8re d'\u00e9ducation, d'exp\u00e9rience professionnelle et de comp\u00e9tences linguistiques, le parrainage d'un conjoint au Canada implique d'autres conditions d'\u00e9ligibilit\u00e9, telles que<\/p>\t\t\t\t\t\t\t\t<\/div>\n\t\t\t\t<\/div>\n\t\t\t\t<div class=\"elementor-element elementor-element-2b37151 elementor-widget elementor-widget-text-editor\" data-id=\"2b37151\" data-element_type=\"widget\" data-widget_type=\"text-editor.default\">\n\t\t\t\t<div class=\"elementor-widget-container\">\n\t\t\t\t\t\t\t\t\t<ol>\n \t<li>18 ans ou plus<\/li>\n \t<li>\u00catre citoyen canadien ou r\u00e9sident permanent<\/li>\n \t<li>Avoir un casier judiciaire vierge et ne pas \u00eatre accus\u00e9 d'un d\u00e9lit grave.<\/li>\n \t<li>Ne pas avoir \u00e9t\u00e9 invit\u00e9 au Canada en tant que conjoint parrain\u00e9 au cours des cinq derni\u00e8res ann\u00e9es.<\/li>\n<\/ol>\t\t\t\t\t\t\t\t<\/div>\n\t\t\t\t<\/div>\n\t\t\t\t<div class=\"elementor-element elementor-element-2b2564d elementor-widget elementor-widget-heading\" data-id=\"2b2564d\" data-element_type=\"widget\" data-widget_type=\"heading.default\">\n\t\t\t\t<div class=\"elementor-widget-container\">\n\t\t\t\t\t<h2 class=\"elementor-heading-title elementor-size-default\">D\u00c9LAI DE TRAITEMENT DU PARRAINAGE D'UN CONJOINT AU CANADA<\/h2>\t\t\t\t<\/div>\n\t\t\t\t<\/div>\n\t\t\t\t<div class=\"elementor-element elementor-element-ec5cd44 elementor-widget elementor-widget-text-editor\" data-id=\"ec5cd44\" data-element_type=\"widget\" data-widget_type=\"text-editor.default\">\n\t\t\t\t<div class=\"elementor-widget-container\">\n\t\t\t\t\t\t\t\t\t<p>Certains facteurs peuvent r\u00e9duire les chances de parrainage de votre conjoint. Ces facteurs sont les suivants<\/p>\t\t\t\t\t\t\t\t<\/div>\n\t\t\t\t<\/div>\n\t\t\t\t<div class=\"elementor-element elementor-element-2ae6b91 elementor-widget elementor-widget-text-editor\" data-id=\"2ae6b91\" data-element_type=\"widget\" data-widget_type=\"text-editor.default\">\n\t\t\t\t<div class=\"elementor-widget-container\">\n\t\t\t\t\t\t\t\t\t<ol>\n \t<li>Si vous avez moins de 18 ans ou si vous \u00eates mari\u00e9(e) \u00e0 une autre personne au moment o\u00f9 celle-ci se marie avec le demandeur parrain\u00e9.<\/li>\n \t<li>Ne pas avoir pr\u00e9sent\u00e9 de preuves financi\u00e8res \u00e0 l'appui d'un parrainage ant\u00e9rieur.<\/li>\n \t<li>Vous avez v\u00e9cu s\u00e9par\u00e9ment ou l'un d'entre vous a eu une relation conjugale avec une tierce personne.<\/li>\n \t<li>Avoir d\u00e9j\u00e0 conclu un accord de parrainage en cours de validit\u00e9 tout en d\u00e9posant une demande pour un autre programme de parrainage aupr\u00e8s de CIC.<\/li>\n \t<li>ont \u00e9t\u00e9 admis au Canada mais n'ont pas fait l'objet d'un examen par CIC<\/li>\n<\/ol>\t\t\t\t\t\t\t\t<\/div>\n\t\t\t\t<\/div>\n\t\t\t\t<div class=\"elementor-element elementor-element-8e3ffa1 elementor-widget elementor-widget-text-editor\" data-id=\"8e3ffa1\" data-element_type=\"widget\" data-widget_type=\"text-editor.default\">\n\t\t\t\t<div class=\"elementor-widget-container\">\n\t\t\t\t\t\t\t\t\t<p>Pour obtenir plus d'informations sur le <strong>demande d'immigration pour le parrainage du conjoint<\/strong>Si vous avez besoin d'aide, contactez les services d'immigration d'El Camino. N'h\u00e9sitez pas \u00e0 <a href=\"https:\/\/elcaminocanada.com\/fr\/consultation\/\">Prendre rendez-vous<\/a> avec nous.<\/p>\t\t\t\t\t\t\t\t<\/div>\n\t\t\t\t<\/div>\n\t\t\t\t\t<\/div>\n\t\t\t\t<\/div>\n\t\t<div class=\"elementor-element elementor-element-078024c e-flex e-con-boxed e-con e-parent\" data-id=\"078024c\" data-element_type=\"container\">\n\t\t\t\t\t<div class=\"e-con-inner\">\n\t\t\t\t<div class=\"elementor-element elementor-element-745e060 elementor-widget elementor-widget-spacer\" data-id=\"745e060\" data-element_type=\"widget\" data-widget_type=\"spacer.default\">\n\t\t\t\t<div class=\"elementor-widget-container\">\n\t\t\t\t\t\t\t<div class=\"elementor-spacer\">\n\t\t\t<div class=\"elementor-spacer-inner\"><\/div>\n\t\t<\/div>\n\t\t\t\t\t\t<\/div>\n\t\t\t\t<\/div>\n\t\t\t\t\t<\/div>\n\t\t\t\t<\/div>\n\t\t\t\t<\/div>","protected":false},"excerpt":{"rendered":"<p>BASIC REQUIREMENTS FOR FAMILY SPONSORSHIP To permanently sponsor your family, you have to meet the following criteria. You must be \u2013 18 years of age or older In a sponsorship agreement with the sponsored relative where it should be written that you will provide financial support for your relative. Financial support for your spouse, common-law<\/p>","protected":false},"author":1,"featured_media":0,"parent":0,"menu_order":0,"comment_status":"closed","ping_status":"closed","template":"elementor_header_footer","meta":{"inline_featured_image":false,"footnotes":""},"class_list":["post-1648","page","type-page","status-publish","hentry"],"aioseo_notices":[],"_links":{"self":[{"href":"https:\/\/elcaminocanada.com\/fr\/wp-json\/wp\/v2\/pages\/1648","targetHints":{"allow":["GET"]}}],"collection":[{"href":"https:\/\/elcaminocanada.com\/fr\/wp-json\/wp\/v2\/pages"}],"about":[{"href":"https:\/\/elcaminocanada.com\/fr\/wp-json\/wp\/v2\/types\/page"}],"author":[{"embeddable":true,"href":"https:\/\/elcaminocanada.com\/fr\/wp-json\/wp\/v2\/users\/1"}],"replies":[{"embeddable":true,"href":"https:\/\/elcaminocanada.com\/fr\/wp-json\/wp\/v2\/comments?post=1648"}],"version-history":[{"count":16,"href":"https:\/\/elcaminocanada.com\/fr\/wp-json\/wp\/v2\/pages\/1648\/revisions"}],"predecessor-version":[{"id":4145,"href":"https:\/\/elcaminocanada.com\/fr\/wp-json\/wp\/v2\/pages\/1648\/revisions\/4145"}],"wp:attachment":[{"href":"https:\/\/elcaminocanada.com\/fr\/wp-json\/wp\/v2\/media?parent=1648"}],"curies":[{"name":"wp","href":"https:\/\/api.w.org\/{rel}","templated":true}]}}