{"id":1786,"date":"2025-03-12T23:35:57","date_gmt":"2025-03-12T23:35:57","guid":{"rendered":"http:\/\/temp.elcaminocanada.com\/?page_id=1786"},"modified":"2025-09-11T16:25:18","modified_gmt":"2025-09-11T16:25:18","slug":"a-professional-family-sponsorship-immigration","status":"publish","type":"page","link":"https:\/\/elcaminocanada.com\/fr\/a-professional-family-sponsorship-immigration\/","title":{"rendered":"Un parrainage familial professionnel de l'immigration"},"content":{"rendered":"<div data-elementor-type=\"wp-page\" data-elementor-id=\"1786\" class=\"elementor elementor-1786\">\n\t\t\t\t<div class=\"elementor-element elementor-element-300857e e-flex e-con-boxed e-con e-parent\" data-id=\"300857e\" data-element_type=\"container\">\n\t\t\t\t\t<div class=\"e-con-inner\">\n\t\t\t\t<div class=\"elementor-element elementor-element-1268359 elementor-widget elementor-widget-heading\" data-id=\"1268359\" data-element_type=\"widget\" data-widget_type=\"heading.default\">\n\t\t\t\t<div class=\"elementor-widget-container\">\n\t\t\t\t\t<h2 class=\"elementor-heading-title elementor-size-default\">Parrainage familial, Immigration temporaire<\/h2>\t\t\t\t<\/div>\n\t\t\t\t<\/div>\n\t\t\t\t<div class=\"elementor-element elementor-element-cb7bbe3 elementor-widget elementor-widget-text-editor\" data-id=\"cb7bbe3\" data-element_type=\"widget\" data-widget_type=\"text-editor.default\">\n\t\t\t\t<div class=\"elementor-widget-container\">\n\t\t\t\t\t\t\t\t\t<p>Le Canada est une terre d'opportunit\u00e9s ! Lorsque vous immigrez au Canada, il devient fastidieux de vivre seul. Gr\u00e2ce au programme de parrainage familial, vous n'avez plus \u00e0 rester seul. Ce programme de parrainage a \u00e9t\u00e9 cr\u00e9\u00e9 par le gouvernement canadien pour r\u00e9unir les familles dans la mesure du possible.<\/p><p>R\u00e9unir les parents avec leurs enfants adultes est une mission que le Canada prend tr\u00e8s au s\u00e9rieux. Le pays place la famille au premier plan.<\/p><p>Si vous \u00eates le parent ou le grand-parent d'un citoyen canadien ou d'un r\u00e9sident permanent, vous pouvez b\u00e9n\u00e9ficier d'un super visa. Cela signifie que vous pouvez rendre visite \u00e0 votre famille au Canada pendant une p\u00e9riode pouvant aller jusqu'\u00e0 deux ans, et que le visa permet des entr\u00e9es multiples pendant une p\u00e9riode pouvant aller jusqu'\u00e0 dix ans.<\/p><p>Il diff\u00e8re du visa de touriste, pour lequel vous ne pouvez s\u00e9journer que six mois \u00e0 la fois. Cependant, vous devez r\u00e9pondre \u00e0 des crit\u00e8res sp\u00e9cifiques pour parrainer votre famille. Les services d'immigration d'El Camino sont l\u00e0 pour vous fournir tous les d\u00e9tails concernant <strong>parrainage familial immigration<\/strong>. Consultez aujourd'hui pour un grand avenir.<\/p>\t\t\t\t\t\t\t\t<\/div>\n\t\t\t\t<\/div>\n\t\t\t\t<div class=\"elementor-element elementor-element-776910d elementor-widget elementor-widget-heading\" data-id=\"776910d\" data-element_type=\"widget\" data-widget_type=\"heading.default\">\n\t\t\t\t<div class=\"elementor-widget-container\">\n\t\t\t\t\t<h2 class=\"elementor-heading-title elementor-size-default\">Exigences de base pour le parrainage familial, la r\u00e9sidence permanente.<\/h2>\t\t\t\t<\/div>\n\t\t\t\t<\/div>\n\t\t\t\t<div class=\"elementor-element elementor-element-0ad7caf elementor-widget elementor-widget-text-editor\" data-id=\"0ad7caf\" data-element_type=\"widget\" data-widget_type=\"text-editor.default\">\n\t\t\t\t<div class=\"elementor-widget-container\">\n\t\t\t\t\t\t\t\t\t<p><strong>Pour parrainer votre famille de mani\u00e8re permanente, vous devez r\u00e9pondre aux crit\u00e8res suivants. Vous devez \u00eatre -<\/strong><\/p>\t\t\t\t\t\t\t\t<\/div>\n\t\t\t\t<\/div>\n\t\t\t\t<div class=\"elementor-element elementor-element-e6e4132 elementor-widget elementor-widget-text-editor\" data-id=\"e6e4132\" data-element_type=\"widget\" data-widget_type=\"text-editor.default\">\n\t\t\t\t<div class=\"elementor-widget-container\">\n\t\t\t\t\t\t\t\t\t<ol>\n \t<li>18 ans ou plus<\/li>\n \t<li>Dans un accord de parrainage avec le parent parrain\u00e9, il doit \u00eatre \u00e9crit que vous apporterez un soutien financier \u00e0 votre parent.<\/li>\n \t<li>Soutien financier \u00e0 votre \u00e9poux, conjoint de fait ou partenaire conjugal pendant trois ans \u00e0 compter de la date \u00e0 laquelle ils deviennent r\u00e9sidents permanents.<\/li>\n \t<li>Soutien financier pour un enfant \u00e0 charge pendant dix ans ou jusqu'\u00e0 ce que l'enfant atteigne l'\u00e2ge de 22 ans, selon la premi\u00e8re \u00e9ventualit\u00e9.<\/li>\n<\/ol>\t\t\t\t\t\t\t\t<\/div>\n\t\t\t\t<\/div>\n\t\t\t\t<div class=\"elementor-element elementor-element-a9a4376 elementor-widget elementor-widget-text-editor\" data-id=\"a9a4376\" data-element_type=\"widget\" data-widget_type=\"text-editor.default\">\n\t\t\t\t<div class=\"elementor-widget-container\">\n\t\t\t\t\t\t\t\t\t<p><strong>Qui pouvez-vous parrainer au titre de la cat\u00e9gorie du parrainage familial ?<\/strong><\/p>\t\t\t\t\t\t\t\t<\/div>\n\t\t\t\t<\/div>\n\t\t\t\t<div class=\"elementor-element elementor-element-a21b313 elementor-widget elementor-widget-text-editor\" data-id=\"a21b313\" data-element_type=\"widget\" data-widget_type=\"text-editor.default\">\n\t\t\t\t<div class=\"elementor-widget-container\">\n\t\t\t\t\t\t\t\t\t<ol>\n \t<li>Conjoint<\/li>\n \t<li>Partenaire de droit commun<\/li>\n \t<li>Partenaire conjugal<\/li>\n \t<li>Enfants \u00e0 charge<\/li>\n \t<li>Les parents<\/li>\n \t<li>Grands-parents<\/li>\n \t<li>Fr\u00e8res ou s\u0153urs, neveux ou ni\u00e8ces, petites-filles ou petits-fils, orphelins, \u00e2g\u00e9s de moins de 18 ans et non mari\u00e9s ou vivant en union libre.<\/li>\n \t<li>Un autre parent, quel que soit son lien de parent\u00e9 ou son \u00e2ge, mais seulement sous certaines conditions<\/li>\n \t<li>Personnes \u00e0 charge accompagnant les personnes susmentionn\u00e9es<\/li>\n<\/ol>\t\t\t\t\t\t\t\t<\/div>\n\t\t\t\t<\/div>\n\t\t\t\t<div class=\"elementor-element elementor-element-50233ca elementor-widget elementor-widget-text-editor\" data-id=\"50233ca\" data-element_type=\"widget\" data-widget_type=\"text-editor.default\">\n\t\t\t\t<div class=\"elementor-widget-container\">\n\t\t\t\t\t\t\t\t\t<p>Conna\u00eetre en d\u00e9tail <strong>l'immigration de parrainage familial, <\/strong>n'h\u00e9sitez pas \u00e0 <a href=\"http:\/\/elcaminocanada.com\/fr\/contact\/\">prendre contact<\/a> avec nos consultants en immigration. Nous sommes l\u00e0 pour fournir une assistance compl\u00e8te en mati\u00e8re d'immigration.<\/p>\t\t\t\t\t\t\t\t<\/div>\n\t\t\t\t<\/div>\n\t\t\t\t\t<\/div>\n\t\t\t\t<\/div>\n\t\t\t\t<\/div>","protected":false},"excerpt":{"rendered":"<p>Family sponsorship, Temporary immigration Canada is the land of opportunity! When you immigrate to Canada, living alone gets tedious. With the Family Sponsorship program, you do not have to stay alone anymore. This Sponsorship program has been created by the Canadian government to reunite families whenever possible. Reuniting parents with their grown children is a<\/p>","protected":false},"author":1,"featured_media":0,"parent":0,"menu_order":0,"comment_status":"closed","ping_status":"closed","template":"elementor_header_footer","meta":{"inline_featured_image":false,"footnotes":""},"class_list":["post-1786","page","type-page","status-publish","hentry"],"aioseo_notices":[],"_links":{"self":[{"href":"https:\/\/elcaminocanada.com\/fr\/wp-json\/wp\/v2\/pages\/1786","targetHints":{"allow":["GET"]}}],"collection":[{"href":"https:\/\/elcaminocanada.com\/fr\/wp-json\/wp\/v2\/pages"}],"about":[{"href":"https:\/\/elcaminocanada.com\/fr\/wp-json\/wp\/v2\/types\/page"}],"author":[{"embeddable":true,"href":"https:\/\/elcaminocanada.com\/fr\/wp-json\/wp\/v2\/users\/1"}],"replies":[{"embeddable":true,"href":"https:\/\/elcaminocanada.com\/fr\/wp-json\/wp\/v2\/comments?post=1786"}],"version-history":[{"count":8,"href":"https:\/\/elcaminocanada.com\/fr\/wp-json\/wp\/v2\/pages\/1786\/revisions"}],"predecessor-version":[{"id":3941,"href":"https:\/\/elcaminocanada.com\/fr\/wp-json\/wp\/v2\/pages\/1786\/revisions\/3941"}],"wp:attachment":[{"href":"https:\/\/elcaminocanada.com\/fr\/wp-json\/wp\/v2\/media?parent=1786"}],"curies":[{"name":"wp","href":"https:\/\/api.w.org\/{rel}","templated":true}]}}