{"id":2941,"date":"2025-04-16T19:06:35","date_gmt":"2025-04-16T19:06:35","guid":{"rendered":"http:\/\/temp.elcaminocanada.com\/?page_id=2941"},"modified":"2025-07-17T17:59:59","modified_gmt":"2025-07-17T17:59:59","slug":"temporary-residence","status":"publish","type":"page","link":"https:\/\/elcaminocanada.com\/fr\/temporary-residence\/","title":{"rendered":"R\u00c9SIDENCE TEMPORAIRE"},"content":{"rendered":"<div data-elementor-type=\"wp-page\" data-elementor-id=\"2941\" class=\"elementor elementor-2941\">\n\t\t\t\t<div class=\"elementor-element elementor-element-6b4d443 e-flex e-con-boxed e-con e-parent\" data-id=\"6b4d443\" data-element_type=\"container\">\n\t\t\t\t\t<div class=\"e-con-inner\">\n\t\t\t\t<div class=\"elementor-element elementor-element-1cda5bf elementor-widget elementor-widget-heading\" data-id=\"1cda5bf\" data-element_type=\"widget\" data-widget_type=\"heading.default\">\n\t\t\t\t<div class=\"elementor-widget-container\">\n\t\t\t\t\t<h2 class=\"elementor-heading-title elementor-size-default\">Demander un permis de travail<\/h2>\t\t\t\t<\/div>\n\t\t\t\t<\/div>\n\t\t\t\t<div class=\"elementor-element elementor-element-7b4912d elementor-widget elementor-widget-text-editor\" data-id=\"7b4912d\" data-element_type=\"widget\" data-widget_type=\"text-editor.default\">\n\t\t\t\t<div class=\"elementor-widget-container\">\n\t\t\t\t\t\t\t\t\t<p>Le march\u00e9 du travail canadien, solide et diversifi\u00e9, offre aux travailleurs \u00e9trangers des salaires comp\u00e9titifs et de solides protections en mati\u00e8re d'emploi. L'une des principales \u00e9conomies du monde, le Canada accueille chaque ann\u00e9e des milliers de travailleurs \u00e9trangers qui viennent grossir les rangs de sa population active.<\/p><p>Pour travailler l\u00e9galement au Canada, la plupart des ressortissants \u00e9trangers doivent obtenir un <b>Permis de travail<\/b> et, dans de nombreux cas, un <b>\u00e9valuation positive de l'impact sur le march\u00e9 du travail (EIMT)<\/b>. Cette proc\u00e9dure garantit que l'embauche d'un travailleur \u00e9tranger n'aura pas d'incidence n\u00e9gative sur le march\u00e9 du travail canadien.<\/p><p>Au <b>El Camino Immigration Services<\/b>Nous assistons les employeurs et les travailleurs \u00e9trangers tout au long de la proc\u00e9dure de demande. De la d\u00e9termination de l'\u00e9ligibilit\u00e9 \u00e0 l'obtention des documents n\u00e9cessaires, nous fournissons des conseils personnalis\u00e9s \u00e0 chaque \u00e9tape du processus.<\/p><p>Dans certaines situations, vous pouvez \u00e9galement b\u00e9n\u00e9ficier d'une <b>Permis de travail exempt\u00e9 de la LMIA<\/b>Selon la nature de l'emploi, les accords internationaux ou les consid\u00e9rations d'ordre public.<\/p><p>Laissez El Camino vous aider \u00e0 naviguer dans le processus et commencez votre voyage pour travailler au Canada en toute confiance.<\/p>\t\t\t\t\t\t\t\t<\/div>\n\t\t\t\t<\/div>\n\t\t\t\t<div class=\"elementor-element elementor-element-5ceea5c elementor-widget elementor-widget-heading\" data-id=\"5ceea5c\" data-element_type=\"widget\" data-widget_type=\"heading.default\">\n\t\t\t\t<div class=\"elementor-widget-container\">\n\t\t\t\t\t<h3 class=\"elementor-heading-title elementor-size-default\">D\u00e9lais de traitement estim\u00e9s<\/h3>\t\t\t\t<\/div>\n\t\t\t\t<\/div>\n\t\t\t\t<div class=\"elementor-element elementor-element-2d10406 elementor-widget elementor-widget-text-editor\" data-id=\"2d10406\" data-element_type=\"widget\" data-widget_type=\"text-editor.default\">\n\t\t\t\t<div class=\"elementor-widget-container\">\n\t\t\t\t\t\t\t\t\t<ul><li><b>Permis de travail bas\u00e9 sur l'EIMT<\/b>: 3 \u00e0 6 mois (y compris le temps de traitement de l'EIMT)<\/li><li><b>Permis de travail exempt\u00e9 de l'AIMT<\/b>Dur\u00e9e du s\u00e9jour : 2 \u00e0 8 semaines (varie selon le pays et le programme)<\/li><li><b>Conformit\u00e9 des employeurs et enregistrement des offres d'emploi<\/b> (si n\u00e9cessaire) : 1 \u00e0 3 semaines<\/li><\/ul>\t\t\t\t\t\t\t\t<\/div>\n\t\t\t\t<\/div>\n\t\t\t\t<div class=\"elementor-element elementor-element-77410bb elementor-widget elementor-widget-heading\" data-id=\"77410bb\" data-element_type=\"widget\" data-widget_type=\"heading.default\">\n\t\t\t\t<div class=\"elementor-widget-container\">\n\t\t\t\t\t<h2 class=\"elementor-heading-title elementor-size-default\">FAQ - Permis de travail<\/h2>\t\t\t\t<\/div>\n\t\t\t\t<\/div>\n\t\t\t\t<div class=\"elementor-element elementor-element-889022d elementor-widget elementor-widget-visaland-theme-accordion-widget\" data-id=\"889022d\" data-element_type=\"widget\" data-widget_type=\"visaland-theme-accordion-widget.default\">\n\t\t\t\t<div class=\"elementor-widget-container\">\n\t\t\t\t\t\r\n\t\r\n<div class=\"faq-content\">\r\n\t<div class=\"faq-accordion\">\r\n\t\t<div class=\"accordion\" id=\"accordion\">\r\n\t\t\t\t\t\t<div class=\"accordion-item wow fadeInUp\" data-wow-delay=\".5s\">\r\n\t\t\t\t<h4 class=\"accordion-header\">\r\n\t\t\t\t\t<button class=\"accordion-button\" type=\"button\" data-bs-toggle=\"collapse\" data-bs-target=\"#faq20\" aria-expanded=\"true\" aria-controls=\"faq20\">\r\n\t\t\t\t\t\tDois-je avoir une offre d'emploi avant de demander un permis de travail ?\t\t\t\t\t<\/button>\r\n\t\t\t\t<\/h4>\r\n\t\t\t\t<div id=\"faq20\" class=\"accordion-collapse collapse\" data-bs-parent=\"#accordion\">\r\n\t\t\t\t\t<div class=\"accordion-body\">\r\n\t\t\t\t\t\tOui, dans la plupart des cas, une offre d'emploi valide est n\u00e9cessaire. Certaines cat\u00e9gories exempt\u00e9es de l'accord LMIA peuvent faire l'objet d'exceptions.\t\t\t\t\t<\/div>\r\n\t\t\t\t<\/div>\r\n\t\t\t<\/div>\r\n\t\t\t\t\t\t<div class=\"accordion-item wow fadeInUp\" data-wow-delay=\".5s\">\r\n\t\t\t\t<h4 class=\"accordion-header\">\r\n\t\t\t\t\t<button class=\"accordion-button\" type=\"button\" data-bs-toggle=\"collapse\" data-bs-target=\"#faq21\" aria-expanded=\"true\" aria-controls=\"faq21\">\r\n\t\t\t\t\t\tPuis-je inclure mon conjoint et mes enfants dans ma demande ?\t\t\t\t\t<\/button>\r\n\t\t\t\t<\/h4>\r\n\t\t\t\t<div id=\"faq21\" class=\"accordion-collapse collapse show\" data-bs-parent=\"#accordion\">\r\n\t\t\t\t\t<div class=\"accordion-body\">\r\n\t\t\t\t\t\tOui, votre conjoint peut b\u00e9n\u00e9ficier d'un permis de travail ouvert et vos enfants \u00e0 charge peuvent demander le statut d'\u00e9tudiant ou de visiteur.\t\t\t\t\t<\/div>\r\n\t\t\t\t<\/div>\r\n\t\t\t<\/div>\r\n\t\t\t\t\t\t<div class=\"accordion-item wow fadeInUp\" data-wow-delay=\".5s\">\r\n\t\t\t\t<h4 class=\"accordion-header\">\r\n\t\t\t\t\t<button class=\"accordion-button\" type=\"button\" data-bs-toggle=\"collapse\" data-bs-target=\"#faq22\" aria-expanded=\"true\" aria-controls=\"faq22\">\r\n\t\t\t\t\t\tEst-il possible de prolonger mon permis de travail ?\t\t\t\t\t<\/button>\r\n\t\t\t\t<\/h4>\r\n\t\t\t\t<div id=\"faq22\" class=\"accordion-collapse collapse\" data-bs-parent=\"#accordion\">\r\n\t\t\t\t\t<div class=\"accordion-body\">\r\n\t\t\t\t\t\tOui, mais vous devez en faire la demande avant l'expiration de votre permis actuel et remplir les conditions d'admissibilit\u00e9 \u00e0 une prolongation.\t\t\t\t\t<\/div>\r\n\t\t\t\t<\/div>\r\n\t\t\t<\/div>\r\n\t\t\t\t\t\t<div class=\"accordion-item wow fadeInUp\" data-wow-delay=\".5s\">\r\n\t\t\t\t<h4 class=\"accordion-header\">\r\n\t\t\t\t\t<button class=\"accordion-button\" type=\"button\" data-bs-toggle=\"collapse\" data-bs-target=\"#faq23\" aria-expanded=\"true\" aria-controls=\"faq23\">\r\n\t\t\t\t\t\tQu'est-ce qu'une EIMT et pourquoi est-elle n\u00e9cessaire ?\t\t\t\t\t<\/button>\r\n\t\t\t\t<\/h4>\r\n\t\t\t\t<div id=\"faq23\" class=\"accordion-collapse collapse\" data-bs-parent=\"#accordion\">\r\n\t\t\t\t\t<div class=\"accordion-body\">\r\n\t\t\t\t\t\tUn LMIA est un document qu'un employeur au Canada peut \u00eatre amen\u00e9 \u00e0 obtenir avant d'embaucher un travailleur \u00e9tranger. Il confirme qu'aucun citoyen canadien ou r\u00e9sident permanent n'est disponible pour effectuer le travail.\t\t\t\t\t<\/div>\r\n\t\t\t\t<\/div>\r\n\t\t\t<\/div>\r\n\t\t\t\t\t<\/div>\r\n\t<\/div>\r\n<\/div>\r\n\r\n\t\r\n\r\n\r\n             \r\n\t\t\t\t\t\t<\/div>\n\t\t\t\t<\/div>\n\t\t\t\t\t<\/div>\n\t\t\t\t<\/div>\n\t\t<div class=\"elementor-element elementor-element-dbf16b5 e-flex e-con-boxed e-con e-parent\" data-id=\"dbf16b5\" data-element_type=\"container\">\n\t\t\t\t\t<div class=\"e-con-inner\">\n\t\t\t\t<div class=\"elementor-element elementor-element-5f4bde5 elementor-widget elementor-widget-visaland-theme-button-widget\" data-id=\"5f4bde5\" data-element_type=\"widget\" data-widget_type=\"visaland-theme-button-widget.default\">\n\t\t\t\t<div class=\"elementor-widget-container\">\n\t\t\t\t\t\r\n\t\r\n\r\n\t<div class=\"about-button wow fadeInUp\" data-wow-delay=\".8s\">\r\n\t\t<a href=\"http:\/\/elcaminocanada.com\/fr\/other-temporary-residence-services\/\" class=\"theme-btn\">\r\n\t\t\t<span>\r\n\t\t\tAutres services de r\u00e9sidence temporaire\t\t\t\t<i class=\"fas fa-chevron-right\"><\/i>\r\n\t\t\t<\/span>\r\n\t\t<\/a>\r\n\t<\/div>\r\n\r\n\t\r\n\r\n             \r\n\t\t\t\t\t\t<\/div>\n\t\t\t\t<\/div>\n\t\t\t\t\t<\/div>\n\t\t\t\t<\/div>\n\t\t\t\t<\/div>","protected":false},"excerpt":{"rendered":"<p>Apply for a Work Permit Canada\u2019s strong and diverse labour market offers foreign workers competitive wages and robust employment protections. As one of the world\u2019s leading economies, Canada welcomes thousands of foreign workers each year to contribute to its growing workforce. To work in Canada legally, most foreign nationals must obtain a Work Permit and,<\/p>","protected":false},"author":1,"featured_media":0,"parent":0,"menu_order":0,"comment_status":"closed","ping_status":"closed","template":"","meta":{"inline_featured_image":false,"footnotes":""},"class_list":["post-2941","page","type-page","status-publish","hentry"],"aioseo_notices":[],"_links":{"self":[{"href":"https:\/\/elcaminocanada.com\/fr\/wp-json\/wp\/v2\/pages\/2941","targetHints":{"allow":["GET"]}}],"collection":[{"href":"https:\/\/elcaminocanada.com\/fr\/wp-json\/wp\/v2\/pages"}],"about":[{"href":"https:\/\/elcaminocanada.com\/fr\/wp-json\/wp\/v2\/types\/page"}],"author":[{"embeddable":true,"href":"https:\/\/elcaminocanada.com\/fr\/wp-json\/wp\/v2\/users\/1"}],"replies":[{"embeddable":true,"href":"https:\/\/elcaminocanada.com\/fr\/wp-json\/wp\/v2\/comments?post=2941"}],"version-history":[{"count":10,"href":"https:\/\/elcaminocanada.com\/fr\/wp-json\/wp\/v2\/pages\/2941\/revisions"}],"predecessor-version":[{"id":3159,"href":"https:\/\/elcaminocanada.com\/fr\/wp-json\/wp\/v2\/pages\/2941\/revisions\/3159"}],"wp:attachment":[{"href":"https:\/\/elcaminocanada.com\/fr\/wp-json\/wp\/v2\/media?parent=2941"}],"curies":[{"name":"wp","href":"https:\/\/api.w.org\/{rel}","templated":true}]}}