{"id":3393,"date":"2025-08-01T20:30:21","date_gmt":"2025-08-01T20:30:21","guid":{"rendered":"http:\/\/temp.elcaminocanada.com\/?page_id=3393"},"modified":"2025-09-11T16:37:44","modified_gmt":"2025-09-11T16:37:44","slug":"evaluation","status":"publish","type":"page","link":"https:\/\/elcaminocanada.com\/fr\/evaluation\/","title":{"rendered":"Formulaire d'information de l'employeur"},"content":{"rendered":"<div data-elementor-type=\"wp-page\" data-elementor-id=\"3393\" class=\"elementor elementor-3393\">\n\t\t\t\t<div class=\"elementor-element elementor-element-b01e6e3 e-flex e-con-boxed e-con e-parent\" data-id=\"b01e6e3\" data-element_type=\"container\">\n\t\t\t\t\t<div class=\"e-con-inner\">\n\t\t\t\t<div class=\"elementor-element elementor-element-58669e9 elementor-widget elementor-widget-shortcode\" data-id=\"58669e9\" data-element_type=\"widget\" data-widget_type=\"shortcode.default\">\n\t\t\t\t<div class=\"elementor-widget-container\">\n\t\t\t\t\t\t\t<div class=\"elementor-shortcode\">\n<div class=\"wpcf7 no-js\" id=\"wpcf7-f3392-o1\" lang=\"en-US\" dir=\"ltr\" data-wpcf7-id=\"3392\">\n<div class=\"screen-reader-response\"><p role=\"status\" aria-live=\"polite\" aria-atomic=\"true\"><\/p> <ul><\/ul><\/div>\n<form action=\"\/fr\/wp-json\/wp\/v2\/pages\/3393#wpcf7-f3392-o1\" method=\"post\" class=\"wpcf7-form init\" aria-label=\"Contact form\" novalidate=\"novalidate\" data-status=\"init\" data-trp-original-action=\"\/fr\/wp-json\/wp\/v2\/pages\/3393#wpcf7-f3392-o1\">\n<fieldset class=\"hidden-fields-container\"><input type=\"hidden\" name=\"_wpcf7\" value=\"3392\" \/><input type=\"hidden\" name=\"_wpcf7_version\" value=\"6.1.3\" \/><input type=\"hidden\" name=\"_wpcf7_locale\" value=\"en_US\" \/><input type=\"hidden\" name=\"_wpcf7_unit_tag\" value=\"wpcf7-f3392-o1\" \/><input type=\"hidden\" name=\"_wpcf7_container_post\" value=\"0\" \/><input type=\"hidden\" name=\"_wpcf7_posted_data_hash\" value=\"\" \/>\n<\/fieldset>\n<h4>FORMULAIRE D'INFORMATION DE L'EMPLOYEUR<\/h4>\n\n<div class=\"row\" style=\"margin-bottom: 20px;\">\n  <div class=\"col-sm-12 col-md-6\">\n    <span class=\"wpcf7-form-control-wrap\" data-name=\"your-company-legal-name\"><input size=\"40\" maxlength=\"400\" class=\"wpcf7-form-control wpcf7-text wpcf7-validates-as-required\" autocomplete=\"off\" aria-required=\"true\" aria-invalid=\"false\" placeholder=\"Legal Company Name*\" value=\"\" type=\"text\" name=\"your-company-legal-name\" \/><\/span>\n  <\/div>\n  <div class=\"col-sm-12 col-md-6\">\n    <span class=\"wpcf7-form-control-wrap\" data-name=\"your-company-operation-name\"><input size=\"40\" maxlength=\"400\" class=\"wpcf7-form-control wpcf7-text wpcf7-validates-as-required\" autocomplete=\"off\" aria-required=\"true\" aria-invalid=\"false\" placeholder=\"Operating Company Name*\" value=\"\" type=\"text\" name=\"your-company-operation-name\" \/><\/span>\n  <\/div>\n<\/div>\n\n<div class=\"row\" style=\"margin-bottom: 20px;\">\n  <div class=\"col-sm-12 col-md-6\">\n    <span class=\"wpcf7-form-control-wrap\" data-name=\"your-contact-person\"><input size=\"40\" maxlength=\"400\" class=\"wpcf7-form-control wpcf7-text wpcf7-validates-as-required\" autocomplete=\"off\" aria-required=\"true\" aria-invalid=\"false\" placeholder=\"Company Contact Person*\" value=\"\" type=\"text\" name=\"your-contact-person\" \/><\/span>\n  <\/div>\n  <div class=\"col-sm-12 col-md-6\">\n    <span class=\"wpcf7-form-control-wrap\" data-name=\"your-contact-job-title\"><input size=\"40\" maxlength=\"400\" class=\"wpcf7-form-control wpcf7-text\" autocomplete=\"off\" aria-invalid=\"false\" placeholder=\"Titre du poste de la personne de contact\" value=\"\" type=\"text\" name=\"your-contact-job-title\" \/><\/span>\n  <\/div>\n<\/div>\n\n<div class=\"row\" style=\"margin-bottom: 40px;\">\n  <div class=\"col-sm-12 col-md-6\">\n    <span class=\"wpcf7-form-control-wrap\" data-name=\"TypeBusiness\"><select class=\"wpcf7-form-control wpcf7-select wpcf7-validates-as-required\" aria-required=\"true\" aria-invalid=\"false\" name=\"TypeBusiness\"><option value=\"\">Type of Business*<\/option><option value=\"Inc. \/ Ltd.\">Inc. \/ Ltd.<\/option><option value=\"Partnership\">Partenariat<\/option><option value=\"Sole Proprietor\">Sole Proprietor<\/option><\/select><\/span>\n  <\/div>\n  <div class=\"col-sm-12 col-md-6\">\n    <span class=\"wpcf7-form-control-wrap\" data-name=\"Franchise\"><select class=\"wpcf7-form-control wpcf7-select wpcf7-validates-as-required\" aria-required=\"true\" aria-invalid=\"false\" name=\"Franchise\"><option value=\"\">Franchise*<\/option><option value=\"Yes\">Oui<\/option><option value=\"No\">Non<\/option><\/select><\/span>\n  <\/div>\n<\/div>\n\n<div class=\"row\" style=\"margin-bottom: 20px;\">\n  <div class=\"col-sm-12\">\n    <span class=\"wpcf7-form-control-wrap\" data-name=\"your-company-address-1\"><input size=\"40\" maxlength=\"400\" class=\"wpcf7-form-control wpcf7-text wpcf7-validates-as-required\" autocomplete=\"off\" aria-required=\"true\" aria-invalid=\"false\" placeholder=\"Company Address*\" value=\"\" type=\"text\" name=\"your-company-address-1\" \/><\/span>\n  <\/div>\n<\/div>\n\n<div class=\"row\" style=\"margin-bottom: 20px;\">\n  <div class=\"col-sm-12 col-md-4\">\n    <span class=\"wpcf7-form-control-wrap\" data-name=\"your-city\"><input size=\"40\" maxlength=\"400\" class=\"wpcf7-form-control wpcf7-text wpcf7-validates-as-required\" autocomplete=\"off\" aria-required=\"true\" aria-invalid=\"false\" placeholder=\"City*\" value=\"\" type=\"text\" name=\"your-city\" \/><\/span>\n  <\/div>\n  <div class=\"col-sm-12 col-md-4\">\n    <span class=\"wpcf7-form-control-wrap\" data-name=\"your-postal-code\"><input size=\"40\" maxlength=\"400\" class=\"wpcf7-form-control wpcf7-text wpcf7-validates-as-required\" autocomplete=\"off\" aria-required=\"true\" aria-invalid=\"false\" placeholder=\"Your Postal Code*\" value=\"\" type=\"text\" name=\"your-postal-code\" \/><\/span>\n  <\/div>\n  <div class=\"col-sm-12 col-md-4\">\n    <span class=\"wpcf7-form-control-wrap\" data-name=\"your-province\"><input size=\"40\" maxlength=\"400\" class=\"wpcf7-form-control wpcf7-text wpcf7-validates-as-required\" autocomplete=\"off\" aria-required=\"true\" aria-invalid=\"false\" placeholder=\"Province \/ Territory*\" value=\"\" type=\"text\" name=\"your-province\" \/><\/span>\n  <\/div>\n<\/div>\n\n<div class=\"row\" style=\"margin-bottom: 20px;\">\n  <div class=\"col-sm-12\">\n    <span class=\"wpcf7-form-control-wrap\" data-name=\"your-company-address-2\"><input size=\"40\" maxlength=\"400\" class=\"wpcf7-form-control wpcf7-text\" autocomplete=\"off\" aria-invalid=\"false\" placeholder=\"Autres lieux\" value=\"\" type=\"text\" name=\"your-company-address-2\" \/><\/span>\n  <\/div>\n<\/div>\n\n<div class=\"row\" style=\"margin-bottom: 20px;\">\n  <div class=\"col-sm-12 col-md-6\">\n    <span class=\"wpcf7-form-control-wrap\" data-name=\"your-cra-payroll-no\"><input size=\"40\" maxlength=\"400\" class=\"wpcf7-form-control wpcf7-text wpcf7-validates-as-required\" autocomplete=\"off\" aria-required=\"true\" aria-invalid=\"false\" placeholder=\"Company CRA Payroll Number (15 digits)*\" value=\"\" type=\"text\" name=\"your-cra-payroll-no\" \/><\/span>\n  <\/div>\n<\/div>\n\n<div class=\"row\" style=\"margin-bottom: 20px;\">\n  <div class=\"col-sm-12 col-md-6\">\n    <span class=\"wpcf7-form-control-wrap\" data-name=\"your-business-phone\"><input size=\"40\" maxlength=\"400\" class=\"wpcf7-form-control wpcf7-tel wpcf7-validates-as-required wpcf7-text wpcf7-validates-as-tel\" autocomplete=\"off\" aria-required=\"true\" aria-invalid=\"false\" placeholder=\"Business Phone Number*\" value=\"\" type=\"tel\" name=\"your-business-phone\" \/><\/span>\n  <\/div>\n  <div class=\"col-sm-12 col-md-6\">\n    <span class=\"wpcf7-form-control-wrap\" data-name=\"your-other-phone\"><input size=\"40\" maxlength=\"400\" class=\"wpcf7-form-control wpcf7-tel wpcf7-text wpcf7-validates-as-tel\" autocomplete=\"off\" aria-invalid=\"false\" placeholder=\"Autre num\u00e9ro de t\u00e9l\u00e9phone\" value=\"\" type=\"tel\" name=\"your-other-phone\" \/><\/span>\n  <\/div>\n<\/div>\n\n<div class=\"row\" style=\"margin-bottom: 20px;\">\n  <div class=\"col-sm-12 col-md-6\">\n    <span class=\"wpcf7-form-control-wrap\" data-name=\"your-email\"><input size=\"40\" maxlength=\"400\" class=\"wpcf7-form-control wpcf7-email wpcf7-validates-as-required wpcf7-text wpcf7-validates-as-email\" autocomplete=\"off\" aria-required=\"true\" aria-invalid=\"false\" placeholder=\"Email Address*\" value=\"\" type=\"email\" name=\"your-email\" \/><\/span>\n  <\/div>\n  <div class=\"col-sm-12 col-md-6\">\n    <span class=\"wpcf7-form-control-wrap\" data-name=\"your-website\"><input size=\"40\" maxlength=\"400\" class=\"wpcf7-form-control wpcf7-text\" autocomplete=\"off\" aria-invalid=\"false\" placeholder=\"Site web\" value=\"\" type=\"text\" name=\"your-website\" \/><\/span>\n  <\/div>\n<\/div>\n\n<div class=\"row\" style=\"margin-bottom: 20px;\">\n  <div class=\"col-sm-12 col-md-6\">\n    <label>Date de d\u00e9marrage de l'entreprise (mm\/jj\/aa)<\/label>\n    <span class=\"wpcf7-form-control-wrap\" data-name=\"your-date-business-started\"><input class=\"wpcf7-form-control wpcf7-date wpcf7-validates-as-date\" aria-invalid=\"false\" value=\"\" type=\"date\" name=\"your-date-business-started\" \/><\/span>\n  <\/div>\n<\/div>\n\n<div class=\"row\" style=\"margin-bottom: 20px;\">\n  <div class=\"col-sm-12 col-md-6\">\n    <label>Nombre de <br>Salari\u00e9s<\/label>\n    <span class=\"wpcf7-form-control-wrap\" data-name=\"your-number-of-employees\"><select class=\"wpcf7-form-control wpcf7-select wpcf7-validates-as-required\" aria-required=\"true\" aria-invalid=\"false\" name=\"your-number-of-employees\"><option value=\"\">Choose*<\/option><option value=\"Less than 10\">Moins de 10<\/option><option value=\"More than 10\">Plus de 10<\/option><\/select><\/span>\n  <\/div>\n  <div class=\"col-sm-12 col-md-6\">\n    <label>Plus de 5 millions de recettes brutes<br>d\u00e9clar\u00e9s \u00e0 l'ARC au cours du dernier exercice ?<\/label>\n    <span class=\"wpcf7-form-control-wrap\" data-name=\"your-gross-revenue\"><select class=\"wpcf7-form-control wpcf7-select wpcf7-validates-as-required\" aria-required=\"true\" aria-invalid=\"false\" name=\"your-gross-revenue\"><option value=\"\">Choose*<\/option><option value=\"Yes\">Oui<\/option><option value=\"No\">Non<\/option><\/select><\/span>\n  <\/div>\n<\/div>\n\n<div class=\"row\" style=\"margin-bottom: 40px;\">\n  <div class=\"col-sm-12\">\n    <span class=\"wpcf7-form-control-wrap\" data-name=\"your-business-mainactivities\"><textarea cols=\"40\" rows=\"10\" maxlength=\"2000\" class=\"wpcf7-form-control wpcf7-textarea\" autocomplete=\"off\" aria-invalid=\"false\" placeholder=\"D\u00e9crire l&#039;activit\u00e9 principale de l&#039;entreprise\" name=\"your-business-mainactivities\"><\/textarea><\/span>\n  <\/div>\n<\/div>\n\n<hr>\n\n<h4>BESOINS DES EMPLOY\u00c9S<\/h4>\n\n<div class=\"row\" style=\"margin-bottom: 20px;\">\n  <div class=\"col-sm-12 col-md-6\">\n    <span class=\"wpcf7-form-control-wrap\" data-name=\"your-required-job-title\"><input size=\"40\" maxlength=\"400\" class=\"wpcf7-form-control wpcf7-text\" autocomplete=\"off\" aria-invalid=\"false\" placeholder=\"Titre du poste requis\" value=\"\" type=\"text\" name=\"your-required-job-title\" \/><\/span>\n  <\/div>\n  <div class=\"col-sm-12 col-md-6\">\n    <span class=\"wpcf7-form-control-wrap\" data-name=\"your-number-workers\"><input size=\"40\" maxlength=\"400\" class=\"wpcf7-form-control wpcf7-text\" autocomplete=\"off\" aria-invalid=\"false\" placeholder=\"Nombre de travailleurs requis\" value=\"\" type=\"text\" name=\"your-number-workers\" \/><\/span>\n  <\/div>\n<\/div>\n\n<div class=\"row\" style=\"margin-bottom: 20px;\">\n  <div class=\"col-sm-12 col-md-6\">\n    <span class=\"wpcf7-form-control-wrap\" data-name=\"your-seasonal\"><select class=\"wpcf7-form-control wpcf7-select wpcf7-validates-as-required\" aria-required=\"true\" aria-invalid=\"false\" name=\"your-seasonal\"><option value=\"\">Seasonal (Between 4 and 8 months)*<\/option><option value=\"Yes\">Oui<\/option><option value=\"No\">Non<\/option><\/select><\/span>\n  <\/div>\n  <div class=\"col-sm-12 col-md-6\">\n    <span class=\"wpcf7-form-control-wrap\" data-name=\"your-morethan-one\"><select class=\"wpcf7-form-control wpcf7-select wpcf7-validates-as-required\" aria-required=\"true\" aria-invalid=\"false\" name=\"your-morethan-one\"><option value=\"\">More than 1 job title occupation to hire?*<\/option><option value=\"Yes\">Oui<\/option><option value=\"No\">Non<\/option><\/select><\/span>\n  <\/div>\n<\/div>\n\n<div class=\"row\" style=\"margin-bottom: 20px;\">\n  <div class=\"col-sm-12 col-md-6\">\n    <span class=\"wpcf7-form-control-wrap\" data-name=\"your-extra-job-title-1\"><input size=\"40\" maxlength=\"400\" class=\"wpcf7-form-control wpcf7-text\" autocomplete=\"off\" aria-invalid=\"false\" placeholder=\"Job Title 2 (If YES to more than 1 job)\" value=\"\" type=\"text\" name=\"your-extra-job-title-1\" \/><\/span>\n  <\/div>\n  <div class=\"col-sm-12 col-md-6\">\n    <span class=\"wpcf7-form-control-wrap\" data-name=\"your-extra-job-title-2\"><input size=\"40\" maxlength=\"400\" class=\"wpcf7-form-control wpcf7-text\" autocomplete=\"off\" aria-invalid=\"false\" placeholder=\"Job Title 3 (If YES to more than 2 job)\" value=\"\" type=\"text\" name=\"your-extra-job-title-2\" \/><\/span>\n  <\/div>\n<\/div>\n\n<div class=\"row\" style=\"margin-bottom: 40px;\">\n  <div class=\"col-sm-12\">\n    <span class=\"wpcf7-form-control-wrap\" data-name=\"your-brief-job-description\"><textarea cols=\"40\" rows=\"10\" maxlength=\"2000\" class=\"wpcf7-form-control wpcf7-textarea\" autocomplete=\"off\" aria-invalid=\"false\" placeholder=\"Br\u00e8ve description du poste\" name=\"your-brief-job-description\"><\/textarea><\/span>\n  <\/div>\n<\/div>\n\n<hr>\n\n<h4>CE QU'IL FAUT SAVOIR<\/h4>\n\n<div class=\"row\" style=\"margin-bottom: 10px;\">\n  <div class=\"col-sm-12\">\n    <label><strong>Pour une premi\u00e8re demande, vous devez pr\u00e9senter au moins l'un de ces documents pour les deux ann\u00e9es pr\u00e9c\u00e9dentes afin de prouver que vous pouvez remplir les conditions de l'offre d'emploi :<\/strong><\/label>\n  <\/div>\n<\/div>\n\n<div class=\"row\">\n  <div class=\"col-sm-12\" style=\"margin-bottom: 30px;\">\n    <ul>\n      <li>T2 Schedule 100 Information sur le bilan et T2 Schedule 125 Information sur le compte de r\u00e9sultat.<\/li>\n      <li>T2042 D\u00e9claration des activit\u00e9s agricoles (caviarder le num\u00e9ro d'assurance sociale).<\/li>\n      <li>T2125 D\u00e9claration d'activit\u00e9s commerciales ou professionnelles (caviarder le num\u00e9ro d'assurance sociale).<\/li>\n      <li>Your CRA notice of assessment and documentation showing your income exceeds the low income cut-off if hiring for household duties.<\/li>\n    <\/ul>\n  <\/div>\n<\/div>\n\n<div class=\"row\" style=\"margin-bottom: 20px;\">\n  <div class=\"col-sm-12\">\n    Si vous ne remplissez pas toutes les conditions, vous devez soumettre une demande d'asile. <strong>lettre d'attestation<\/strong> from a financial institution confirming that your business is in good financial standing and will be able to meet all financial obligations.\n  <\/div>\n<\/div>\n\n<div class=\"row\" style=\"margin-bottom: 20px;\">\n  <div class=\"col-sm-12\">\n    <label><strong>Lettre d'attestation<\/strong><\/label>\n  <\/div>\n<\/div>\n\n<div class=\"row\" style=\"margin-bottom: 20px;\">\n  <div class=\"col-sm-12\">\n    Le <strong>Lettre d'attestation<\/strong> must confirm that your business is in good financial standing, that it will be able to meet all financial obligations to any temporary foreign worker you hire, and is engaged in a legal business that provides a good or service in Canada.\n  <\/div>\n<\/div>\n\n<div class=\"row\" style=\"margin-bottom: 10px;\">\n  <div class=\"col-sm-12\">\n    <label><strong>Autres documents requis<\/strong><\/label>\n    <ul>\n      <li>Enregistrement provincial pour l'embauche de travailleurs \u00e9trangers (le cas \u00e9ch\u00e9ant)<\/li>\n      <li>Pi\u00e8ce d'identit\u00e9 et justificatif du repr\u00e9sentant l\u00e9gal de l'entreprise<\/li>\n    <\/ul>\n  <\/div>\n<\/div>\n\n<div class=\"row\" style=\"margin-bottom: 10px;\">\n  <div class=\"col-sm-12\">\n    <label><strong>AND you must submit at least one of these documents to demonstrate that you have a legal business that provides a good or service in Canada:<\/strong><\/label>\n  <\/div>\n<\/div>\n\n<div class=\"row\">\n  <div class=\"col-sm-12\" style=\"margin-bottom: 40px;\">\n    <ul>\n      <li>Licence d'exploitation municipale, provinciale ou territoriale.<\/li>\n      <li>T4 R\u00e9sum\u00e9 des r\u00e9mun\u00e9rations vers\u00e9es.<\/li>\n      <li>PD7A Relev\u00e9 de compte pour les retenues \u00e0 la source courantes<\/li>\n    <\/ul>\n  <\/div>\n<\/div>\n\n<hr>\n\n<h4>FERMES UNIQUEMENT<\/h4>\n\n<div class=\"row\" style=\"margin-bottom: 20px;\">\n  <div class=\"col-sm-12 col-md-6\">\n    <span class=\"wpcf7-form-control-wrap\" data-name=\"your-crop\"><input size=\"40\" maxlength=\"400\" class=\"wpcf7-form-control wpcf7-text\" autocomplete=\"off\" aria-invalid=\"false\" placeholder=\"Votre culture\" value=\"\" type=\"text\" name=\"your-crop\" \/><\/span>\n  <\/div>\n  <div class=\"col-sm-12 col-md-6\">\n    <span class=\"wpcf7-form-control-wrap\" data-name=\"your-acreage\"><input size=\"40\" maxlength=\"400\" class=\"wpcf7-form-control wpcf7-text\" autocomplete=\"off\" aria-invalid=\"false\" placeholder=\"Superficie\" value=\"\" type=\"text\" name=\"your-acreage\" \/><\/span>\n  <\/div>\n<\/div>\n\n<div class=\"row\" style=\"margin-bottom: 20px;\">\n  <div class=\"col-sm-12 col-md-6\">\n    <span class=\"wpcf7-form-control-wrap\" data-name=\"your-commodity\"><input size=\"40\" maxlength=\"400\" class=\"wpcf7-form-control wpcf7-text\" autocomplete=\"off\" aria-invalid=\"false\" placeholder=\"Votre marchandise\" value=\"\" type=\"text\" name=\"your-commodity\" \/><\/span>\n  <\/div>\n  <div class=\"col-sm-12 col-md-6\">\n    <span class=\"wpcf7-form-control-wrap\" data-name=\"your-head\"><input size=\"40\" maxlength=\"400\" class=\"wpcf7-form-control wpcf7-text\" autocomplete=\"off\" aria-invalid=\"false\" placeholder=\"T\u00eate\" value=\"\" type=\"text\" name=\"your-head\" \/><\/span>\n  <\/div>\n<\/div>\n\n<div class=\"row\" style=\"margin-bottom: 20px;\">\n  <div class=\"col-sm-12 col-md-6\">\n    <label>Is the address where the workers will live the same as the company's address?<\/label>\n    <span class=\"wpcf7-form-control-wrap\" data-name=\"live-same-address\"><select class=\"wpcf7-form-control wpcf7-select\" aria-invalid=\"false\" name=\"live-same-address\"><option value=\"\">Choisir<\/option><option value=\"Yes\">Oui<\/option><option value=\"No\">Non<\/option><\/select><\/span>\n  <\/div>\n<\/div>\n\n<div class=\"row\" style=\"margin-bottom: 20px;\">\n  <div class=\"col-sm-12\">\n    <label>If <strong>NO<\/strong>, please provide the correct living address:<\/label>\n    <span class=\"wpcf7-form-control-wrap\" data-name=\"your-workers-place\"><input size=\"40\" maxlength=\"400\" class=\"wpcf7-form-control wpcf7-text\" autocomplete=\"off\" aria-invalid=\"false\" placeholder=\"Adresse de r\u00e9sidence des travailleurs\" value=\"\" type=\"text\" name=\"your-workers-place\" \/><\/span>\n  <\/div>\n<\/div>\n\n<div class=\"row\" style=\"margin-bottom: 60px;\">\n  <h4>PLEASE NOTE THAT SERVICE CANADA REQUIRES HOUSING INSPECTIONS WITHIN THE LAST 8 MONTHS FROM A BCAC CERTIFIED INSPECTOR.<\/h4>\n<\/div>\n\n<div class=\"row\">\n  <div class=\"col-sm-12\">\n    <input class=\"wpcf7-form-control wpcf7-submit has-spinner theme-btn theme-color-2 slideInRight animated\" type=\"submit\" value=\"Envoyer\" \/>\n  <\/div>\n<\/div><div class=\"wpcf7-response-output\" aria-hidden=\"true\"><\/div>\n<input type=\"hidden\" name=\"trp-form-language\" value=\"fr\"\/><\/form>\n<\/div>\n<\/div>\n\t\t\t\t\t\t<\/div>\n\t\t\t\t<\/div>\n\t\t\t\t<div class=\"elementor-element elementor-element-2726bc6 elementor-widget elementor-widget-html\" data-id=\"2726bc6\" data-element_type=\"widget\" data-widget_type=\"html.default\">\n\t\t\t\t<div class=\"elementor-widget-container\">\n\t\t\t\t\t<script>\ndocument.addEventListener('DOMContentLoaded', function() {\n  const fileInputs = document.querySelectorAll('.file-input');\n  \n  fileInputs.forEach(input => {\n    input.addEventListener('change', function() {\n      const fileNameDisplay = this.closest('.custom-file-upload').querySelector('.file-name');\n      if (this.files.length > 0) {\n        fileNameDisplay.textContent = this.files[0].name;\n      } else {\n        fileNameDisplay.textContent = '';\n      }\n    });\n  });\n});\n<\/script>\t\t\t\t<\/div>\n\t\t\t\t<\/div>\n\t\t\t\t\t<\/div>\n\t\t\t\t<\/div>\n\t\t\t\t<\/div>","protected":false},"excerpt":{"rendered":"","protected":false},"author":1,"featured_media":0,"parent":0,"menu_order":0,"comment_status":"closed","ping_status":"closed","template":"","meta":{"inline_featured_image":false,"footnotes":""},"class_list":["post-3393","page","type-page","status-publish","hentry"],"aioseo_notices":[],"_links":{"self":[{"href":"https:\/\/elcaminocanada.com\/fr\/wp-json\/wp\/v2\/pages\/3393","targetHints":{"allow":["GET"]}}],"collection":[{"href":"https:\/\/elcaminocanada.com\/fr\/wp-json\/wp\/v2\/pages"}],"about":[{"href":"https:\/\/elcaminocanada.com\/fr\/wp-json\/wp\/v2\/types\/page"}],"author":[{"embeddable":true,"href":"https:\/\/elcaminocanada.com\/fr\/wp-json\/wp\/v2\/users\/1"}],"replies":[{"embeddable":true,"href":"https:\/\/elcaminocanada.com\/fr\/wp-json\/wp\/v2\/comments?post=3393"}],"version-history":[{"count":31,"href":"https:\/\/elcaminocanada.com\/fr\/wp-json\/wp\/v2\/pages\/3393\/revisions"}],"predecessor-version":[{"id":3952,"href":"https:\/\/elcaminocanada.com\/fr\/wp-json\/wp\/v2\/pages\/3393\/revisions\/3952"}],"wp:attachment":[{"href":"https:\/\/elcaminocanada.com\/fr\/wp-json\/wp\/v2\/media?parent=3393"}],"curies":[{"name":"wp","href":"https:\/\/api.w.org\/{rel}","templated":true}]}}